{"id":623,"date":"2015-10-19T10:27:16","date_gmt":"2015-10-19T10:27:16","guid":{"rendered":"http:\/\/simatlas.com.tr\/ru\/?page_id=623"},"modified":"2015-12-01T05:31:45","modified_gmt":"2015-12-01T05:31:45","slug":"homut-u-tipa","status":"publish","type":"page","link":"http:\/\/simatlas.com.tr\/ru\/homut-u-tipa\/","title":{"rendered":"\u0425\u043e\u043c\u0443\u0442 U-\u0442\u0438\u043f\u0430"},"content":{"rendered":"<div class=\"vc_row wpb_row vc_row-fluid\"><div class=\"wpb_column vc_column_container vc_col-sm-12\"><div class=\"wpb_wrapper\"><h2 style=\"text-align: center;font-family:Abril Fatface;font-weight:400;font-style:normal\" class=\"vc_custom_heading\">\u0425\u043e\u043c\u0443\u0442 U-\u0442\u0438\u043f\u0430 <\/h2><\/div><\/div><\/div><div class=\"vc_row wpb_row vc_row-fluid\"><div class=\"wpb_column vc_column_container vc_col-sm-6\"><div class=\"wpb_wrapper\">\n\t<div class=\"wpb_gallery wpb_content_element vc_clearfix\">\n\t\t<div class=\"wpb_wrapper\"><div class=\"wpb_gallery_slides wpb_flexslider flexslider_fade flexslider\" data-interval=\"3\" data-flex_fx=\"fade\"><ul class=\"slides\"><li><a class=\"prettyphoto\" href=\"http:\/\/simatlas.com.tr\/wp-content\/uploads\/2015\/10\/U-tipi-kelep\u00e7e-1.jpg\" rel=\"prettyPhoto[rel-623-287393327]\"><img loading=\"lazy\" decoding=\"async\" class=\"\" src=\"http:\/\/simatlas.com.tr\/wp-content\/uploads\/2015\/10\/U-tipi-kelep\u00e7e-1-400x250.jpg\" width=\"400\" height=\"250\" alt=\"U tipi kelep\u00e7e (1)\" title=\"U tipi kelep\u00e7e (1)\"\" \/><\/a><\/li><li><a class=\"prettyphoto\" href=\"http:\/\/simatlas.com.tr\/wp-content\/uploads\/2015\/10\/U-tipi-kelep\u00e7e-3.jpg\" rel=\"prettyPhoto[rel-623-287393327]\"><img loading=\"lazy\" decoding=\"async\" class=\"\" src=\"http:\/\/simatlas.com.tr\/wp-content\/uploads\/2015\/10\/U-tipi-kelep\u00e7e-3-400x250.jpg\" width=\"400\" height=\"250\" alt=\"U tipi kelep\u00e7e (3)\" title=\"U tipi kelep\u00e7e (3)\"\" \/><\/a><\/li><li><a class=\"prettyphoto\" href=\"http:\/\/simatlas.com.tr\/wp-content\/uploads\/2015\/10\/U-tipi-kelep\u00e7e-2.jpg\" rel=\"prettyPhoto[rel-623-287393327]\"><img loading=\"lazy\" decoding=\"async\" class=\"\" src=\"http:\/\/simatlas.com.tr\/wp-content\/uploads\/2015\/10\/U-tipi-kelep\u00e7e-2-400x250.jpg\" width=\"400\" height=\"250\" alt=\"U tipi kelep\u00e7e (2)\" title=\"U tipi kelep\u00e7e (2)\"\" \/><\/a><\/li><\/ul><\/div>\n\t\t<\/div> \n\t<\/div> <\/div><\/div><div class=\"wpb_column vc_column_container vc_col-sm-6\"><div class=\"wpb_wrapper\">\n\t<div class=\"wpb_text_column wpb_content_element \">\n\t\t<div class=\"wpb_wrapper\">\n\t\t\t<p><strong>\u041a\u0440\u0430\u0442\u043a\u043e\u0435 \u043e\u043f\u0438\u0441\u0430\u043d\u0438\u0435<\/strong><br \/>\n\u041d\u0430\u0437\u0432\u0430\u043d\u0438\u0435 \u043c\u043e\u0434\u0435\u043b\u0438: \u0425\u043e\u043c\u0443\u0442 U-\u0442\u0438\u043f\u0430<br \/>\n\u041f\u0440\u043e\u0438\u0437\u0432\u043e\u0434\u0441\u0442\u0432\u043e: \u0422\u0443\u0440\u0446\u0438\u044f, \u0421\u0442\u0430\u043c\u0431\u0443\u043b<br \/>\n\u041d\u0430\u0437\u0432\u0430\u043d\u0438\u0435 \u0444\u0438\u0440\u043c\u044b-\u043f\u0440\u043e\u0438\u0437\u0432\u043e\u0434\u0438\u0442\u0435\u043b\u044f: Simatlas Metal Tekstil \u0130thalat \u0130hracat San.Tic Ltd.\u015eti<br \/>\n\u0410\u0440\u0442\u0438\u043a\u0443\u043b \u043c\u043e\u0434\u0435\u043b\u0438: Kau.107-112<br \/>\n\u041d\u0430\u0438\u043c\u0435\u043d\u043e\u0432\u0430\u043d\u0438\u0435 \u0431\u0440\u0435\u043d\u0434\u0430: KALKAN<\/p>\n<p><strong>\u0421\u043f\u0435\u0446\u0438\u0444\u0438\u043a\u0430\u0446\u0438\u044f<\/strong><br \/>\n\u041c\u0430\u0442\u0435\u0440\u0438\u0430\u043b: \u0433\u0430\u043b\u044c\u0432\u0430\u043d\u0438\u0437\u0438\u0440\u043e\u0432\u0430\u043d\u043d\u0430\u044f \u0441\u0442\u0430\u043b\u044c<br \/>\n\u0426\u0432\u0435\u0442: \u0441\u0435\u0440\u0435\u0431\u0440\u0438\u0441\u0442\u0430\u044f \u043f\u043b\u0430\u043a\u0438\u0440\u043e\u0432\u043a\u0430<br \/>\n\u041e\u0431\u0449\u0430\u044f \u043f\u0440\u043e\u043f\u0443\u0441\u043a\u043d\u0430\u044f \u0441\u043f\u043e\u0441\u043e\u0431\u043d\u043e\u0441\u0442\u044c: \u041c 6 &#8211; \u041c 12<br \/>\n\u0423\u043f\u0430\u043a\u043e\u0432\u043a\u0430: 1 \u044f\u0449\u0438\u043a, \u0432\u043d\u0443\u0442\u0440\u0438 \u043f\u043b\u0430\u0441\u0442\u0438\u043a\u043e\u0432\u044b\u0435 \u043f\u0430\u043a\u0435\u0442\u044b<\/p>\n\n\t\t<\/div> \n\t<\/div> \t<div class=\"vc_btn3-container vc_btn3-inline\"><a class=\"vc_general vc_btn3 vc_btn3-size-md vc_btn3-shape-rounded vc_btn3-style-3d vc_btn3-color-grey\" href=\"http:\/\/simatlas.com.tr\/ru\/kontakty\/\" title=\"\" target=\"_self\">\u0424\u043e\u0440\u043c\u0430 \u0437\u0430\u043a\u0430\u0437\u0430<\/a><\/div><\/div><\/div><\/div><div class=\"vc_row wpb_row vc_row-fluid\"><div class=\"wpb_column vc_column_container vc_col-sm-12\"><div class=\"wpb_wrapper\">\n\t<div class=\"wpb_text_column wpb_content_element  vc_custom_1448947862342\">\n\t\t<div class=\"wpb_wrapper\">\n\t\t\t<table width=\"891\">\n<tbody>\n<tr>\n<td width=\"144\"><strong>NOM\u0130NAL<\/strong><\/td>\n<td width=\"195\"><strong>O.D.OF P\u0130PE\/<\/strong><\/td>\n<td width=\"77\"><strong>\u00a0<\/strong><\/td>\n<td width=\"134\"><strong>\u015eAPKA<\/strong><\/td>\n<td width=\"112\"><strong>\u0411\u041e\u041b\u0422<\/strong><\/td>\n<td width=\"158\"><strong>\u0417\u0423\u0411<\/strong><\/td>\n<td width=\"71\"><strong>\u00a0<\/strong><\/td>\n<\/tr>\n<tr>\n<td><strong>\u0422\u0420\u0423\u0411\u0410<\/strong><\/td>\n<td><strong>\u0428\u041b\u0410\u041d\u0413\/\u0422\u0420\u0423\u0411\u0410<\/strong><\/td>\n<td><strong>\u00a0<\/strong><\/td>\n<td><strong>\u0422\u041e\u041b\u0429\u0418\u041d\u0410<\/strong><\/td>\n<td><strong>METR\u0130C<\/strong><\/td>\n<td><strong>\u0414\u041b\u0418\u041d\u0410<\/strong><\/td>\n<td><strong>BOY<\/strong><\/td>\n<\/tr>\n<tr>\n<td><strong>\u0130NCH<\/strong><\/td>\n<td><strong>MM<\/strong><\/td>\n<td><strong>c<\/strong><\/td>\n<td><strong>\u00a0<\/strong><\/td>\n<td><strong>M<\/strong><\/td>\n<td><strong>B<\/strong><\/td>\n<td><strong>H<\/strong><\/td>\n<\/tr>\n<tr>\n<td>1 \/ 2&#8243;<\/td>\n<td>21..3<\/td>\n<td>24<\/td>\n<td>1,50 mm<\/td>\n<td>8<\/td>\n<td>50<\/td>\n<td>80<\/td>\n<\/tr>\n<tr>\n<td>3\/4&#8243;<\/td>\n<td>26..9<\/td>\n<td>30<\/td>\n<td>1.50 mm<\/td>\n<td>8<\/td>\n<td>50<\/td>\n<td>90<\/td>\n<\/tr>\n<tr>\n<td>1&#8243;<\/td>\n<td>33,7<\/td>\n<td>37<\/td>\n<td>2.00 mm<\/td>\n<td>8<\/td>\n<td>55<\/td>\n<td>100<\/td>\n<\/tr>\n<tr>\n<td>1 1\/4&#8243;<\/td>\n<td>42,4<\/td>\n<td>46<\/td>\n<td>2.00 mm<\/td>\n<td>8<\/td>\n<td>60<\/td>\n<td>110<\/td>\n<\/tr>\n<tr>\n<td>1 1\/2&#8243;<\/td>\n<td>48,3<\/td>\n<td>52<\/td>\n<td>2.00 mm<\/td>\n<td>8<\/td>\n<td>70<\/td>\n<td>120<\/td>\n<\/tr>\n<tr>\n<td>2&#8243;<\/td>\n<td>60,3<\/td>\n<td>64<\/td>\n<td>2.20 mm<\/td>\n<td>8<\/td>\n<td>75<\/td>\n<td>130<\/td>\n<\/tr>\n<\/tbody>\n<\/table>\n\n\t\t<\/div> \n\t<\/div> <\/div><\/div><\/div>\n","protected":false},"excerpt":{"rendered":"\u0425\u043e\u043c\u0443\u0442 U-\u0442\u0438\u043f\u0430","protected":false},"author":1,"featured_media":0,"parent":0,"menu_order":0,"comment_status":"open","ping_status":"open","template":"","meta":{"footnotes":""},"_links":{"self":[{"href":"http:\/\/simatlas.com.tr\/ru\/wp-json\/wp\/v2\/pages\/623"}],"collection":[{"href":"http:\/\/simatlas.com.tr\/ru\/wp-json\/wp\/v2\/pages"}],"about":[{"href":"http:\/\/simatlas.com.tr\/ru\/wp-json\/wp\/v2\/types\/page"}],"author":[{"embeddable":true,"href":"http:\/\/simatlas.com.tr\/ru\/wp-json\/wp\/v2\/users\/1"}],"replies":[{"embeddable":true,"href":"http:\/\/simatlas.com.tr\/ru\/wp-json\/wp\/v2\/comments?post=623"}],"version-history":[{"count":9,"href":"http:\/\/simatlas.com.tr\/ru\/wp-json\/wp\/v2\/pages\/623\/revisions"}],"predecessor-version":[{"id":905,"href":"http:\/\/simatlas.com.tr\/ru\/wp-json\/wp\/v2\/pages\/623\/revisions\/905"}],"wp:attachment":[{"href":"http:\/\/simatlas.com.tr\/ru\/wp-json\/wp\/v2\/media?parent=623"}],"curies":[{"name":"wp","href":"https:\/\/api.w.org\/{rel}","templated":true}]}}