{"id":622,"date":"2015-10-19T10:27:11","date_gmt":"2015-10-19T10:27:11","guid":{"rendered":"http:\/\/simatlas.com.tr\/ru\/?page_id=622"},"modified":"2023-10-21T09:09:24","modified_gmt":"2023-10-21T09:09:24","slug":"homut-dlya-shlanga-evrostandart","status":"publish","type":"page","link":"http:\/\/simatlas.com.tr\/ru\/homut-dlya-shlanga-evrostandart\/","title":{"rendered":"\u0425\u043e\u043c\u0443\u0442 \u0434\u043b\u044f \u0448\u043b\u0430\u043d\u0433\u0430 \u0435\u0432\u0440\u043e\u0441\u0442\u0430\u043d\u0434\u0430\u0440\u0442"},"content":{"rendered":"<div class=\"vc_row wpb_row vc_row-fluid\"><div class=\"wpb_column vc_column_container vc_col-sm-12\"><div class=\"wpb_wrapper\"><h2 style=\"text-align: center;font-family:Abril Fatface;font-weight:400;font-style:normal\" class=\"vc_custom_heading\">\u0425\u043e\u043c\u0443\u0442 \u0434\u043b\u044f \u0448\u043b\u0430\u043d\u0433\u0430 \u0435\u0432\u0440\u043e\u0441\u0442\u0430\u043d\u0434\u0430\u0440\u0442<\/h2><\/div><\/div><\/div><div class=\"vc_row wpb_row vc_row-fluid\"><div class=\"wpb_column vc_column_container vc_col-sm-6\"><div class=\"wpb_wrapper\">\n\t<div class=\"wpb_gallery wpb_content_element vc_clearfix\">\n\t\t<div class=\"wpb_wrapper\"><div class=\"wpb_gallery_slides wpb_flexslider flexslider_fade flexslider\" data-interval=\"3\" data-flex_fx=\"fade\"><ul class=\"slides\"><li><a class=\"prettyphoto\" href=\"http:\/\/simatlas.com.tr\/wp-content\/uploads\/2015\/09\/ayarl\u0131-kelep\u00e7e-sim-atlas-6-1024x680.jpg\" rel=\"prettyPhoto[rel-622-1972820404]\"><img loading=\"lazy\" decoding=\"async\" class=\"\" src=\"http:\/\/simatlas.com.tr\/wp-content\/uploads\/2015\/09\/ayarl\u0131-kelep\u00e7e-sim-atlas-6-400x250.jpg\" width=\"400\" height=\"250\" alt=\"ayarl\u0131 kelep\u00e7e sim atlas (6)\" title=\"ayarl\u0131 kelep\u00e7e sim atlas (6)\"\" \/><\/a><\/li><li><a class=\"prettyphoto\" href=\"http:\/\/simatlas.com.tr\/wp-content\/uploads\/2015\/09\/ayarl\u0131-kelep\u00e7e-sim-atlas-1024x693.jpg\" rel=\"prettyPhoto[rel-622-1972820404]\"><img loading=\"lazy\" decoding=\"async\" class=\"\" src=\"http:\/\/simatlas.com.tr\/wp-content\/uploads\/2015\/09\/ayarl\u0131-kelep\u00e7e-sim-atlas-400x250.jpg\" width=\"400\" height=\"250\" alt=\"ayarl\u0131 kelep\u00e7e sim atlas\" title=\"ayarl\u0131 kelep\u00e7e sim atlas\"\" \/><\/a><\/li><li><a class=\"prettyphoto\" href=\"http:\/\/simatlas.com.tr\/wp-content\/uploads\/2015\/09\/ayarl\u0131-kelep\u00e7e-sim-atlas-5-1024x680.jpg\" rel=\"prettyPhoto[rel-622-1972820404]\"><img loading=\"lazy\" decoding=\"async\" class=\"\" src=\"http:\/\/simatlas.com.tr\/wp-content\/uploads\/2015\/09\/ayarl\u0131-kelep\u00e7e-sim-atlas-5-400x250.jpg\" width=\"400\" height=\"250\" alt=\"ayarl\u0131 kelep\u00e7e sim atlas (5)\" title=\"ayarl\u0131 kelep\u00e7e sim atlas (5)\"\" \/><\/a><\/li><li><a class=\"prettyphoto\" href=\"http:\/\/simatlas.com.tr\/wp-content\/uploads\/2015\/09\/ayarl\u0131-kelep\u00e7e-sim-atlas-4-1024x680.jpg\" rel=\"prettyPhoto[rel-622-1972820404]\"><img loading=\"lazy\" decoding=\"async\" class=\"\" src=\"http:\/\/simatlas.com.tr\/wp-content\/uploads\/2015\/09\/ayarl\u0131-kelep\u00e7e-sim-atlas-4-400x250.jpg\" width=\"400\" height=\"250\" alt=\"ayarl\u0131 kelep\u00e7e sim atlas (4)\" title=\"ayarl\u0131 kelep\u00e7e sim atlas (4)\"\" \/><\/a><\/li><li><a class=\"prettyphoto\" href=\"http:\/\/simatlas.com.tr\/wp-content\/uploads\/2015\/09\/ayarl\u0131-kelep\u00e7e-sim-atlas-2-1024x680.jpg\" rel=\"prettyPhoto[rel-622-1972820404]\"><img loading=\"lazy\" decoding=\"async\" class=\"\" src=\"http:\/\/simatlas.com.tr\/wp-content\/uploads\/2015\/09\/ayarl\u0131-kelep\u00e7e-sim-atlas-2-400x250.jpg\" width=\"400\" height=\"250\" alt=\"ayarl\u0131 kelep\u00e7e sim atlas (2)\" title=\"ayarl\u0131 kelep\u00e7e sim atlas (2)\"\" \/><\/a><\/li><\/ul><\/div>\n\t\t<\/div> \n\t<\/div> <\/div><\/div><div class=\"wpb_column vc_column_container vc_col-sm-6\"><div class=\"wpb_wrapper\">\n\t<div class=\"wpb_text_column wpb_content_element \">\n\t\t<div class=\"wpb_wrapper\">\n\t\t\t<p><strong>\u041a\u0440\u0430\u0442\u043a\u043e\u0435 \u043e\u043f\u0438\u0441\u0430\u043d\u0438\u0435<\/strong><br \/>\n\u041d\u0430\u0437\u0432\u0430\u043d\u0438\u0435 \u043c\u043e\u0434\u0435\u043b\u0438: \u0425\u043e\u043c\u0443\u0442 \u0434\u043b\u044f \u0448\u043b\u0430\u043d\u0433\u0430 \u0435\u0432\u0440\u043e \u0441\u0442\u0430\u043d\u0434\u0430\u0440\u0442<br \/>\n\u041f\u0440\u043e\u0438\u0437\u0432\u043e\u0434\u0441\u0442\u0432\u043e: \u0422\u0443\u0440\u0446\u0438\u044f, \u0421\u0442\u0430\u043c\u0431\u0443\u043b<br \/>\n\u041d\u0430\u0437\u0432\u0430\u043d\u0438\u0435 \u0444\u0438\u0440\u043c\u044b-\u043f\u0440\u043e\u0438\u0437\u0432\u043e\u0434\u0438\u0442\u0435\u043b\u044f: Simatlas Metal Tekstil \u0130thalat \u0130hracat San.Tic Ltd.\u015eti<br \/>\n\u0410\u0440\u0442\u0438\u043a\u0443\u043b \u043c\u043e\u0434\u0435\u043b\u0438: KAT.101-140<br \/>\n\u041d\u0430\u0438\u043c\u0435\u043d\u043e\u0432\u0430\u043d\u0438\u0435 \u0431\u0440\u0435\u043d\u0434\u0430: KALKAN<\/p>\n<p><strong>\u0421\u043f\u0435\u0446\u0438\u0444\u0438\u043a\u0430\u0446\u0438\u044f<\/strong><br \/>\n\u041c\u0430\u0442\u0435\u0440\u0438\u0430\u043b: \u0443\u0433\u043b\u0435\u0440\u043e\u0434\u0438\u0441\u0442\u0430\u044f \u0441\u0442\u0430\u043b\u044c<br \/>\n\u0426\u0432\u0435\u0442: \u043e\u0446\u0438\u043d\u043a\u043e\u0432\u0430\u043d\u043d\u044b\u0439<br \/>\n\u0423\u043f\u0430\u043a\u043e\u0432\u043a\u0430: 1 \u044f\u0449\u0438\u043a, 2-4 \u043a\u0430\u0440\u0442\u043e\u043d\u043d\u044b\u0445 \u043a\u043e\u0440\u043e\u0431\u043a\u0438 \u0432\u043d\u0443\u0442\u0440\u0438<\/p>\n\n\t\t<\/div> \n\t<\/div> \t<div class=\"vc_btn3-container vc_btn3-inline\"><a class=\"vc_general vc_btn3 vc_btn3-size-md vc_btn3-shape-rounded vc_btn3-style-3d vc_btn3-color-grey\" href=\"http:\/\/simatlas.com.tr\/ru\/kontakty\/\" title=\"\" target=\"_self\">\u0424\u043e\u0440\u043c\u0430 \u0437\u0430\u043a\u0430\u0437\u0430<\/a><\/div><\/div><\/div><\/div><div class=\"vc_row wpb_row vc_row-fluid\"><div class=\"wpb_column vc_column_container vc_col-sm-12\"><div class=\"wpb_wrapper\">\n\t<div class=\"wpb_text_column wpb_content_element  vc_custom_1582638964823\">\n\t\t<div class=\"wpb_wrapper\">\n\t\t\t<table width=\"486\">\n<tbody>\n<tr>\n<td width=\"81\"><strong>\u00d6L\u00c7\u00dc<\/strong><\/td>\n<td width=\"64\"><strong>BANT<\/strong><\/td>\n<td width=\"64\"><strong>C\u0130VATA<\/strong><\/td>\n<td width=\"69\"><strong>\u0130C KUTU<\/strong><\/td>\n<td width=\"80\"><strong>DI\u015e KUTU<\/strong><\/td>\n<td width=\"64\"><strong>A\u011eIRLIK<\/strong><\/td>\n<td width=\"64\"><strong>F\u0130YAT<\/strong><\/td>\n<\/tr>\n<tr>\n<td><strong>SIZE<\/strong><\/td>\n<td><strong>BAND<\/strong><\/td>\n<td><strong>BOLT<\/strong><\/td>\n<td><strong>PCS*BOX<\/strong><\/td>\n<td><strong>OUTER BOX<\/strong><\/td>\n<td><strong>WE\u0130GHT<\/strong><\/td>\n<td><strong>PR\u0130CE<\/strong><\/td>\n<\/tr>\n<tr>\n<td>15-17<\/td>\n<td rowspan=\"5\">18*0.6<\/td>\n<td rowspan=\"5\">M5*40<\/td>\n<td>50 X 4<\/td>\n<td>200<\/td>\n<td>8.70<\/td>\n<td>21,2<\/td>\n<\/tr>\n<tr>\n<td>17-19<\/td>\n<td>50 X 4<\/td>\n<td>200<\/td>\n<td>8,80<\/td>\n<td>21,4<\/td>\n<\/tr>\n<tr>\n<td>20-22<\/td>\n<td>50 X 4<\/td>\n<td>200<\/td>\n<td>8,80<\/td>\n<td>21,6<\/td>\n<\/tr>\n<tr>\n<td>23-25<\/td>\n<td>50 X 4<\/td>\n<td>200<\/td>\n<td>9.40<\/td>\n<td>22,4<\/td>\n<\/tr>\n<tr>\n<td>26-28<\/td>\n<td>50 X 4<\/td>\n<td>200<\/td>\n<td>9.40<\/td>\n<td>23,6<\/td>\n<\/tr>\n<tr>\n<td>29-31<\/td>\n<td rowspan=\"5\">20*0.8<\/td>\n<td rowspan=\"5\">M6*50<\/td>\n<td>50 X 4<\/td>\n<td>200<\/td>\n<td>11.50<\/td>\n<td>24,8<\/td>\n<\/tr>\n<tr>\n<td>30-33<\/td>\n<td>50 X 4<\/td>\n<td>200<\/td>\n<td>12.30<\/td>\n<td>25.0<\/td>\n<\/tr>\n<tr>\n<td>32-35<\/td>\n<td>50 X 4<\/td>\n<td>200<\/td>\n<td>12.50<\/td>\n<td>25,2<\/td>\n<\/tr>\n<tr>\n<td>36-39<\/td>\n<td>50 X 4<\/td>\n<td>200<\/td>\n<td>12.80<\/td>\n<td>25,4<\/td>\n<\/tr>\n<tr>\n<td>40-43<\/td>\n<td>50 X 4<\/td>\n<td>200<\/td>\n<td>13.80<\/td>\n<td>25,6<\/td>\n<\/tr>\n<tr>\n<td>44-47<\/td>\n<td rowspan=\"6\">22*1.2<\/td>\n<td rowspan=\"6\" width=\"64\">M8*60<\/td>\n<td>50 X 4<\/td>\n<td>200<\/td>\n<td>22.80<\/td>\n<td>31,2<\/td>\n<\/tr>\n<tr>\n<td>48-51<\/td>\n<td>50 X 4<\/td>\n<td>200<\/td>\n<td>22.90<\/td>\n<td>31,4<\/td>\n<\/tr>\n<tr>\n<td>52-55<\/td>\n<td>50 X 4<\/td>\n<td>200<\/td>\n<td>24.30<\/td>\n<td>31,6<\/td>\n<\/tr>\n<tr>\n<td>56-59<\/td>\n<td>50 X 4<\/td>\n<td>200<\/td>\n<td>24.50<\/td>\n<td>31,8<\/td>\n<\/tr>\n<tr>\n<td>60-63<\/td>\n<td>50 X 4<\/td>\n<td>200<\/td>\n<td>25.50<\/td>\n<td>32,2<\/td>\n<\/tr>\n<tr>\n<td>64-67<\/td>\n<td>50 X 2<\/td>\n<td>200<\/td>\n<td>26.50<\/td>\n<td>32,4<\/td>\n<\/tr>\n<tr>\n<td>68-73<\/td>\n<td rowspan=\"11\">24*1.5<\/td>\n<td rowspan=\"11\">M8*70<\/td>\n<td>50 X 2<\/td>\n<td>100<\/td>\n<td>26.50<\/td>\n<td>33,8<\/td>\n<\/tr>\n<tr>\n<td>74-79<\/td>\n<td>50 X 2<\/td>\n<td>100<\/td>\n<td>16.50<\/td>\n<td>34,4<\/td>\n<\/tr>\n<tr>\n<td>80-85<\/td>\n<td>25 X 4<\/td>\n<td>100<\/td>\n<td>16.50<\/td>\n<td>35,2<\/td>\n<\/tr>\n<tr>\n<td>80-88<\/td>\n<td>25 X 4<\/td>\n<td>100<\/td>\n<td>18.20<\/td>\n<td>35,4<\/td>\n<\/tr>\n<tr>\n<td>86-91<\/td>\n<td>25 X 4<\/td>\n<td>100<\/td>\n<td>18.60<\/td>\n<td>35,6<\/td>\n<\/tr>\n<tr>\n<td>89-97<\/td>\n<td>25 X 4<\/td>\n<td>100<\/td>\n<td>19.20<\/td>\n<td>35,8<\/td>\n<\/tr>\n<tr>\n<td>98-103<\/td>\n<td>25 X 4<\/td>\n<td>100<\/td>\n<td>20.30<\/td>\n<td>36,6<\/td>\n<\/tr>\n<tr>\n<td>104-112<\/td>\n<td>25 X 4<\/td>\n<td>100<\/td>\n<td>20.60<\/td>\n<td>36,6<\/td>\n<\/tr>\n<tr>\n<td>105-115<\/td>\n<td>25 X 4<\/td>\n<td>100<\/td>\n<td>21.30<\/td>\n<td>37,6<\/td>\n<\/tr>\n<tr>\n<td>113-121<\/td>\n<td>25 X 4<\/td>\n<td>100<\/td>\n<td>21.90<\/td>\n<td>37,8<\/td>\n<\/tr>\n<tr>\n<td>122-130<\/td>\n<td>25 X 4<\/td>\n<td>100<\/td>\n<td>21.50<\/td>\n<td>38,2<\/td>\n<\/tr>\n<tr>\n<td>131-143<\/td>\n<td rowspan=\"20\">26*1.7<\/td>\n<td rowspan=\"2\">M10*90<\/td>\n<td>25 X 2<\/td>\n<td>50<\/td>\n<td>15.90<\/td>\n<td>38,2<\/td>\n<\/tr>\n<tr>\n<td>140-148<\/td>\n<td>25 X 2<\/td>\n<td>50<\/td>\n<td>16.60<\/td>\n<td>38,8<\/td>\n<\/tr>\n<tr>\n<td>149-161<\/td>\n<td rowspan=\"18\">M10*100<\/td>\n<td>25 X 2<\/td>\n<td>50<\/td>\n<td>17.30<\/td>\n<td>52,6<\/td>\n<\/tr>\n<tr>\n<td>162-174<\/td>\n<td>25 X 2<\/td>\n<td>50<\/td>\n<td>18.10<\/td>\n<td>53,8<\/td>\n<\/tr>\n<tr>\n<td>175-187<\/td>\n<td>25 X 2<\/td>\n<td>50<\/td>\n<td>18.50<\/td>\n<td>54,4<\/td>\n<\/tr>\n<tr>\n<td>188-200<\/td>\n<td>25 X 2<\/td>\n<td>50<\/td>\n<td>18.50<\/td>\n<td>57,2<\/td>\n<\/tr>\n<tr>\n<td>201-213<\/td>\n<td>20 X 2<\/td>\n<td>40<\/td>\n<td>19.60<\/td>\n<td>58,4<\/td>\n<\/tr>\n<tr>\n<td>214-226<\/td>\n<td>25 X 4<\/td>\n<td>40<\/td>\n<td>17.30<\/td>\n<td>61,6<\/td>\n<\/tr>\n<tr>\n<td>227-239<\/td>\n<td>20 X 2<\/td>\n<td>40<\/td>\n<td>17.60<\/td>\n<td>64,8<\/td>\n<\/tr>\n<tr>\n<td>240-252<\/td>\n<td>20 X 2<\/td>\n<td>40<\/td>\n<td>18.20<\/td>\n<td>69,2<\/td>\n<\/tr>\n<tr>\n<td>255-270<\/td>\n<td>20 X 2<\/td>\n<td>40<\/td>\n<td>18.80<\/td>\n<td>71,6<\/td>\n<\/tr>\n<tr>\n<td>271-288<\/td>\n<td>20 X 2<\/td>\n<td>40<\/td>\n<td>19.90<\/td>\n<td>74,2<\/td>\n<\/tr>\n<tr>\n<td>289-305<\/td>\n<td>20 X 2<\/td>\n<td>40<\/td>\n<td><\/td>\n<td>76,4<\/td>\n<\/tr>\n<tr>\n<td>315-327<\/td>\n<td>20 X 2<\/td>\n<td>40<\/td>\n<td><\/td>\n<td>98<\/td>\n<\/tr>\n<tr>\n<td>323-335<\/td>\n<td>20 X 2<\/td>\n<td>40<\/td>\n<td><\/td>\n<td>102<\/td>\n<\/tr>\n<tr>\n<td>332-344<\/td>\n<td>20 X 2<\/td>\n<td>40<\/td>\n<td><\/td>\n<td>105<\/td>\n<\/tr>\n<tr>\n<td>345-357<\/td>\n<td>20 X 2<\/td>\n<td>40<\/td>\n<td><\/td>\n<td>112<\/td>\n<\/tr>\n<tr>\n<td>362-375<\/td>\n<td>10 X 2<\/td>\n<td>20<\/td>\n<td>12.90<\/td>\n<td>121<\/td>\n<\/tr>\n<tr>\n<td>375-388<\/td>\n<td>10 X 2<\/td>\n<td>20<\/td>\n<td>13.20<\/td>\n<td>134<\/td>\n<\/tr>\n<tr>\n<td>392-405<\/td>\n<td>10 X 2<\/td>\n<td>20<\/td>\n<td>13.60<\/td>\n<td>142<\/td>\n<\/tr>\n<\/tbody>\n<\/table>\n\n\t\t<\/div> \n\t<\/div> <\/div><\/div><\/div>\n","protected":false},"excerpt":{"rendered":"\u0425\u043e\u043c\u0443\u0442 \u0434\u043b\u044f \u0448\u043b\u0430\u043d\u0433\u0430 \u0435\u0432\u0440\u043e\u0441\u0442\u0430\u043d\u0434\u0430\u0440\u0442","protected":false},"author":1,"featured_media":0,"parent":0,"menu_order":0,"comment_status":"open","ping_status":"open","template":"","meta":{"footnotes":""},"_links":{"self":[{"href":"http:\/\/simatlas.com.tr\/ru\/wp-json\/wp\/v2\/pages\/622"}],"collection":[{"href":"http:\/\/simatlas.com.tr\/ru\/wp-json\/wp\/v2\/pages"}],"about":[{"href":"http:\/\/simatlas.com.tr\/ru\/wp-json\/wp\/v2\/types\/page"}],"author":[{"embeddable":true,"href":"http:\/\/simatlas.com.tr\/ru\/wp-json\/wp\/v2\/users\/1"}],"replies":[{"embeddable":true,"href":"http:\/\/simatlas.com.tr\/ru\/wp-json\/wp\/v2\/comments?post=622"}],"version-history":[{"count":13,"href":"http:\/\/simatlas.com.tr\/ru\/wp-json\/wp\/v2\/pages\/622\/revisions"}],"predecessor-version":[{"id":1406,"href":"http:\/\/simatlas.com.tr\/ru\/wp-json\/wp\/v2\/pages\/622\/revisions\/1406"}],"wp:attachment":[{"href":"http:\/\/simatlas.com.tr\/ru\/wp-json\/wp\/v2\/media?parent=622"}],"curies":[{"name":"wp","href":"https:\/\/api.w.org\/{rel}","templated":true}]}}