{"id":621,"date":"2015-10-19T10:27:07","date_gmt":"2015-10-19T10:27:07","guid":{"rendered":"http:\/\/simatlas.com.tr\/ru\/?page_id=621"},"modified":"2015-11-30T21:09:38","modified_gmt":"2015-11-30T21:09:38","slug":"%d1%83-%d0%b7%d0%b0%d0%b6%d0%b8%d0%bc-%d1%88%d0%bb%d1%8f%d0%bf%d0%b0","status":"publish","type":"page","link":"http:\/\/simatlas.com.tr\/ru\/%d1%83-%d0%b7%d0%b0%d0%b6%d0%b8%d0%bc-%d1%88%d0%bb%d1%8f%d0%bf%d0%b0\/","title":{"rendered":"\u0423 \u0437\u0430\u0436\u0438\u043c \u0448\u043b\u044f\u043f\u0430"},"content":{"rendered":"<div class=\"vc_row wpb_row vc_row-fluid\"><div class=\"wpb_column vc_column_container vc_col-sm-12\"><div class=\"wpb_wrapper\"><h2 style=\"text-align: center;font-family:Abril Fatface;font-weight:;font-style:\" class=\"vc_custom_heading\">\u0423 \u0437\u0430\u0436\u0438\u043c \u0448\u043b\u044f\u043f\u0430<\/h2><\/div><\/div><\/div><div class=\"vc_row wpb_row vc_row-fluid\"><div class=\"wpb_column vc_column_container vc_col-sm-6\"><div class=\"wpb_wrapper\">\n\t<div class=\"wpb_gallery wpb_content_element vc_clearfix\">\n\t\t<div class=\"wpb_wrapper\"><div class=\"wpb_gallery_slides wpb_flexslider flexslider_fade flexslider\" data-interval=\"3\" data-flex_fx=\"fade\"><ul class=\"slides\"><li><a class=\"prettyphoto\" href=\"http:\/\/simatlas.com.tr\/wp-content\/uploads\/2015\/10\/U-tipi-kelep\u00e7e-1.jpg\" rel=\"prettyPhoto[rel-621-2074036603]\"><img loading=\"lazy\" decoding=\"async\" class=\"\" src=\"http:\/\/simatlas.com.tr\/wp-content\/uploads\/2015\/10\/U-tipi-kelep\u00e7e-1-400x250.jpg\" width=\"400\" height=\"250\" alt=\"U tipi kelep\u00e7e (1)\" title=\"U tipi kelep\u00e7e (1)\"\" \/><\/a><\/li><li><a class=\"prettyphoto\" href=\"http:\/\/simatlas.com.tr\/wp-content\/uploads\/2015\/10\/007.jpg\" rel=\"prettyPhoto[rel-621-2074036603]\"><img loading=\"lazy\" decoding=\"async\" class=\"\" src=\"http:\/\/simatlas.com.tr\/wp-content\/uploads\/2015\/10\/007-400x250.jpg\" width=\"400\" height=\"250\" alt=\"007\" title=\"007\"\" \/><\/a><\/li><\/ul><\/div>\n\t\t<\/div> \n\t<\/div> <\/div><\/div><div class=\"wpb_column vc_column_container vc_col-sm-6\"><div class=\"wpb_wrapper\"><h4 style=\"text-align: center;font-family:Abril Fatface;font-weight:;font-style:\" class=\"vc_custom_heading\">\u0434\u043e\u043b\u0433\u043e<\/h4>\n\t<div class=\"wpb_text_column wpb_content_element \">\n\t\t<div class=\"wpb_wrapper\">\n\t\t\t<p><strong>\u041a\u0440\u0430\u0442\u043a\u043e\u0435 \u043e\u043f\u0438\u0441\u0430\u043d\u0438\u0435<br \/>\n<\/strong>\u041d\u0430\u0437\u0432\u0430\u043d\u0438\u0435 \u043c\u043e\u0434\u0435\u043b\u0438: \u0445\u043e\u043c\u0443\u0442 U-\u0442\u0438\u043f\u0430<br \/>\n\u041f\u0440\u043e\u0438\u0437\u0432\u043e\u0434\u0441\u0442\u0432\u043e: \u0422\u0443\u0440\u0446\u0438\u044f, \u0421\u0442\u0430\u043c\u0431\u0443\u043b<br \/>\n\u041d\u0430\u0437\u0432\u0430\u043d\u0438\u0435 \u0444\u0438\u0440\u043c\u044b-\u043f\u0440\u043e\u0438\u0437\u0432\u043e\u0434\u0438\u0442\u0435\u043b\u044f: Simatlas Metal Tekstil \u0130thalat \u0130hracat San.Tic Ltd.\u015eti<br \/>\n\u0410\u0440\u0442\u0438\u043a\u0443\u043b \u043c\u043e\u0434\u0435\u043b\u0438: Kau. 113-130<br \/>\n\u041d\u0430\u0438\u043c\u0435\u043d\u043e\u0432\u0430\u043d\u0438\u0435 \u0431\u0440\u044d\u043d\u0434\u0430: KALKAN<\/p>\n<p><strong>\u0421\u043f\u0435\u0446\u0438\u0444\u0438\u043a\u0430\u0446\u0438\u044f<\/strong><br \/>\n\u041c\u0430\u0442\u0435\u0440\u0438\u0430\u043b: \u0433\u0430\u043b\u044c\u0432\u0430\u043d\u0438\u0437\u0438\u0440\u043e\u0432\u0430\u043d\u043d\u0430\u044f \u0441\u0442\u0430\u043b\u044c<br \/>\n\u0426\u0432\u0435\u0442: \u0441\u0435\u0440\u0435\u0431\u0440\u0438\u0441\u0442\u0430\u044f \u043f\u043b\u0430\u043a\u0438\u0440\u043e\u0432\u043a\u0430<br \/>\n\u041e\u0431\u0449\u0430\u044f \u043f\u0440\u043e\u043f\u0443\u0441\u043a\u043d\u0430\u044f \u0441\u043f\u043e\u0441\u043e\u0431\u043d\u043e\u0441\u0442\u044c: \u041c 6 \u2013 \u041c 12<br \/>\n\u0423\u043f\u0430\u043a\u043e\u0432\u043a\u0430: 1 \u044f\u0449\u0438\u043a, \u0432\u043d\u0443\u0442\u0440\u0438 \u043f\u043b\u0430\u0441\u0442\u0438\u043a\u043e\u0432\u044b\u0435 \u043f\u0430\u043a\u0435\u0442\u044b<\/p>\n\n\t\t<\/div> \n\t<\/div> <h4 style=\"text-align: center;font-family:Abril Fatface;font-weight:;font-style:\" class=\"vc_custom_heading\">\u043a\u043e\u0440\u043e\u0442\u043a\u0430\u044f<\/h4>\n\t<div class=\"wpb_text_column wpb_content_element \">\n\t\t<div class=\"wpb_wrapper\">\n\t\t\t<p><strong>\u041a\u0440\u0430\u0442\u043a\u043e\u0435 \u043e\u043f\u0438\u0441\u0430\u043d\u0438\u0435<br \/>\n<\/strong>\u041d\u0430\u0437\u0432\u0430\u043d\u0438\u0435 \u043c\u043e\u0434\u0435\u043b\u0438: \u0445\u043e\u043c\u0443\u0442 U-\u0442\u0438\u043f\u0430<br \/>\n\u041f\u0440\u043e\u0438\u0437\u0432\u043e\u0434\u0441\u0442\u0432\u043e: \u0422\u0443\u0440\u0446\u0438\u044f, \u0421\u0442\u0430\u043c\u0431\u0443\u043b<br \/>\n\u041d\u0430\u0437\u0432\u0430\u043d\u0438\u0435 \u0444\u0438\u0440\u043c\u044b-\u043f\u0440\u043e\u0438\u0437\u0432\u043e\u0434\u0438\u0442\u0435\u043b\u044f: Simatlas Metal Tekstil \u0130thalat \u0130hracat San.Tic Ltd.\u015eti<br \/>\n\u0410\u0440\u0442\u0438\u043a\u0443\u043b \u043c\u043e\u0434\u0435\u043b\u0438:Kau.101- 106<br \/>\n\u041d\u0430\u0438\u043c\u0435\u043d\u043e\u0432\u0430\u043d\u0438\u0435 \u0431\u0440\u044d\u043d\u0434\u0430: KALKAN<\/p>\n<p><strong>\u0421\u043f\u0435\u0446\u0438\u0444\u0438\u043a\u0430\u0446\u0438\u044f<\/strong><br \/>\n\u041c\u0430\u0442\u0435\u0440\u0438\u0430\u043b: \u0433\u0430\u043b\u044c\u0432\u0430\u043d\u0438\u0437\u0438\u0440\u043e\u0432\u0430\u043d\u043d\u0430\u044f \u0441\u0442\u0430\u043b\u044c<br \/>\n\u0426\u0432\u0435\u0442: \u0441\u0435\u0440\u0435\u0431\u0440\u0438\u0441\u0442\u0430\u044f \u043f\u043b\u0430\u043a\u0438\u0440\u043e\u0432\u043a\u0430<br \/>\n\u041e\u0431\u0449\u0430\u044f \u043f\u0440\u043e\u043f\u0443\u0441\u043a\u043d\u0430\u044f \u0441\u043f\u043e\u0441\u043e\u0431\u043d\u043e\u0441\u0442\u044c: \u041c 6 \u2013 \u041c 12<br \/>\n\u0423\u043f\u0430\u043a\u043e\u0432\u043a\u0430: 1 \u044f\u0449\u0438\u043a, \u0432\u043d\u0443\u0442\u0440\u0438 \u043f\u043b\u0430\u0441\u0442\u0438\u043a\u043e\u0432\u044b\u0435 \u043f\u0430\u043a\u0435\u0442\u044b<\/p>\n\n\t\t<\/div> \n\t<\/div> \t<div class=\"vc_btn3-container vc_btn3-inline\"><a class=\"vc_general vc_btn3 vc_btn3-size-md vc_btn3-shape-rounded vc_btn3-style-3d vc_btn3-color-grey\" href=\"http:\/\/simatlas.com.tr\/ru\/kontakty\/\" title=\"\" target=\"_self\">\u0424\u043e\u0440\u043c\u0430 \u0437\u0430\u043a\u0430\u0437\u0430<\/a><\/div><\/div><\/div><\/div><div class=\"vc_row wpb_row vc_row-fluid\"><div class=\"wpb_column vc_column_container vc_col-sm-12\"><div class=\"wpb_wrapper\"><h2 style=\"text-align: left;font-family:Abril Fatface;font-weight:;font-style:\" class=\"vc_custom_heading\">\u0434\u043e\u043b\u0433\u043e<\/h2>\n\t<div class=\"wpb_text_column wpb_content_element  vc_custom_1444050084331\">\n\t\t<div class=\"wpb_wrapper\">\n\t\t\t<table width=\"1000\">\n<tbody>\n<tr>\n<td width=\"144\"><strong>NOM\u0130NAL<\/strong><\/td>\n<td width=\"195\"><strong>O.D.OF P\u0130PE\/<\/strong><\/td>\n<td width=\"77\"><strong>\u00a0<\/strong><\/td>\n<td width=\"134\"><strong>\u015eAPKA<\/strong><\/td>\n<td width=\"112\"><strong>BOLT<\/strong><\/td>\n<td width=\"158\"><strong>D\u0130\u015e<\/strong><\/td>\n<td width=\"71\"><strong>\u00a0<\/strong><\/td>\n<td width=\"109\"><strong>\u00a0<\/strong><\/td>\n<\/tr>\n<tr>\n<td><strong>P\u0130PE<\/strong><\/td>\n<td><strong>HOSE\/TUBE<\/strong><\/td>\n<td><strong>\u00a0<\/strong><\/td>\n<td><strong>KALINLIK<\/strong><\/td>\n<td><strong>METR\u0130C<\/strong><\/td>\n<td><strong>UZUNLU\u011eU<\/strong><\/td>\n<td><strong>BOY<\/strong><\/td>\n<td><strong>F\u0130YAT<\/strong><\/td>\n<\/tr>\n<tr>\n<td><strong>\u0130NCH<\/strong><\/td>\n<td><strong>MM<\/strong><\/td>\n<td><strong>c<\/strong><\/td>\n<td><strong>\u00a0<\/strong><\/td>\n<td><strong>M<\/strong><\/td>\n<td><strong>B<\/strong><\/td>\n<td><strong>H<\/strong><\/td>\n<td><strong>TL<\/strong><\/td>\n<\/tr>\n<tr>\n<td>1 \/ 2&#8243;<\/td>\n<td>21..3<\/td>\n<td>24<\/td>\n<td>X<\/td>\n<td>8<\/td>\n<td>50<\/td>\n<td>80<\/td>\n<td>1,542<\/td>\n<\/tr>\n<tr>\n<td>3\/4&#8243;<\/td>\n<td>26..9<\/td>\n<td>30<\/td>\n<td>X<\/td>\n<td>8<\/td>\n<td>50<\/td>\n<td>90<\/td>\n<td>1,654<\/td>\n<\/tr>\n<tr>\n<td>1&#8243;<\/td>\n<td>33,7<\/td>\n<td>37<\/td>\n<td>X<\/td>\n<td>8<\/td>\n<td>55<\/td>\n<td>100<\/td>\n<td>1,988<\/td>\n<\/tr>\n<tr>\n<td>1 1\/4&#8243;<\/td>\n<td>42,4<\/td>\n<td>46<\/td>\n<td>X<\/td>\n<td>8<\/td>\n<td>60<\/td>\n<td>110<\/td>\n<td>2,226<\/td>\n<\/tr>\n<tr>\n<td>1 1\/2&#8243;<\/td>\n<td>48,3<\/td>\n<td>52<\/td>\n<td>X<\/td>\n<td>8<\/td>\n<td>70<\/td>\n<td>120<\/td>\n<td>2,652<\/td>\n<\/tr>\n<tr>\n<td>2&#8243;<\/td>\n<td>60,3<\/td>\n<td>64<\/td>\n<td>X<\/td>\n<td>8<\/td>\n<td>75<\/td>\n<td>130<\/td>\n<td>2,754<\/td>\n<\/tr>\n<\/tbody>\n<\/table>\n\n\t\t<\/div> \n\t<\/div> <h2 style=\"text-align: left;font-family:Abril Fatface;font-weight:;font-style:\" class=\"vc_custom_heading\">\u043a\u043e\u0440\u043e\u0442\u043a\u0430\u044f<\/h2>\n\t<div class=\"wpb_text_column wpb_content_element  vc_custom_1444039652941\">\n\t\t<div class=\"wpb_wrapper\">\n\t\t\t<table width=\"891\">\n<tbody>\n<tr>\n<td width=\"144\"><strong>NOM\u0130NAL<\/strong><\/td>\n<td width=\"195\"><strong>O.D.OF P\u0130PE\/<\/strong><\/td>\n<td width=\"77\"><strong>\u00a0<\/strong><\/td>\n<td width=\"134\"><strong>\u015eAPKA<\/strong><\/td>\n<td width=\"112\"><strong>BOLT<\/strong><\/td>\n<td width=\"158\"><strong>D\u0130\u015e<\/strong><\/td>\n<td width=\"71\"><strong>\u00a0<\/strong><\/td>\n<\/tr>\n<tr>\n<td><strong>P\u0130PE<\/strong><\/td>\n<td><strong>HOSE\/TUBE<\/strong><\/td>\n<td><strong>\u00a0<\/strong><\/td>\n<td><strong>KALINLIK<\/strong><\/td>\n<td><strong>METR\u0130C<\/strong><\/td>\n<td><strong>UZUNLU\u011eU<\/strong><\/td>\n<td><strong>BOY<\/strong><\/td>\n<\/tr>\n<tr>\n<td><strong>\u0130NCH<\/strong><\/td>\n<td><strong>MM<\/strong><\/td>\n<td><strong>C<\/strong><\/td>\n<td><strong>X<\/strong><\/td>\n<td><strong>M<\/strong><\/td>\n<td><strong>B<\/strong><\/td>\n<td><strong>H<\/strong><\/td>\n<\/tr>\n<tr>\n<td>1 \/ 2&#8243;<\/td>\n<td>21..3<\/td>\n<td>24<\/td>\n<td>X<\/td>\n<td>6<\/td>\n<td>50<\/td>\n<td>50<\/td>\n<\/tr>\n<tr>\n<td>3\/4&#8243;<\/td>\n<td>26..9<\/td>\n<td>30<\/td>\n<td>X<\/td>\n<td>6<\/td>\n<td>50<\/td>\n<td>60<\/td>\n<\/tr>\n<tr>\n<td>1 &#8220;<\/td>\n<td>33,7<\/td>\n<td>37<\/td>\n<td>X<\/td>\n<td>8<\/td>\n<td>55<\/td>\n<td>70<\/td>\n<\/tr>\n<tr>\n<td>1 1\/4&#8243;<\/td>\n<td>42,4<\/td>\n<td>46<\/td>\n<td>X<\/td>\n<td>8<\/td>\n<td>60<\/td>\n<td>80<\/td>\n<\/tr>\n<tr>\n<td>1 1\/2&#8243;<\/td>\n<td>48,3<\/td>\n<td>52<\/td>\n<td>X<\/td>\n<td>8<\/td>\n<td>70<\/td>\n<td>90<\/td>\n<\/tr>\n<tr>\n<td>2 &#8220;<\/td>\n<td>60,3<\/td>\n<td>64<\/td>\n<td>X<\/td>\n<td>8<\/td>\n<td>75<\/td>\n<td>100<\/td>\n<\/tr>\n<tr>\n<td>2 &#8220;<\/td>\n<td>60,3<\/td>\n<td>64<\/td>\n<td>X<\/td>\n<td>10<\/td>\n<td>75<\/td>\n<td>100<\/td>\n<\/tr>\n<tr>\n<td>2 1\/2&#8243;<\/td>\n<td>76,1<\/td>\n<td>80<\/td>\n<td>X<\/td>\n<td>8<\/td>\n<td>80<\/td>\n<td>120<\/td>\n<\/tr>\n<tr>\n<td>2 1\/2&#8243;<\/td>\n<td>76,1<\/td>\n<td>80<\/td>\n<td>X<\/td>\n<td>10<\/td>\n<td>80<\/td>\n<td>120<\/td>\n<\/tr>\n<tr>\n<td>3&#8243;<\/td>\n<td>88,9<\/td>\n<td>94<\/td>\n<td>X<\/td>\n<td>10<\/td>\n<td>85<\/td>\n<td>140<\/td>\n<\/tr>\n<tr>\n<td>3&#8243;<\/td>\n<td>88,9<\/td>\n<td>94<\/td>\n<td>X<\/td>\n<td>12<\/td>\n<td>85<\/td>\n<td>140<\/td>\n<\/tr>\n<tr>\n<td>3 1\/2&#8243;<\/td>\n<td>101,6<\/td>\n<td>106<\/td>\n<td>X<\/td>\n<td>10<\/td>\n<td>90<\/td>\n<td>150<\/td>\n<\/tr>\n<tr>\n<td>3 1\/2&#8243;<\/td>\n<td>101,6<\/td>\n<td>106<\/td>\n<td>X<\/td>\n<td>12<\/td>\n<td>90<\/td>\n<td>150<\/td>\n<\/tr>\n<tr>\n<td>4&#8243;<\/td>\n<td>114,3<\/td>\n<td>118<\/td>\n<td>X<\/td>\n<td>10<\/td>\n<td>90<\/td>\n<td>160<\/td>\n<\/tr>\n<tr>\n<td>4&#8243;<\/td>\n<td>114,3<\/td>\n<td>118<\/td>\n<td>X<\/td>\n<td>12<\/td>\n<td>90<\/td>\n<td>160<\/td>\n<\/tr>\n<tr>\n<td>5&#8243;<\/td>\n<td>139,7<\/td>\n<td>146<\/td>\n<td>X<\/td>\n<td>10<\/td>\n<td>100<\/td>\n<td>200<\/td>\n<\/tr>\n<tr>\n<td>5&#8243;<\/td>\n<td>139,7<\/td>\n<td>146<\/td>\n<td>X<\/td>\n<td>12<\/td>\n<td>100<\/td>\n<td>200<\/td>\n<\/tr>\n<tr>\n<td>6&#8243;<\/td>\n<td>165,1<\/td>\n<td>172<\/td>\n<td>X<\/td>\n<td>12<\/td>\n<td>100<\/td>\n<td>220<\/td>\n<\/tr>\n<\/tbody>\n<\/table>\n\n\t\t<\/div> \n\t<\/div> <\/div><\/div><\/div>\n","protected":false},"excerpt":{"rendered":"\u0423 \u0437\u0430\u0436\u0438\u043c \u0448\u043b\u044f\u043f\u0430 \u0434\u043e\u043b\u0433\u043e \u041a\u0440\u0430\u0442\u043a\u043e\u0435 \u043e\u043f\u0438\u0441\u0430\u043d\u0438\u0435 \u041d\u0430\u0437\u0432\u0430\u043d\u0438\u0435 \u043c\u043e\u0434\u0435\u043b\u0438: \u0445\u043e\u043c\u0443\u0442 U-\u0442\u0438\u043f\u0430 \u041f\u0440\u043e\u0438\u0437\u0432\u043e\u0434\u0441\u0442\u0432\u043e: \u0422\u0443\u0440\u0446\u0438\u044f, \u0421\u0442\u0430\u043c\u0431\u0443\u043b \u041d\u0430\u0437\u0432\u0430\u043d\u0438\u0435 \u0444\u0438\u0440\u043c\u044b-\u043f\u0440\u043e\u0438\u0437\u0432\u043e\u0434\u0438\u0442\u0435\u043b\u044f: Simatlas Metal Tekstil \u0130thalat \u0130hracat San.Tic Ltd.\u015eti \u0410\u0440\u0442\u0438\u043a\u0443\u043b \u043c\u043e\u0434\u0435\u043b\u0438: Kau. 113-130<span class=\"excerpt-hellip\"> [\u2026]<\/span>","protected":false},"author":1,"featured_media":0,"parent":0,"menu_order":0,"comment_status":"open","ping_status":"open","template":"","meta":{"footnotes":""},"_links":{"self":[{"href":"http:\/\/simatlas.com.tr\/ru\/wp-json\/wp\/v2\/pages\/621"}],"collection":[{"href":"http:\/\/simatlas.com.tr\/ru\/wp-json\/wp\/v2\/pages"}],"about":[{"href":"http:\/\/simatlas.com.tr\/ru\/wp-json\/wp\/v2\/types\/page"}],"author":[{"embeddable":true,"href":"http:\/\/simatlas.com.tr\/ru\/wp-json\/wp\/v2\/users\/1"}],"replies":[{"embeddable":true,"href":"http:\/\/simatlas.com.tr\/ru\/wp-json\/wp\/v2\/comments?post=621"}],"version-history":[{"count":6,"href":"http:\/\/simatlas.com.tr\/ru\/wp-json\/wp\/v2\/pages\/621\/revisions"}],"predecessor-version":[{"id":904,"href":"http:\/\/simatlas.com.tr\/ru\/wp-json\/wp\/v2\/pages\/621\/revisions\/904"}],"wp:attachment":[{"href":"http:\/\/simatlas.com.tr\/ru\/wp-json\/wp\/v2\/media?parent=621"}],"curies":[{"name":"wp","href":"https:\/\/api.w.org\/{rel}","templated":true}]}}