{"id":607,"date":"2015-10-19T09:35:56","date_gmt":"2015-10-19T09:35:56","guid":{"rendered":"http:\/\/simatlas.com.tr\/ru\/?page_id=607"},"modified":"2015-11-30T20:58:02","modified_gmt":"2015-11-30T20:58:02","slug":"nerzhaveyushiy-stalnoy-homut-2","status":"publish","type":"page","link":"http:\/\/simatlas.com.tr\/ru\/nerzhaveyushiy-stalnoy-homut-2\/","title":{"rendered":"\u041d\u0435\u0440\u0436\u0430\u0432\u0435\u044e\u0449\u0438\u0439 \u0441\u0442\u0430\u043b\u044c\u043d\u043e\u0439 \u0445\u043e\u043c\u0443\u0442"},"content":{"rendered":"<div class=\"vc_row wpb_row vc_row-fluid\"><div class=\"wpb_column vc_column_container vc_col-sm-12\"><div class=\"wpb_wrapper\"><h2 style=\"text-align: center;font-family:Abril Fatface;font-weight:400;font-style:normal\" class=\"vc_custom_heading\">\u041d\u0435\u0440\u0436\u0430\u0432\u0435\u044e\u0449\u0438\u0439 \u0441\u0442\u0430\u043b\u044c\u043d\u043e\u0439 \u0445\u043e\u043c\u0443\u0442<\/h2><\/div><\/div><\/div><div class=\"vc_row wpb_row vc_row-fluid\"><div class=\"wpb_column vc_column_container vc_col-sm-6\"><div class=\"wpb_wrapper\">\n\t<div class=\"wpb_gallery wpb_content_element vc_clearfix\">\n\t\t<div class=\"wpb_wrapper\"><div class=\"wpb_gallery_slides wpb_flexslider flexslider_fade flexslider\" data-interval=\"3\" data-flex_fx=\"fade\"><ul class=\"slides\"><li><a class=\"prettyphoto\" href=\"http:\/\/simatlas.com.tr\/wp-content\/uploads\/2015\/09\/Paslanmaz-Kelep\u00e7e-simatlas-5.jpg\" rel=\"prettyPhoto[rel-607-186888533]\"><img loading=\"lazy\" decoding=\"async\" class=\"\" src=\"http:\/\/simatlas.com.tr\/wp-content\/uploads\/2015\/09\/Paslanmaz-Kelep\u00e7e-simatlas-5-400x250.jpg\" width=\"400\" height=\"250\" alt=\"Paslanmaz Kelep\u00e7e simatlas (5)\" title=\"Paslanmaz Kelep\u00e7e simatlas (5)\"\" \/><\/a><\/li><li><a class=\"prettyphoto\" href=\"http:\/\/simatlas.com.tr\/wp-content\/uploads\/2015\/09\/Paslanmaz-Kelep\u00e7e-simatlas-6.jpg\" rel=\"prettyPhoto[rel-607-186888533]\"><img loading=\"lazy\" decoding=\"async\" class=\"\" src=\"http:\/\/simatlas.com.tr\/wp-content\/uploads\/2015\/09\/Paslanmaz-Kelep\u00e7e-simatlas-6-400x250.jpg\" width=\"400\" height=\"250\" alt=\"Paslanmaz Kelep\u00e7e simatlas (6)\" title=\"Paslanmaz Kelep\u00e7e simatlas (6)\"\" \/><\/a><\/li><li><a class=\"prettyphoto\" href=\"http:\/\/simatlas.com.tr\/wp-content\/uploads\/2015\/09\/Paslanmaz-Kelep\u00e7e-simatlas-4.jpg\" rel=\"prettyPhoto[rel-607-186888533]\"><img loading=\"lazy\" decoding=\"async\" class=\"\" src=\"http:\/\/simatlas.com.tr\/wp-content\/uploads\/2015\/09\/Paslanmaz-Kelep\u00e7e-simatlas-4-400x250.jpg\" width=\"400\" height=\"250\" alt=\"Paslanmaz Kelep\u00e7e simatlas (4)\" title=\"Paslanmaz Kelep\u00e7e simatlas (4)\"\" \/><\/a><\/li><li><a class=\"prettyphoto\" href=\"http:\/\/simatlas.com.tr\/wp-content\/uploads\/2015\/09\/Paslanmaz-Kelep\u00e7e-simatlas-3.jpg\" rel=\"prettyPhoto[rel-607-186888533]\"><img loading=\"lazy\" decoding=\"async\" class=\"\" src=\"http:\/\/simatlas.com.tr\/wp-content\/uploads\/2015\/09\/Paslanmaz-Kelep\u00e7e-simatlas-3-399x250.jpg\" width=\"399\" height=\"250\" alt=\"Paslanmaz Kelep\u00e7e simatlas (3)\" title=\"Paslanmaz Kelep\u00e7e simatlas (3)\"\" \/><\/a><\/li><li><a class=\"prettyphoto\" href=\"http:\/\/simatlas.com.tr\/wp-content\/uploads\/2015\/09\/Paslanmaz-Kelep\u00e7e-simatlas-2.jpg\" rel=\"prettyPhoto[rel-607-186888533]\"><img loading=\"lazy\" decoding=\"async\" class=\"\" src=\"http:\/\/simatlas.com.tr\/wp-content\/uploads\/2015\/09\/Paslanmaz-Kelep\u00e7e-simatlas-2-399x250.jpg\" width=\"399\" height=\"250\" alt=\"Paslanmaz Kelep\u00e7e simatlas (2)\" title=\"Paslanmaz Kelep\u00e7e simatlas (2)\"\" \/><\/a><\/li><li><a class=\"prettyphoto\" href=\"http:\/\/simatlas.com.tr\/wp-content\/uploads\/2015\/09\/Paslanmaz-Kelep\u00e7e-simatlas-1.jpg\" rel=\"prettyPhoto[rel-607-186888533]\"><img loading=\"lazy\" decoding=\"async\" class=\"\" src=\"http:\/\/simatlas.com.tr\/wp-content\/uploads\/2015\/09\/Paslanmaz-Kelep\u00e7e-simatlas-1-400x250.jpg\" width=\"400\" height=\"250\" alt=\"Paslanmaz Kelep\u00e7e simatlas (1)\" title=\"Paslanmaz Kelep\u00e7e simatlas (1)\"\" \/><\/a><\/li><li><a class=\"prettyphoto\" href=\"http:\/\/simatlas.com.tr\/wp-content\/uploads\/2015\/09\/Paslanmaz-Kelep\u00e7e-simatlas-7.jpg\" rel=\"prettyPhoto[rel-607-186888533]\"><img loading=\"lazy\" decoding=\"async\" class=\"\" src=\"http:\/\/simatlas.com.tr\/wp-content\/uploads\/2015\/09\/Paslanmaz-Kelep\u00e7e-simatlas-7-399x250.jpg\" width=\"399\" height=\"250\" alt=\"Paslanmaz Kelep\u00e7e simatlas (7)\" title=\"Paslanmaz Kelep\u00e7e simatlas (7)\"\" \/><\/a><\/li><\/ul><\/div>\n\t\t<\/div> \n\t<\/div> <\/div><\/div><div class=\"wpb_column vc_column_container vc_col-sm-6\"><div class=\"wpb_wrapper\">\n\t<div class=\"wpb_text_column wpb_content_element \">\n\t\t<div class=\"wpb_wrapper\">\n\t\t\t<p><strong>\u041a\u0440\u0430\u0442\u043a\u043e\u0435 \u043e\u043f\u0438\u0441\u0430\u043d\u0438\u0435<\/strong><br \/>\n\u041d\u0430\u0437\u0432\u0430\u043d\u0438\u0435 \u043c\u043e\u0434\u0435\u043b\u0438: \u041d\u0435\u0440\u0436\u0430\u0432\u0435\u044e\u0449\u0438\u0439 \u0441\u0442\u0430\u043b\u044c\u043d\u043e\u0439 \u0445\u043e\u043c\u0443\u0442<br \/>\n\u041f\u0440\u043e\u0438\u0437\u0432\u043e\u0434\u0441\u0442\u0432\u043e: \u0422\u0443\u0440\u0446\u0438\u044f, \u0421\u0442\u0430\u043c\u0431\u0443\u043b<br \/>\n\u041d\u0430\u0437\u0432\u0430\u043d\u0438\u0435 \u0444\u0438\u0440\u043c\u044b-\u043f\u0440\u043e\u0438\u0437\u0432\u043e\u0434\u0438\u0442\u0435\u043b\u044f:\u00a0Simatlas Metal Tekstil \u0130thalat \u0130hracat San.Tic Ltd.\u015eti<br \/>\n\u0410\u0440\u0442\u0438\u043a\u0443\u043b \u043c\u043e\u0434\u0435\u043b\u0438: KAP.101<br \/>\n\u041d\u0430\u0438\u043c\u0435\u043d\u043e\u0432\u0430\u043d\u0438\u0435 \u0431\u0440\u0435\u043d\u0434\u0430: KALKAN<\/p>\n<p><strong>\u0421\u043f\u0435\u0446\u0438\u0444\u0438\u043a\u0430\u0446\u0438\u044f<\/strong><br \/>\n\u041c\u0430\u0442\u0435\u0440\u0438\u0430\u043b: \u043d\u0435\u0440\u0436\u0430\u0432\u0435\u044e\u0449\u0430\u044f \u0441\u0442\u0430\u043b\u044c<br \/>\n\u0426\u0432\u0435\u0442: \u0441\u0442\u0430\u043b\u044c\u043d\u043e\u0439<br \/>\n\u041e\u0431\u0449\u0430\u044f \u043f\u0440\u043e\u043f\u0443\u0441\u043a\u043d\u0430\u044f \u0441\u043f\u043e\u0441\u043e\u0431\u043d\u043e\u0441\u0442\u044c: 70 \u043c\u043c \u2013 110 \u043c\u043c \u2013 160 \u043c\u043c<br \/>\n\u0423\u043f\u0430\u043a\u043e\u0432\u043a\u0430: \u044f\u0449\u0438\u043a<\/p>\n\n\t\t<\/div> \n\t<\/div> \t<div class=\"vc_btn3-container vc_btn3-inline\"><a class=\"vc_general vc_btn3 vc_btn3-size-md vc_btn3-shape-rounded vc_btn3-style-3d vc_btn3-color-grey\" href=\"http:\/\/simatlas.com.tr\/ru\/kontakty\/\" title=\"\" target=\"_self\">\u0424\u043e\u0440\u043c\u0430 \u0437\u0430\u043a\u0430\u0437\u0430<\/a><\/div><\/div><\/div><\/div>\n","protected":false},"excerpt":{"rendered":"\u041d\u0435\u0440\u0436\u0430\u0432\u0435\u044e\u0449\u0438\u0439 \u0441\u0442\u0430\u043b\u044c\u043d\u043e\u0439 \u0445\u043e\u043c\u0443\u0442","protected":false},"author":1,"featured_media":0,"parent":0,"menu_order":0,"comment_status":"open","ping_status":"open","template":"","meta":{"footnotes":""},"_links":{"self":[{"href":"http:\/\/simatlas.com.tr\/ru\/wp-json\/wp\/v2\/pages\/607"}],"collection":[{"href":"http:\/\/simatlas.com.tr\/ru\/wp-json\/wp\/v2\/pages"}],"about":[{"href":"http:\/\/simatlas.com.tr\/ru\/wp-json\/wp\/v2\/types\/page"}],"author":[{"embeddable":true,"href":"http:\/\/simatlas.com.tr\/ru\/wp-json\/wp\/v2\/users\/1"}],"replies":[{"embeddable":true,"href":"http:\/\/simatlas.com.tr\/ru\/wp-json\/wp\/v2\/comments?post=607"}],"version-history":[{"count":5,"href":"http:\/\/simatlas.com.tr\/ru\/wp-json\/wp\/v2\/pages\/607\/revisions"}],"predecessor-version":[{"id":894,"href":"http:\/\/simatlas.com.tr\/ru\/wp-json\/wp\/v2\/pages\/607\/revisions\/894"}],"wp:attachment":[{"href":"http:\/\/simatlas.com.tr\/ru\/wp-json\/wp\/v2\/media?parent=607"}],"curies":[{"name":"wp","href":"https:\/\/api.w.org\/{rel}","templated":true}]}}