{"id":599,"date":"2015-10-19T08:57:09","date_gmt":"2015-10-19T08:57:09","guid":{"rendered":"http:\/\/simatlas.com.tr\/ru\/?page_id=599"},"modified":"2015-11-30T21:01:57","modified_gmt":"2015-11-30T21:01:57","slug":"prokladka-dlya-homuta","status":"publish","type":"page","link":"http:\/\/simatlas.com.tr\/ru\/prokladka-dlya-homuta\/","title":{"rendered":"\u041f\u0440\u043e\u043a\u043b\u0430\u0434\u043a\u0430 \u0434\u043b\u044f \u0445\u043e\u043c\u0443\u0442\u0430"},"content":{"rendered":"<div class=\"vc_row wpb_row vc_row-fluid\"><div class=\"wpb_column vc_column_container vc_col-sm-12\"><div class=\"wpb_wrapper\"><h2 style=\"text-align: center;font-family:Abril Fatface;font-weight:400;font-style:normal\" class=\"vc_custom_heading\">\u041f\u0440\u043e\u043a\u043b\u0430\u0434\u043a\u0430 \u0434\u043b\u044f \u0445\u043e\u043c\u0443\u0442\u0430<\/h2><\/div><\/div><\/div><div class=\"vc_row wpb_row vc_row-fluid\"><div class=\"wpb_column vc_column_container vc_col-sm-6\"><div class=\"wpb_wrapper\">\n\t<div class=\"wpb_gallery wpb_content_element vc_clearfix\">\n\t\t<div class=\"wpb_wrapper\"><div class=\"wpb_gallery_slides wpb_flexslider flexslider_fade flexslider\" data-interval=\"3\" data-flex_fx=\"fade\"><ul class=\"slides\"><li><a class=\"prettyphoto\" href=\"http:\/\/simatlas.com.tr\/wp-content\/uploads\/2015\/09\/camlock-contas\u0131-simatlas-2.jpg\" rel=\"prettyPhoto[rel-599-251127284]\"><img loading=\"lazy\" decoding=\"async\" class=\"\" src=\"http:\/\/simatlas.com.tr\/wp-content\/uploads\/2015\/09\/camlock-contas\u0131-simatlas-2-400x250.jpg\" width=\"400\" height=\"250\" alt=\"camlock contas\u0131 simatlas (2)\" title=\"camlock contas\u0131 simatlas (2)\"\" \/><\/a><\/li><li><a class=\"prettyphoto\" href=\"http:\/\/simatlas.com.tr\/wp-content\/uploads\/2015\/09\/camlock-contas\u0131-simatlas-1.jpg\" rel=\"prettyPhoto[rel-599-251127284]\"><img loading=\"lazy\" decoding=\"async\" class=\"\" src=\"http:\/\/simatlas.com.tr\/wp-content\/uploads\/2015\/09\/camlock-contas\u0131-simatlas-1-400x250.jpg\" width=\"400\" height=\"250\" alt=\"camlock contas\u0131 simatlas (1)\" title=\"camlock contas\u0131 simatlas (1)\"\" \/><\/a><\/li><\/ul><\/div>\n\t\t<\/div> \n\t<\/div> <\/div><\/div><div class=\"wpb_column vc_column_container vc_col-sm-6\"><div class=\"wpb_wrapper\">\n\t<div class=\"wpb_text_column wpb_content_element \">\n\t\t<div class=\"wpb_wrapper\">\n\t\t\t<p><strong>\u041a\u0440\u0430\u0442\u043a\u043e\u0435 \u043e\u043f\u0438\u0441\u0430\u043d\u0438\u0435<\/strong><br \/>\n\u041d\u0430\u0437\u0432\u0430\u043d\u0438\u0435 \u043c\u043e\u0434\u0435\u043b\u0438: \u041f\u0440\u043e\u043a\u043b\u0430\u0434\u043a\u0430 \u0434\u043b\u044f \u0445\u043e\u043c\u0443\u0442\u0430<br \/>\n\u041f\u0440\u043e\u0438\u0437\u0432\u043e\u0434\u0441\u0442\u0432\u043e: \u0422\u0443\u0440\u0446\u0438\u044f, \u0421\u0442\u0430\u043c\u0431\u0443\u043b<br \/>\n\u041d\u0430\u0437\u0432\u0430\u043d\u0438\u0435 \u0444\u0438\u0440\u043c\u044b-\u043f\u0440\u043e\u0438\u0437\u0432\u043e\u0434\u0438\u0442\u0435\u043b\u044f: Simatlas Metal Tekstil \u0130thalat \u0130hracat San.Tic Ltd.\u015eti<br \/>\n\u0410\u0440\u0442\u0438\u043a\u0443\u043b \u043c\u043e\u0434\u0435\u043b\u0438: KCS.101-109<br \/>\n\u041d\u0430\u0438\u043c\u0435\u043d\u043e\u0432\u0430\u043d\u0438\u0435 \u0431\u0440\u0435\u043d\u0434\u0430: AYS<\/p>\n<p><strong>\u0421\u043f\u0435\u0446\u0438\u0444\u0438\u043a\u0430\u0446\u0438\u044f <\/strong><br \/>\n\u041c\u0430\u0442\u0435\u0440\u0438\u0430\u043b: \u043a\u0430\u0443\u0447\u0443\u043a<br \/>\n\u0426\u0432\u0435\u0442: \u0447\u0435\u0440\u043d\u044b\u0439<br \/>\n\u0423\u043f\u0430\u043a\u043e\u0432\u043a\u0430: \u044f\u0449\u0438\u043a (100 \u0448\u0442\u0443\u043a)<\/p>\n\n\t\t<\/div> \n\t<\/div> \t<div class=\"vc_btn3-container vc_btn3-inline\"><a class=\"vc_general vc_btn3 vc_btn3-size-md vc_btn3-shape-rounded vc_btn3-style-3d vc_btn3-color-grey\" href=\"http:\/\/simatlas.com.tr\/ru\/kontakty\/\" title=\"\" target=\"_self\">\u0424\u043e\u0440\u043c\u0430 \u0437\u0430\u043a\u0430\u0437\u0430<\/a><\/div><\/div><\/div><\/div><div class=\"vc_row wpb_row vc_row-fluid\"><div class=\"wpb_column vc_column_container vc_col-sm-12\"><div class=\"wpb_wrapper\">\n\t<div class=\"wpb_text_column wpb_content_element  vc_custom_1448910250043\">\n\t\t<div class=\"wpb_wrapper\">\n\t\t\t<table width=\"230\">\n<tbody>\n<tr>\n<td width=\"76\"><strong>\u0410\u0420\u0422\u0418\u041a\u0423\u041b<\/strong><\/td>\n<td width=\"70\"><strong>\u0420\u0410\u0417\u041c\u0415\u0420<\/strong><\/td>\n<td width=\"84\"><strong>\u041a\u041e\u041b-\u0412\u041e \u0412 \u0423\u041f\u0410\u041a\u041e\u0412\u041a\u0415<br \/>\n<\/strong><\/td>\n<\/tr>\n<tr>\n<td>KCS.101<\/td>\n<td>1\/2 &#8221;<\/td>\n<td>100<\/td>\n<\/tr>\n<tr>\n<td>KCS.102<\/td>\n<td>3\/4 &#8221;<\/td>\n<td>100<\/td>\n<\/tr>\n<tr>\n<td>KCS.103<\/td>\n<td>1 &#8221;<\/td>\n<td>100<\/td>\n<\/tr>\n<tr>\n<td>KCS.104<\/td>\n<td>1 1\/4 &#8221;<\/td>\n<td>100<\/td>\n<\/tr>\n<tr>\n<td>KCS.105<\/td>\n<td>1\u00a0 1\/2 &#8221;<\/td>\n<td>100<\/td>\n<\/tr>\n<tr>\n<td>KCS.106<\/td>\n<td>2 &#8221;<\/td>\n<td>100<\/td>\n<\/tr>\n<tr>\n<td>KCS.107<\/td>\n<td>2\u00a0 1\/2 &#8221;<\/td>\n<td>100<\/td>\n<\/tr>\n<tr>\n<td>KCS.108<\/td>\n<td>3 &#8221;<\/td>\n<td>50<\/td>\n<\/tr>\n<tr>\n<td>KCS.109<\/td>\n<td>4 &#8221;<\/td>\n<td>50<\/td>\n<\/tr>\n<\/tbody>\n<\/table>\n\n\t\t<\/div> \n\t<\/div> <\/div><\/div><\/div>\n","protected":false},"excerpt":{"rendered":"\u041f\u0440\u043e\u043a\u043b\u0430\u0434\u043a\u0430 \u0434\u043b\u044f \u0445\u043e\u043c\u0443\u0442\u0430 \u041a\u0440\u0430\u0442\u043a\u043e\u0435 \u043e\u043f\u0438\u0441\u0430\u043d\u0438\u0435 \u041d\u0430\u0437\u0432\u0430\u043d\u0438\u0435 \u043c\u043e\u0434\u0435\u043b\u0438: \u041f\u0440\u043e\u043a\u043b\u0430\u0434\u043a\u0430 \u0434\u043b\u044f \u0445\u043e\u043c\u0443\u0442\u0430 \u041f\u0440\u043e\u0438\u0437\u0432\u043e\u0434\u0441\u0442\u0432\u043e: \u0422\u0443\u0440\u0446\u0438\u044f, \u0421\u0442\u0430\u043c\u0431\u0443\u043b \u041d\u0430\u0437\u0432\u0430\u043d\u0438\u0435 \u0444\u0438\u0440\u043c\u044b-\u043f\u0440\u043e\u0438\u0437\u0432\u043e\u0434\u0438\u0442\u0435\u043b\u044f: Simatlas Metal Tekstil \u0130thalat \u0130hracat San.Tic Ltd.\u015eti \u0410\u0440\u0442\u0438\u043a\u0443\u043b \u043c\u043e\u0434\u0435\u043b\u0438: KCS.101-109 \u041d\u0430\u0438\u043c\u0435\u043d\u043e\u0432\u0430\u043d\u0438\u0435<span class=\"excerpt-hellip\"> [\u2026]<\/span>","protected":false},"author":1,"featured_media":0,"parent":0,"menu_order":0,"comment_status":"open","ping_status":"open","template":"","meta":{"footnotes":""},"_links":{"self":[{"href":"http:\/\/simatlas.com.tr\/ru\/wp-json\/wp\/v2\/pages\/599"}],"collection":[{"href":"http:\/\/simatlas.com.tr\/ru\/wp-json\/wp\/v2\/pages"}],"about":[{"href":"http:\/\/simatlas.com.tr\/ru\/wp-json\/wp\/v2\/types\/page"}],"author":[{"embeddable":true,"href":"http:\/\/simatlas.com.tr\/ru\/wp-json\/wp\/v2\/users\/1"}],"replies":[{"embeddable":true,"href":"http:\/\/simatlas.com.tr\/ru\/wp-json\/wp\/v2\/comments?post=599"}],"version-history":[{"count":7,"href":"http:\/\/simatlas.com.tr\/ru\/wp-json\/wp\/v2\/pages\/599\/revisions"}],"predecessor-version":[{"id":840,"href":"http:\/\/simatlas.com.tr\/ru\/wp-json\/wp\/v2\/pages\/599\/revisions\/840"}],"wp:attachment":[{"href":"http:\/\/simatlas.com.tr\/ru\/wp-json\/wp\/v2\/media?parent=599"}],"curies":[{"name":"wp","href":"https:\/\/api.w.org\/{rel}","templated":true}]}}