{"id":589,"date":"2015-09-16T08:17:14","date_gmt":"2015-09-16T08:17:14","guid":{"rendered":"http:\/\/simatlas.com.tr\/ru\/a-tipi-ays-camlock\/"},"modified":"2024-03-21T10:08:28","modified_gmt":"2024-03-21T10:08:28","slug":"a-tipi-ays-camlock","status":"publish","type":"page","link":"http:\/\/simatlas.com.tr\/ru\/a-tipi-ays-camlock\/","title":{"rendered":"A Tipi Ays Camlock"},"content":{"rendered":"<div class=\"vc_row wpb_row vc_row-fluid\"><div class=\"wpb_column vc_column_container vc_col-sm-12\"><div class=\"wpb_wrapper\"><h2 style=\"text-align: center;font-family:Abril Fatface;font-weight:400;font-style:normal\" class=\"vc_custom_heading\">A Tipi Ays Camlock<\/h2><\/div><\/div><\/div><div class=\"vc_row wpb_row vc_row-fluid\"><div class=\"wpb_column vc_column_container vc_col-sm-6\"><div class=\"wpb_wrapper\">\n\t<div class=\"wpb_gallery wpb_content_element vc_clearfix\">\n\t\t<div class=\"wpb_wrapper\"><div class=\"wpb_gallery_slides wpb_flexslider flexslider_fade flexslider\" data-interval=\"3\" data-flex_fx=\"fade\"><ul class=\"slides\"><li><a class=\"prettyphoto\" href=\"http:\/\/simatlas.com.tr\/wp-content\/uploads\/2015\/09\/A-Tipi-Ays-Camlock-sim-atlas-6.jpg\" rel=\"prettyPhoto[rel-589-1725483233]\"><img loading=\"lazy\" decoding=\"async\" class=\"\" src=\"http:\/\/simatlas.com.tr\/wp-content\/uploads\/2015\/09\/A-Tipi-Ays-Camlock-sim-atlas-6-400x250.jpg\" width=\"400\" height=\"250\" alt=\"A Tipi Ays Camlock sim atlas (6)\" title=\"A Tipi Ays Camlock sim atlas (6)\"\" \/><\/a><\/li><li><a class=\"prettyphoto\" href=\"http:\/\/simatlas.com.tr\/wp-content\/uploads\/2015\/09\/A-Tipi-Ays-Camlock-sim-atlas-5.jpg\" rel=\"prettyPhoto[rel-589-1725483233]\"><img loading=\"lazy\" decoding=\"async\" class=\"\" src=\"http:\/\/simatlas.com.tr\/wp-content\/uploads\/2015\/09\/A-Tipi-Ays-Camlock-sim-atlas-5-400x250.jpg\" width=\"400\" height=\"250\" alt=\"A Tipi Ays Camlock sim atlas (5)\" title=\"A Tipi Ays Camlock sim atlas (5)\"\" \/><\/a><\/li><li><a class=\"prettyphoto\" href=\"http:\/\/simatlas.com.tr\/wp-content\/uploads\/2015\/09\/A-Tipi-Ays-Camlock-sim-atlas-4.jpg\" rel=\"prettyPhoto[rel-589-1725483233]\"><img loading=\"lazy\" decoding=\"async\" class=\"\" src=\"http:\/\/simatlas.com.tr\/wp-content\/uploads\/2015\/09\/A-Tipi-Ays-Camlock-sim-atlas-4-400x250.jpg\" width=\"400\" height=\"250\" alt=\"A Tipi Ays Camlock sim atlas (4)\" title=\"A Tipi Ays Camlock sim atlas (4)\"\" \/><\/a><\/li><li><a class=\"prettyphoto\" href=\"http:\/\/simatlas.com.tr\/wp-content\/uploads\/2015\/09\/A-Tipi-Ays-Camlock-sim-atlas-3.jpg\" rel=\"prettyPhoto[rel-589-1725483233]\"><img loading=\"lazy\" decoding=\"async\" class=\"\" src=\"http:\/\/simatlas.com.tr\/wp-content\/uploads\/2015\/09\/A-Tipi-Ays-Camlock-sim-atlas-3-400x250.jpg\" width=\"400\" height=\"250\" alt=\"A Tipi Ays Camlock sim atlas (3)\" title=\"A Tipi Ays Camlock sim atlas (3)\"\" \/><\/a><\/li><li><a class=\"prettyphoto\" href=\"http:\/\/simatlas.com.tr\/wp-content\/uploads\/2015\/09\/A-Tipi-Ays-Camlock-sim-atlas-1.jpg\" rel=\"prettyPhoto[rel-589-1725483233]\"><img loading=\"lazy\" decoding=\"async\" class=\"\" src=\"http:\/\/simatlas.com.tr\/wp-content\/uploads\/2015\/09\/A-Tipi-Ays-Camlock-sim-atlas-1-399x250.jpg\" width=\"399\" height=\"250\" alt=\"A Tipi Ays Camlock sim atlas (1)\" title=\"A Tipi Ays Camlock sim atlas (1)\"\" \/><\/a><\/li><li><a class=\"prettyphoto\" href=\"http:\/\/simatlas.com.tr\/wp-content\/uploads\/2015\/09\/A-Tipi-Ays-Camlock-sim-atlas-2.jpg\" rel=\"prettyPhoto[rel-589-1725483233]\"><img loading=\"lazy\" decoding=\"async\" class=\"\" src=\"http:\/\/simatlas.com.tr\/wp-content\/uploads\/2015\/09\/A-Tipi-Ays-Camlock-sim-atlas-2-400x250.jpg\" width=\"400\" height=\"250\" alt=\"A Tipi Ays Camlock sim atlas (2)\" title=\"A Tipi Ays Camlock sim atlas (2)\"\" \/><\/a><\/li><\/ul><\/div>\n\t\t<\/div> \n\t<\/div> <\/div><\/div><div class=\"wpb_column vc_column_container vc_col-sm-6\"><div class=\"wpb_wrapper\">\n\t<div class=\"wpb_text_column wpb_content_element \">\n\t\t<div class=\"wpb_wrapper\">\n\t\t\t<p><strong>\u00dcr\u00fcn Detay\u0131<br \/>\n<\/strong>\u00dcr\u00fcn \u0130smi: A Tipi Ays Camlock<br \/>\n\u00dcretici: Simatlas Metal Tekstil \u0130thalat \u0130hracat San.Tic Ltd.\u015eti<br \/>\n\u00dcr\u00fcn Kodu: Kca.101- 109<br \/>\nMarka: Ays<\/p>\n<p><strong>\u00dcr\u00fcn \u00d6zellikleri<br \/>\n<\/strong>Materiyal: Aluminyum<br \/>\nRenk: Aluminyum<br \/>\nPaketleme: Karton Kutu \u0130\u00e7inde 24-100 Adet<\/p>\n\n\t\t<\/div> \n\t<\/div> \t<div class=\"vc_btn3-container vc_btn3-inline\"><a class=\"vc_general vc_btn3 vc_btn3-size-md vc_btn3-shape-rounded vc_btn3-style-3d vc_btn3-color-grey\" href=\"http:\/\/simatlas.com.tr\/iletisim\/\" title=\"\" target=\"_self\">Teklif Formu<\/a><\/div><\/div><\/div><\/div><div class=\"vc_row wpb_row vc_row-fluid\"><div class=\"wpb_column vc_column_container vc_col-sm-12\"><div class=\"wpb_wrapper\">\n\t<div class=\"wpb_text_column wpb_content_element  vc_custom_1442391175288\">\n\t\t<div class=\"wpb_wrapper\">\n\t\t\t<table width=\"162\">\n<tbody>\n<tr>\n<td width=\"55\">KODU CODE<\/td>\n<td width=\"55\">EBAT S\u0130ZE<\/td>\n<td width=\"52\">F\u0130YAT PR\u0130CE<\/td>\n<\/tr>\n<tr>\n<td>KCA.101<\/td>\n<td>1\/2 &#8221;<\/td>\n<td>159,8<\/td>\n<\/tr>\n<tr>\n<td>KCA.102<\/td>\n<td>3\/4 &#8221;<\/td>\n<td>168,2<\/td>\n<\/tr>\n<tr>\n<td>KCA.103<\/td>\n<td>1 &#8221;<\/td>\n<td>199,8<\/td>\n<\/tr>\n<tr>\n<td>KCA.104<\/td>\n<td>1\u00a0 1 \/4 &#8221;<\/td>\n<td>285,2<\/td>\n<\/tr>\n<tr>\n<td>KCA.105<\/td>\n<td>1\u00a0 1 \/2 &#8221;<\/td>\n<td>299,6<\/td>\n<\/tr>\n<tr>\n<td>KCA.106<\/td>\n<td>2 &#8221;<\/td>\n<td>337,6<\/td>\n<\/tr>\n<tr>\n<td>KCA.107<\/td>\n<td>2\u00a0 1\/2 &#8221;<\/td>\n<td>412,8<\/td>\n<\/tr>\n<tr>\n<td>KCA.108<\/td>\n<td>3 &#8221;<\/td>\n<td>512,2<\/td>\n<\/tr>\n<tr>\n<td>KCA.109<\/td>\n<td>4 &#8221;<\/td>\n<td>1.057<\/td>\n<\/tr>\n<\/tbody>\n<\/table>\n\n\t\t<\/div> \n\t<\/div> <\/div><\/div><\/div>\n","protected":false},"excerpt":{"rendered":"A Tipi Ays Camlock \u00dcr\u00fcn Detay\u0131 \u00dcr\u00fcn \u0130smi: A Tipi Ays Camlock \u00dcretici: Simatlas Metal Tekstil \u0130thalat \u0130hracat San.Tic Ltd.\u015eti \u00dcr\u00fcn Kodu: Kca.101- 109 Marka: Ays<span class=\"excerpt-hellip\"> [\u2026]<\/span>","protected":false},"author":1,"featured_media":0,"parent":0,"menu_order":0,"comment_status":"open","ping_status":"open","template":"","meta":{"footnotes":""},"_links":{"self":[{"href":"http:\/\/simatlas.com.tr\/ru\/wp-json\/wp\/v2\/pages\/589"}],"collection":[{"href":"http:\/\/simatlas.com.tr\/ru\/wp-json\/wp\/v2\/pages"}],"about":[{"href":"http:\/\/simatlas.com.tr\/ru\/wp-json\/wp\/v2\/types\/page"}],"author":[{"embeddable":true,"href":"http:\/\/simatlas.com.tr\/ru\/wp-json\/wp\/v2\/users\/1"}],"replies":[{"embeddable":true,"href":"http:\/\/simatlas.com.tr\/ru\/wp-json\/wp\/v2\/comments?post=589"}],"version-history":[{"count":9,"href":"http:\/\/simatlas.com.tr\/ru\/wp-json\/wp\/v2\/pages\/589\/revisions"}],"predecessor-version":[{"id":1471,"href":"http:\/\/simatlas.com.tr\/ru\/wp-json\/wp\/v2\/pages\/589\/revisions\/1471"}],"wp:attachment":[{"href":"http:\/\/simatlas.com.tr\/ru\/wp-json\/wp\/v2\/media?parent=589"}],"curies":[{"name":"wp","href":"https:\/\/api.w.org\/{rel}","templated":true}]}}