{"id":567,"date":"2015-10-19T06:17:20","date_gmt":"2015-10-19T06:17:20","guid":{"rendered":"http:\/\/simatlas.com.tr\/ru\/?page_id=567"},"modified":"2023-10-21T09:07:08","modified_gmt":"2023-10-21T09:07:08","slug":"vintovoy-homut-b-tipa-nemeckiy-tip","status":"publish","type":"page","link":"http:\/\/simatlas.com.tr\/ru\/vintovoy-homut-b-tipa-nemeckiy-tip\/","title":{"rendered":"\u0412\u0438\u043d\u0442\u043e\u0432\u043e\u0439 \u0445\u043e\u043c\u0443\u0442 B-\u0442\u0438\u043f\u0430, \u043d\u0435\u043c\u0435\u0446\u043a\u0438\u0439 \u0442\u0438\u043f"},"content":{"rendered":"<div class=\"vc_row wpb_row vc_row-fluid\"><div class=\"wpb_column vc_column_container vc_col-sm-12\"><div class=\"wpb_wrapper\"><h2 style=\"text-align: center;font-family:Abril Fatface;font-weight:400;font-style:normal\" class=\"vc_custom_heading\">\u0412\u0438\u043d\u0442\u043e\u0432\u043e\u0439 \u0445\u043e\u043c\u0443\u0442 B-\u0442\u0438\u043f\u0430, \u043d\u0435\u043c\u0435\u0446\u043a\u0438\u0439 \u0442\u0438\u043f <\/h2><\/div><\/div><\/div><div class=\"vc_row wpb_row vc_row-fluid\"><div class=\"wpb_column vc_column_container vc_col-sm-6\"><div class=\"wpb_wrapper\">\n\t<div class=\"wpb_gallery wpb_content_element vc_clearfix\">\n\t\t<div class=\"wpb_wrapper\"><div class=\"wpb_gallery_slides wpb_flexslider flexslider_fade flexslider\" data-interval=\"3\" data-flex_fx=\"fade\"><ul class=\"slides\"><li><a class=\"prettyphoto\" href=\"http:\/\/simatlas.com.tr\/wp-content\/uploads\/2015\/09\/Simatlas-B-tipi-kelep\u00e7e-5.jpg\" rel=\"prettyPhoto[rel-567-1558917972]\"><img loading=\"lazy\" decoding=\"async\" class=\"\" src=\"http:\/\/simatlas.com.tr\/wp-content\/uploads\/2015\/09\/Simatlas-B-tipi-kelep\u00e7e-5-399x250.jpg\" width=\"399\" height=\"250\" alt=\"Simatlas B tipi kelep\u00e7e  (5)\" title=\"Simatlas B tipi kelep\u00e7e  (5)\"\" \/><\/a><\/li><li><a class=\"prettyphoto\" href=\"http:\/\/simatlas.com.tr\/wp-content\/uploads\/2015\/09\/Simatlas-B-tipi-kelep\u00e7e-4.jpg\" rel=\"prettyPhoto[rel-567-1558917972]\"><img loading=\"lazy\" decoding=\"async\" class=\"\" src=\"http:\/\/simatlas.com.tr\/wp-content\/uploads\/2015\/09\/Simatlas-B-tipi-kelep\u00e7e-4-399x250.jpg\" width=\"399\" height=\"250\" alt=\"Simatlas B tipi kelep\u00e7e  (4)\" title=\"Simatlas B tipi kelep\u00e7e  (4)\"\" \/><\/a><\/li><li><a class=\"prettyphoto\" href=\"http:\/\/simatlas.com.tr\/wp-content\/uploads\/2015\/09\/Simatlas-B-tipi-kelep\u00e7e-3.jpg\" rel=\"prettyPhoto[rel-567-1558917972]\"><img loading=\"lazy\" decoding=\"async\" class=\"\" src=\"http:\/\/simatlas.com.tr\/wp-content\/uploads\/2015\/09\/Simatlas-B-tipi-kelep\u00e7e-3-399x250.jpg\" width=\"399\" height=\"250\" alt=\"Simatlas B tipi kelep\u00e7e  (3)\" title=\"Simatlas B tipi kelep\u00e7e  (3)\"\" \/><\/a><\/li><li><a class=\"prettyphoto\" href=\"http:\/\/simatlas.com.tr\/wp-content\/uploads\/2015\/09\/Simatlas-B-tipi-kelep\u00e7e-2.jpg\" rel=\"prettyPhoto[rel-567-1558917972]\"><img loading=\"lazy\" decoding=\"async\" class=\"\" src=\"http:\/\/simatlas.com.tr\/wp-content\/uploads\/2015\/09\/Simatlas-B-tipi-kelep\u00e7e-2-400x250.jpg\" width=\"400\" height=\"250\" alt=\"Simatlas B tipi kelep\u00e7e  (2)\" title=\"Simatlas B tipi kelep\u00e7e  (2)\"\" \/><\/a><\/li><li><a class=\"prettyphoto\" href=\"http:\/\/simatlas.com.tr\/wp-content\/uploads\/2015\/09\/Simatlas-B-tipi-kelep\u00e7e-1.jpg\" rel=\"prettyPhoto[rel-567-1558917972]\"><img loading=\"lazy\" decoding=\"async\" class=\"\" src=\"http:\/\/simatlas.com.tr\/wp-content\/uploads\/2015\/09\/Simatlas-B-tipi-kelep\u00e7e-1-400x250.jpg\" width=\"400\" height=\"250\" alt=\"Simatlas B tipi kelep\u00e7e  (1)\" title=\"Simatlas B tipi kelep\u00e7e  (1)\"\" \/><\/a><\/li><\/ul><\/div>\n\t\t<\/div> \n\t<\/div> <\/div><\/div><div class=\"wpb_column vc_column_container vc_col-sm-6\"><div class=\"wpb_wrapper\">\n\t<div class=\"wpb_text_column wpb_content_element \">\n\t\t<div class=\"wpb_wrapper\">\n\t\t\t<p><strong>\u041a\u0440\u0430\u0442\u043a\u043e\u0435 \u043e\u043f\u0438\u0441\u0430\u043d\u0438\u0435:<\/strong> \u0412\u0438\u043d\u0442\u043e\u0432\u043e\u0439 \u0445\u043e\u043c\u0443\u0442 B-\u0442\u0438\u043f\u0430, \u043d\u0435\u043c\u0435\u0446\u043a\u0438\u0439 \u0442\u0438\u043f<br \/>\n<strong>\u041d\u0430\u0437\u0432\u0430\u043d\u0438\u0435 \u043c\u043e\u0434\u0435\u043b\u0438:<\/strong> \u0413\u0430\u043b\u044c\u0432\u0430\u043d\u0438\u0437\u0438\u0440\u043e\u0432\u0430\u043d\u043d\u044b\u0439 \u043e\u0442\u043a\u0440\u044b\u0442\u044b\u0439 \u0437\u0430\u0436\u0438\u043c \u0434\u043b\u044f \u0441\u043e\u0435\u0434\u0438\u043d\u0435\u043d\u0438\u044f \u0448\u043b\u0430\u043d\u0433\u043e\u0432<br \/>\n<strong>\u041f\u0440\u043e\u0438\u0437\u0432\u043e\u0434\u0441\u0442\u0432\u043e:<\/strong> \u0422\u0443\u0440\u0446\u0438\u044f, \u0421\u0442\u0430\u043c\u0431\u0443\u043b<br \/>\n<strong>\u041d\u0430\u0437\u0432\u0430\u043d\u0438\u0435 \u0444\u0438\u0440\u043c\u044b-\u043f\u0440\u043e\u0438\u0437\u0432\u043e\u0434\u0438\u0442\u0435\u043b\u044f:<\/strong> S\u0130MATLAS METAL TEKST\u0130L \u0130THALAT \u0130HRACAT SAN.T\u0130C.LTD.<br \/>\n<strong>\u0410\u0440\u0442\u0438\u043a\u0443\u043b \u043c\u043e\u0434\u0435\u043b\u0438:<\/strong> KGT.101-122<br \/>\n<strong>\u041d\u0430\u0438\u043c\u0435\u043d\u043e\u0432\u0430\u043d\u0438\u0435 \u0431\u0440\u0435\u043d\u0434\u0430:<\/strong> KALKAN<\/p>\n<p><strong>\u0421\u043f\u0435\u0446\u0438\u0444\u0438\u043a\u0430\u0446\u0438\u044f<\/strong><br \/>\n<strong>\u041c\u0430\u0442\u0435\u0440\u0438\u0430\u043b:<\/strong> \u0433\u0430\u043b\u044c\u0432\u0430\u043d\u0438\u0437\u0438\u0440\u043e\u0432\u0430\u043d\u043d\u043e\u0435 \u0436\u0435\u043b\u0435\u0437\u043e<br \/>\n<strong>\u0426\u0432\u0435\u0442:<\/strong> \u0433\u0430\u043b\u044c\u0432\u0430\u043d\u0438\u0437\u0438\u0440\u043e\u0432\u0430\u043d\u043d\u043e\u0435 \u043f\u043e\u043a\u0440\u044b\u0442\u0438\u0435<br \/>\n<strong>\u041e\u0431\u0449\u0430\u044f \u043f\u0440\u043e\u043f\u0443\u0441\u043a\u043d\u0430\u044f \u0441\u043f\u043e\u0441\u043e\u0431\u043d\u043e\u0441\u0442\u044c:<\/strong> 8 \u043c\u043c \/ 12.7 \u043c\u043c<br \/>\n<strong>\u0423\u043f\u0430\u043a\u043e\u0432\u043a\u0430:<\/strong> \u044f\u0449\u0438\u043a, \u0432\u043d\u0443\u0442\u0440\u0438 \u043f\u043b\u0430\u0441\u0442\u0438\u043a\u043e\u0432\u044b\u0435 \u043f\u0430\u043a\u0435\u0442\u044b<\/p>\n\n\t\t<\/div> \n\t<\/div> \t<div class=\"vc_btn3-container vc_btn3-inline\"><a class=\"vc_general vc_btn3 vc_btn3-size-md vc_btn3-shape-rounded vc_btn3-style-3d vc_btn3-color-grey\" href=\"http:\/\/simatlas.com.tr\/ru\/kontakty\/\" title=\"\" target=\"_self\">\u0424\u043e\u0440\u043c\u0430 \u0437\u0430\u043a\u0430\u0437\u0430<\/a><\/div><\/div><\/div><\/div><div class=\"vc_row wpb_row vc_row-fluid\"><div class=\"wpb_column vc_column_container vc_col-sm-12\"><div class=\"wpb_wrapper\">\n\t<div class=\"wpb_text_column wpb_content_element  vc_custom_1582640815083\">\n\t\t<div class=\"wpb_wrapper\">\n\t\t\t<table width=\"428\">\n<tbody>\n<tr>\n<td width=\"87\"><strong>\u00d6L\u00c7\u00dc<\/strong><\/td>\n<td width=\"62\"><strong>BANT<\/strong><\/td>\n<td width=\"69\"><strong>\u0130C PAKET<\/strong><\/td>\n<td width=\"86\"><strong>KOL\u0130 \u0130\u00c7\u0130 AD.<\/strong><\/td>\n<td width=\"62\"><strong>A\u011eIRLIK<\/strong><\/td>\n<td width=\"62\"><strong>F\u0130YAT<\/strong><\/td>\n<\/tr>\n<tr>\n<td><strong>SIZE<\/strong><\/td>\n<td><strong>BAND<\/strong><\/td>\n<td><strong>PCS*BAG<\/strong><\/td>\n<td><strong>OUTER BOX<\/strong><\/td>\n<td><strong>WE\u0130GHT\u00a0<\/strong><\/td>\n<td><strong>PR\u0130CE<\/strong><\/td>\n<\/tr>\n<tr>\n<td>8-13 mm<\/td>\n<td>9 MM<\/td>\n<td>10*100<\/td>\n<td>1.000<\/td>\n<td>12.00<\/td>\n<td>3,2<\/td>\n<\/tr>\n<tr>\n<td>10-16 mm<\/td>\n<td>9 MM<\/td>\n<td>10*100<\/td>\n<td>1.000<\/td>\n<td>12.30<\/td>\n<td>3,4<\/td>\n<\/tr>\n<tr>\n<td>13-19 mm<\/td>\n<td>9 MM<\/td>\n<td>10*100<\/td>\n<td>1.000<\/td>\n<td>13.50<\/td>\n<td>3,6<\/td>\n<\/tr>\n<tr>\n<td>16-25 mm<\/td>\n<td>9 MM<\/td>\n<td>10*100<\/td>\n<td>1.000<\/td>\n<td>13.90<\/td>\n<td>3,8<\/td>\n<\/tr>\n<tr>\n<td>19-26 mm<\/td>\n<td>12 MM<\/td>\n<td>10*100<\/td>\n<td>1.000<\/td>\n<td>20.00<\/td>\n<td>5,4<\/td>\n<\/tr>\n<tr>\n<td>20-32 mm<\/td>\n<td>12 MM<\/td>\n<td>10*100<\/td>\n<td>1.000<\/td>\n<td>20.50<\/td>\n<td>5,8<\/td>\n<\/tr>\n<tr>\n<td>22-36 mm<\/td>\n<td>12 MM<\/td>\n<td>10*100<\/td>\n<td>1.000<\/td>\n<td>20.80<\/td>\n<td>6,4<\/td>\n<\/tr>\n<tr>\n<td>25-42 mm<\/td>\n<td>12 MM<\/td>\n<td>10* 50<\/td>\n<td>500<\/td>\n<td>11.50<\/td>\n<td>6,6<\/td>\n<\/tr>\n<tr>\n<td>28-48 mm<\/td>\n<td>12 MM<\/td>\n<td>10* 50<\/td>\n<td>500<\/td>\n<td>12.10<\/td>\n<td>6,8<\/td>\n<\/tr>\n<tr>\n<td>32-51 mm<\/td>\n<td>12 MM<\/td>\n<td>10* 50<\/td>\n<td>500<\/td>\n<td>12.40<\/td>\n<td>7,2<\/td>\n<\/tr>\n<tr>\n<td>38-58mm<\/td>\n<td>12 MM<\/td>\n<td>10* 50<\/td>\n<td>500<\/td>\n<td>13.50<\/td>\n<td>7,4<\/td>\n<\/tr>\n<tr>\n<td>44-64 mm<\/td>\n<td>12 MM<\/td>\n<td>10* 50<\/td>\n<td>500<\/td>\n<td>14.50<\/td>\n<td>7,8<\/td>\n<\/tr>\n<tr>\n<td>51-72 mm<\/td>\n<td>12 MM<\/td>\n<td>10* 50<\/td>\n<td>500<\/td>\n<td>15.20<\/td>\n<td>8,2<\/td>\n<\/tr>\n<tr>\n<td>57-76mm<\/td>\n<td>12 MM<\/td>\n<td>10* 25<\/td>\n<td>250<\/td>\n<td>8.00<\/td>\n<td>8,6<\/td>\n<\/tr>\n<tr>\n<td>65-82mm<\/td>\n<td>12 MM<\/td>\n<td>10* 25<\/td>\n<td>250<\/td>\n<td>8.60<\/td>\n<td>9,8<\/td>\n<\/tr>\n<tr>\n<td>76-92mm<\/td>\n<td>12 MM<\/td>\n<td>10* 25<\/td>\n<td>250<\/td>\n<td>8.90<\/td>\n<td>10,4<\/td>\n<\/tr>\n<tr>\n<td>85-103mm<\/td>\n<td>12 MM<\/td>\n<td>10* 25<\/td>\n<td>250<\/td>\n<td>9.20<\/td>\n<td>11,6<\/td>\n<\/tr>\n<tr>\n<td>92-110mm<\/td>\n<td>12 MM<\/td>\n<td>10* 25<\/td>\n<td>250<\/td>\n<td>9.50<\/td>\n<td>12,8<\/td>\n<\/tr>\n<tr>\n<td>105-121mm<\/td>\n<td>12 MM<\/td>\n<td>10* 25<\/td>\n<td>250<\/td>\n<td>9.80<\/td>\n<td>13,6<\/td>\n<\/tr>\n<tr>\n<td>115-135mm<\/td>\n<td>12 MM<\/td>\n<td>10* 25<\/td>\n<td>250<\/td>\n<td>10.10<\/td>\n<td>14,4<\/td>\n<\/tr>\n<tr>\n<td>130-146mm<\/td>\n<td>12 MM<\/td>\n<td>10* 25<\/td>\n<td>250<\/td>\n<td>10.40<\/td>\n<td>16,4<\/td>\n<\/tr>\n<tr>\n<td>146-164mm<\/td>\n<td>12 MM<\/td>\n<td>10* 25<\/td>\n<td>250<\/td>\n<td>10.70<\/td>\n<td>18,2<\/td>\n<\/tr>\n<\/tbody>\n<\/table>\n\n\t\t<\/div> \n\t<\/div> <\/div><\/div><\/div>\n","protected":false},"excerpt":{"rendered":"\u0412\u0438\u043d\u0442\u043e\u0432\u043e\u0439 \u0445\u043e\u043c\u0443\u0442 B-\u0442\u0438\u043f\u0430, \u043d\u0435\u043c\u0435\u0446\u043a\u0438\u0439 \u0442\u0438\u043f","protected":false},"author":1,"featured_media":0,"parent":0,"menu_order":0,"comment_status":"open","ping_status":"open","template":"","meta":{"footnotes":""},"_links":{"self":[{"href":"http:\/\/simatlas.com.tr\/ru\/wp-json\/wp\/v2\/pages\/567"}],"collection":[{"href":"http:\/\/simatlas.com.tr\/ru\/wp-json\/wp\/v2\/pages"}],"about":[{"href":"http:\/\/simatlas.com.tr\/ru\/wp-json\/wp\/v2\/types\/page"}],"author":[{"embeddable":true,"href":"http:\/\/simatlas.com.tr\/ru\/wp-json\/wp\/v2\/users\/1"}],"replies":[{"embeddable":true,"href":"http:\/\/simatlas.com.tr\/ru\/wp-json\/wp\/v2\/comments?post=567"}],"version-history":[{"count":9,"href":"http:\/\/simatlas.com.tr\/ru\/wp-json\/wp\/v2\/pages\/567\/revisions"}],"predecessor-version":[{"id":1405,"href":"http:\/\/simatlas.com.tr\/ru\/wp-json\/wp\/v2\/pages\/567\/revisions\/1405"}],"wp:attachment":[{"href":"http:\/\/simatlas.com.tr\/ru\/wp-json\/wp\/v2\/media?parent=567"}],"curies":[{"name":"wp","href":"https:\/\/api.w.org\/{rel}","templated":true}]}}