{"id":564,"date":"2015-10-19T06:05:17","date_gmt":"2015-10-19T06:05:17","guid":{"rendered":"http:\/\/simatlas.com.tr\/ru\/?page_id=564"},"modified":"2023-10-21T09:17:46","modified_gmt":"2023-10-21T09:17:46","slug":"kontakty","status":"publish","type":"page","link":"http:\/\/simatlas.com.tr\/ru\/kontakty\/","title":{"rendered":"\u041a\u043e\u043d\u0442\u0430\u043a\u0442\u044b"},"content":{"rendered":"<div class=\"vc_row wpb_row vc_row-fluid\"><div class=\"wpb_column vc_column_container vc_col-sm-8\"><div class=\"wpb_wrapper\"><div class=\"wpb_gmaps_widget wpb_content_element\">\n\t<div class=\"wpb_wrapper\">\n\t<div class=\"wpb_map_wraper\">\n\t\t<iframe loading=\"lazy\" src=\"https:\/\/www.google.com\/maps\/embed?pb=!1m18!1m12!1m3!1d3007.7277208517626!2d28.97861328330906!3d41.07494397929405!2m3!1f0!2f0!3f0!3m2!1i1024!2i768!4f13.1!3m3!1m2!1s0x14cab6e6f829215d%3A0x6d6717f8b64ab2e1!2zw4dhxJ9sYXlhbiwgWWF5bGEgU2suIE5vOjQ2LCAzNDQwMyBLYcSfxLF0aGFuZS_EsHN0YW5idWwsIFTDvHJraXll!5e0!3m2!1str!2s!4v1485683580768\" width=\"600\" height=\"300\" frameborder=\"0\" style=\"border:0\" allowfullscreen><\/iframe>\t<\/div>\n\t<\/div>\t<\/div><\/div><\/div><div class=\"wpb_column vc_column_container vc_col-sm-4\"><div class=\"wpb_wrapper\"><h3 style=\"text-align: center;font-family:Roboto;font-weight:400;font-style:normal\" class=\"vc_custom_heading\">\u0410\u0434\u0440\u0435\u0441 \u043d\u0430\u0448\u0435\u0433\u043e \u0437\u0430\u0432\u043e\u0434\u0430<\/h3><div class=\"get_in_touch\" style=\"background-image:url(http:\/\/simatlas.com.tr\/wp-content\/uploads\/2015\/08\/Blurred-Background.jpg);\"><div class=\"get_in_touch_wrapper\"><ul><li class=\"address\"><span class=\"icon\"><i class=\"icon-location\"><\/i><\/span><span class=\"address_wrapper\">\u00c7a\u011flayan Yayla Sk. No ; 46 \/A Ka\u011f\u0131thane \u0130stanbul<\/span><\/li><li class=\"phone phone-1\"><span class=\"icon\"><i class=\"icon-phone\"><\/i><\/span><p><a href=\"tel:+902123433242\">+90 212 343 32 42<\/a><\/p><\/li><li class=\"phone fax\"><span class=\"icon\"><i class=\"icon-print\"><\/i><\/span><p><a href=\"fax:+905324963234\">+90 532 496 32 34<\/a><\/p><\/li><li class=\"mail\"><span class=\"icon\"><i class=\"icon-mail\"><\/i><\/span><p><a href=\"mailto:kalkankalip@hotmail.com\">kalkankalip@hotmail.com<\/a><\/p><\/li><li class=\"www\"><span class=\"icon\"><svg viewBox=\"0 0 26 26\"><defs><style>.path{fill:none;stroke:#333;stroke-miterlimit:10;stroke-width:1.5px;}<\/style><\/defs><g><path d=\"M10.17,8.76l2.12-2.12a5,5,0,0,1,7.07,0h0a5,5,0,0,1,0,7.07l-2.12,2.12\" class=\"path\"><\/path><path d=\"M15.83,17.24l-2.12,2.12a5,5,0,0,1-7.07,0h0a5,5,0,0,1,0-7.07l2.12-2.12\" class=\"path\"><\/path><line x1=\"10.17\" y1=\"15.83\" x2=\"15.83\" y2=\"10.17\" class=\"path\"><\/line><\/g><\/svg><\/span><p><a target=\"_blank\" href=\"http:\/\/kalkankelepce@hotmail.com\">kalkankelepce@hotmail.com<\/a><\/p><\/li><\/ul><\/div><\/div>\n<\/div><\/div><\/div><div class=\"vc_row wpb_row vc_row-fluid\"><div class=\"wpb_column vc_column_container vc_col-sm-12\"><div class=\"wpb_wrapper\"><div class=\"vc_separator wpb_content_element vc_separator_align_center vc_sep_width_100 vc_sep_pos_align_center vc_separator_no_text vc_sep_color_sky\"><span\n\t\tclass=\"vc_sep_holder vc_sep_holder_l\"><span\t\t\tclass=\"vc_sep_line\"><\/span><\/span><span\n\t\tclass=\"vc_sep_holder vc_sep_holder_r\"><span class=\"vc_sep_line\"><\/span><\/span>\n\t<\/div>\n<\/div><\/div><\/div><div class=\"vc_row wpb_row vc_row-fluid\"><div class=\"wpb_column vc_column_container vc_col-sm-8\"><div class=\"wpb_wrapper\"><div class=\"wpb_gmaps_widget wpb_content_element\">\n\t<div class=\"wpb_wrapper\">\n\t<div class=\"wpb_map_wraper\">\n\t\t<iframe loading=\"lazy\" src=\"https:\/\/www.google.com\/maps\/embed?pb=!1m14!1m8!1m3!1d2712.7922991586297!2d30.728822!3d36.901283!3m2!1i1024!2i768!4f13.1!3m3!1m2!1s0x14c38541845ce8a7%3A0x4e39f98c1471a903!2s1118.+Sk.+No%3A11%2C+Gebizli%2C+07300+Muratpa%C5%9Fa%2FAntalya%2C+T%C3%BCrkiye!5e1!3m2!1str!2sus!4v1441879717662\" width=\"600\" height=\"300\" frameborder=\"0\" style=\"border:0\" allowfullscreen><\/iframe>\t<\/div>\n\t<\/div>\t<\/div><\/div><\/div><div class=\"wpb_column vc_column_container vc_col-sm-4\"><div class=\"wpb_wrapper\"><h3 style=\"text-align: center;font-family:Roboto;font-weight:400;font-style:normal\" class=\"vc_custom_heading\">\u041d\u0430\u0448 \u0444\u0438\u043b\u0438\u0430\u043b \u0432 \u0410\u043d\u0442\u0430\u043b\u044c\u0438<\/h3><div class=\"get_in_touch\" style=\"background-image:url(http:\/\/simatlas.com.tr\/wp-content\/uploads\/2015\/08\/Blurred-Background.jpg);\"><div class=\"get_in_touch_wrapper\"><ul><li class=\"address\"><span class=\"icon\"><i class=\"icon-location\"><\/i><\/span><span class=\"address_wrapper\">\u00dc\u00e7gen Mah. G\u00fcll\u00fck cd. no:90 D1 Muratpa\u015fa Antalya<\/span><\/li><li class=\"phone phone-1\"><span class=\"icon\"><i class=\"icon-phone\"><\/i><\/span><p><a href=\"tel:+902423220003\">+90 242 322 00 03<\/a><\/p><\/li><li class=\"phone phone-2\"><span class=\"icon\"><i class=\"icon-phone\"><\/i><\/span><p><a href=\"tel:+905324963234\">+90 532 496 32 34<\/a><\/p><\/li><li class=\"phone fax\"><span class=\"icon\"><i class=\"icon-print\"><\/i><\/span><p><a href=\"fax:+902122910824\">+90 212 291 08 24<\/a><\/p><\/li><li class=\"mail\"><span class=\"icon\"><i class=\"icon-mail\"><\/i><\/span><p><a href=\"mailto:kalkankalip@hotmail.com\">kalkankalip@hotmail.com<\/a><\/p><\/li><li class=\"www\"><span class=\"icon\"><svg viewBox=\"0 0 26 26\"><defs><style>.path{fill:none;stroke:#333;stroke-miterlimit:10;stroke-width:1.5px;}<\/style><\/defs><g><path d=\"M10.17,8.76l2.12-2.12a5,5,0,0,1,7.07,0h0a5,5,0,0,1,0,7.07l-2.12,2.12\" class=\"path\"><\/path><path d=\"M15.83,17.24l-2.12,2.12a5,5,0,0,1-7.07,0h0a5,5,0,0,1,0-7.07l2.12-2.12\" class=\"path\"><\/path><line x1=\"10.17\" y1=\"15.83\" x2=\"15.83\" y2=\"10.17\" class=\"path\"><\/line><\/g><\/svg><\/span><p><a target=\"_blank\" href=\"http:\/\/kalkankelepce@hotmail.com\">kalkankelepce@hotmail.com<\/a><\/p><\/li><\/ul><\/div><\/div>\n<\/div><\/div><\/div><div class=\"vc_row wpb_row vc_row-fluid\"><div class=\"wpb_column vc_column_container vc_col-sm-12\"><div class=\"wpb_wrapper\"><div class=\"vc_separator wpb_content_element vc_separator_align_center vc_sep_width_100 vc_sep_pos_align_center vc_separator_no_text vc_sep_color_sky\"><span\n\t\tclass=\"vc_sep_holder vc_sep_holder_l\"><span\t\t\tclass=\"vc_sep_line\"><\/span><\/span><span\n\t\tclass=\"vc_sep_holder vc_sep_holder_r\"><span class=\"vc_sep_line\"><\/span><\/span>\n\t<\/div>\n<\/div><\/div><\/div><div class=\"vc_row wpb_row vc_row-fluid\"><div class=\"wpb_column vc_column_container vc_col-sm-8\"><div class=\"wpb_wrapper\"><\/div><\/div><div class=\"wpb_column vc_column_container vc_col-sm-4\"><div class=\"wpb_wrapper\"><h3 style=\"text-align: center;font-family:Roboto;font-weight:400;font-style:normal\" class=\"vc_custom_heading\">\u0423\u043a\u0440\u0430\u0438\u043d\u0430 \u043e\u0444\u0438\u0441<\/h3><div class=\"get_in_touch\" style=\"background-image:url(http:\/\/simatlas.com.tr\/wp-content\/uploads\/2015\/08\/Blurred-Background.jpg);\"><h3>Anna Babkina<\/h3><div class=\"get_in_touch_wrapper\"><ul><li class=\"address\"><span class=\"icon\"><i class=\"icon-location\"><\/i><\/span><span class=\"address_wrapper\">\u0423\u043a\u0440\u0430\u0438\u043d\u0430, \u0417\u0430\u043f\u043e\u0440\u043e\u0436\u0441\u043a\u0430\u044f \u043e\u0431\u043b\u0430\u0441\u0442\u044c, \u0417\u0430\u043f\u043e\u0440\u043e\u0436\u044c\u0435<\/span><\/li><li class=\"phone phone-1\"><span class=\"icon\"><i class=\"icon-phone\"><\/i><\/span><p><a href=\"tel:+380(97)597-62-20\">+380(97)597-62-20<\/a><\/p><\/li><li class=\"phone phone-2\"><span class=\"icon\"><i class=\"icon-phone\"><\/i><\/span><p><a href=\"tel:+380(73)122-59-64\">+380(73)122-59-64<\/a><\/p><\/li><\/ul><\/div><\/div>\n<\/div><\/div><\/div><div class=\"vc_row wpb_row vc_row-fluid\"><div class=\"wpb_column vc_column_container vc_col-sm-4\"><div class=\"wpb_wrapper\"><\/div><\/div><div class=\"wpb_column vc_column_container vc_col-sm-4\"><div class=\"wpb_wrapper\">\n\t<div class=\"wpb_text_column wpb_content_element \">\n\t\t<div class=\"wpb_wrapper\">\n\t\t\t<p>\u041d\u0435 \u0437\u0430\u0431\u0443\u0434\u044c\u0442\u0435 \u0443\u043a\u0430\u0437\u0430\u0442\u044c, \u043a\u043e\u0434 \u043f\u0440\u043e\u0434\u0443\u043a\u0442\u0430 \u0438 \u043a\u043e\u043b\u0438\u0447\u0435\u0441\u0442\u0432\u043e \u0437\u0430\u043a\u0430\u0437\u0430.<\/p>\n\n\t\t<\/div> \n\t<\/div> \n\t<div class=\"wpb_text_column wpb_content_element \">\n\t\t<div class=\"wpb_wrapper\">\n\t\t\t\n<div class=\"wpcf7 no-js\" id=\"wpcf7-f629-o1\" lang=\"tr-TR\" dir=\"ltr\">\n<div class=\"screen-reader-response\"><p role=\"status\" aria-live=\"polite\" aria-atomic=\"true\"><\/p> <ul><\/ul><\/div>\n<form action=\"\/ru\/wp-json\/wp\/v2\/pages\/564#wpcf7-f629-o1\" method=\"post\" class=\"wpcf7-form init\" aria-label=\"Contact form\" novalidate=\"novalidate\" data-status=\"init\">\n<div style=\"display: none;\">\n<input type=\"hidden\" name=\"_wpcf7\" value=\"629\" \/>\n<input type=\"hidden\" name=\"_wpcf7_version\" value=\"5.9.8\" \/>\n<input type=\"hidden\" name=\"_wpcf7_locale\" value=\"tr_TR\" \/>\n<input type=\"hidden\" name=\"_wpcf7_unit_tag\" value=\"wpcf7-f629-o1\" \/>\n<input type=\"hidden\" name=\"_wpcf7_container_post\" value=\"0\" \/>\n<input type=\"hidden\" name=\"_wpcf7_posted_data_hash\" value=\"\" \/>\n<\/div>\n<p>\u041d\u0430\u0437\u0432\u0430\u043d\u0438\u0435 \u043a\u043e\u043c\u043f\u0430\u043d\u0438\u0438 (\u043e\u0431\u044f\u0437\u0430\u0442\u0435\u043b\u044c\u043d\u043e)\n<\/p>\n<p><span class=\"wpcf7-form-control-wrap\" data-name=\"your-name\"><input size=\"40\" maxlength=\"400\" class=\"wpcf7-form-control wpcf7-text wpcf7-validates-as-required\" aria-required=\"true\" aria-invalid=\"false\" value=\"\" type=\"text\" name=\"your-name\" \/><\/span>\n<\/p>\n<p>E-Mail (\u043e\u0431\u044f\u0437\u0430\u0442\u0435\u043b\u044c\u043d\u043e)\n<\/p>\n<p><span class=\"wpcf7-form-control-wrap\" data-name=\"your-email\"><input size=\"40\" maxlength=\"400\" class=\"wpcf7-form-control wpcf7-email wpcf7-validates-as-required wpcf7-text wpcf7-validates-as-email\" aria-required=\"true\" aria-invalid=\"false\" value=\"\" type=\"email\" name=\"your-email\" \/><\/span>\n<\/p>\n<p>\u0412\u0430\u0448 \u043d\u043e\u043c\u0435\u0440 \u0442\u0435\u043b\u0435\u0444\u043e\u043d\u0430\n<\/p>\n<p><span class=\"wpcf7-form-control-wrap\" data-name=\"your-subject\"><input size=\"40\" maxlength=\"400\" class=\"wpcf7-form-control wpcf7-text\" aria-invalid=\"false\" value=\"\" type=\"text\" name=\"your-subject\" \/><\/span>\n<\/p>\n<p>\u0412\u0430\u0448\u0435 \u0441\u043e\u043e\u0431\u0449\u0435\u043d\u0438\u0435\n<\/p>\n<p><span class=\"wpcf7-form-control-wrap\" data-name=\"your-subject\"><input size=\"40\" maxlength=\"400\" class=\"wpcf7-form-control wpcf7-text\" aria-invalid=\"false\" value=\"\" type=\"text\" name=\"your-subject\" \/><\/span>\n<\/p>\n<p><input class=\"wpcf7-form-control wpcf7-submit has-spinner\" type=\"submit\" value=\"\u041e\u0442\u043f\u0440\u0430\u0432\u0438\u0442\u044c\" \/>\n<\/p><p style=\"display: none !important;\" class=\"akismet-fields-container\" data-prefix=\"_wpcf7_ak_\"><label>&#916;<textarea name=\"_wpcf7_ak_hp_textarea\" cols=\"45\" rows=\"8\" maxlength=\"100\"><\/textarea><\/label><input type=\"hidden\" id=\"ak_js_1\" name=\"_wpcf7_ak_js\" value=\"46\"\/><script>document.getElementById( \"ak_js_1\" ).setAttribute( \"value\", ( new Date() ).getTime() );<\/script><\/p><div class=\"wpcf7-response-output\" aria-hidden=\"true\"><\/div>\n<\/form>\n<\/div>\n\n\n\t\t<\/div> \n\t<\/div> <\/div><\/div><div class=\"wpb_column vc_column_container vc_col-sm-4\"><div class=\"wpb_wrapper\"><\/div><\/div><\/div>\n","protected":false},"excerpt":{"rendered":"\u0410\u0434\u0440\u0435\u0441 \u043d\u0430\u0448\u0435\u0433\u043e \u0437\u0430\u0432\u043e\u0434\u0430\u00c7a\u011flayan Yayla Sk. No ; 46 \/A Ka\u011f\u0131thane \u0130stanbul+90 212 343 32 42+90 532 496 32 34kalkankalip@hotmail.com.path{fill:none;stroke:#333;stroke-miterlimit:10;stroke-width:1.5px;}kalkankelepce@hotmail.com \u041d\u0430\u0448 \u0444\u0438\u043b\u0438\u0430\u043b \u0432 \u0410\u043d\u0442\u0430\u043b\u044c\u0438\u00dc\u00e7gen Mah. G\u00fcll\u00fck cd.<span class=\"excerpt-hellip\"> [\u2026]<\/span>","protected":false},"author":1,"featured_media":0,"parent":0,"menu_order":0,"comment_status":"open","ping_status":"open","template":"","meta":{"footnotes":""},"_links":{"self":[{"href":"http:\/\/simatlas.com.tr\/ru\/wp-json\/wp\/v2\/pages\/564"}],"collection":[{"href":"http:\/\/simatlas.com.tr\/ru\/wp-json\/wp\/v2\/pages"}],"about":[{"href":"http:\/\/simatlas.com.tr\/ru\/wp-json\/wp\/v2\/types\/page"}],"author":[{"embeddable":true,"href":"http:\/\/simatlas.com.tr\/ru\/wp-json\/wp\/v2\/users\/1"}],"replies":[{"embeddable":true,"href":"http:\/\/simatlas.com.tr\/ru\/wp-json\/wp\/v2\/comments?post=564"}],"version-history":[{"count":13,"href":"http:\/\/simatlas.com.tr\/ru\/wp-json\/wp\/v2\/pages\/564\/revisions"}],"predecessor-version":[{"id":1412,"href":"http:\/\/simatlas.com.tr\/ru\/wp-json\/wp\/v2\/pages\/564\/revisions\/1412"}],"wp:attachment":[{"href":"http:\/\/simatlas.com.tr\/ru\/wp-json\/wp\/v2\/media?parent=564"}],"curies":[{"name":"wp","href":"https:\/\/api.w.org\/{rel}","templated":true}]}}