{"id":560,"date":"2015-08-29T10:04:51","date_gmt":"2015-08-29T10:04:51","guid":{"rendered":"http:\/\/simatlas.com.tr\/ru\/?page_id=560"},"modified":"2015-12-01T17:23:52","modified_gmt":"2015-12-01T17:23:52","slug":"referanslarimiz","status":"publish","type":"page","link":"http:\/\/simatlas.com.tr\/ru\/referanslarimiz\/","title":{"rendered":"\u041d\u0430\u0448\u0438 \u043a\u043b\u0438\u0435\u043d\u0442\u044b"},"content":{"rendered":"<h3 style=\"text-align: center;\">\u0414\u0440\u0443\u0433\u0438\u0435 \u0441\u0441\u044b\u043b\u043a\u0438<\/h3>\n<p style=\"text-align: center;\">Alper Teknik H\u0131rdavat \/ Adana<br \/>\nAyata\u00a0\u0130nsaat \/ K\u0131r\u0131kkale<br \/>\nEser Ziraai Aletler A.\u015e \/ Malatya<br \/>\nG\u00fcrse End\u00fcstriyel Yedek Par\u00e7a \/ Kayseri<br \/>\nSavrano\u011fullar\u0131 \/ Mersin<br \/>\nSami Alemdar \/ Manisa<\/p>\n","protected":false},"excerpt":{"rendered":"<p>\u0414\u0440\u0443\u0433\u0438\u0435 \u0441\u0441\u044b\u043b\u043a\u0438 Alper Teknik H\u0131rdavat \/ Adana Ayata\u00a0\u0130nsaat \/ K\u0131r\u0131kkale Eser Ziraai Aletler A.\u015e \/ Malatya G\u00fcrse End\u00fcstriyel Yedek Par\u00e7a \/ Kayseri Savrano\u011fullar\u0131 \/ Mersin Sami<span class=\"excerpt-hellip\"> [\u2026]<\/span><\/p>\n","protected":false},"author":1,"featured_media":0,"parent":0,"menu_order":0,"comment_status":"open","ping_status":"open","template":"","meta":{"footnotes":""},"_links":{"self":[{"href":"http:\/\/simatlas.com.tr\/ru\/wp-json\/wp\/v2\/pages\/560"}],"collection":[{"href":"http:\/\/simatlas.com.tr\/ru\/wp-json\/wp\/v2\/pages"}],"about":[{"href":"http:\/\/simatlas.com.tr\/ru\/wp-json\/wp\/v2\/types\/page"}],"author":[{"embeddable":true,"href":"http:\/\/simatlas.com.tr\/ru\/wp-json\/wp\/v2\/users\/1"}],"replies":[{"embeddable":true,"href":"http:\/\/simatlas.com.tr\/ru\/wp-json\/wp\/v2\/comments?post=560"}],"version-history":[{"count":9,"href":"http:\/\/simatlas.com.tr\/ru\/wp-json\/wp\/v2\/pages\/560\/revisions"}],"predecessor-version":[{"id":923,"href":"http:\/\/simatlas.com.tr\/ru\/wp-json\/wp\/v2\/pages\/560\/revisions\/923"}],"wp:attachment":[{"href":"http:\/\/simatlas.com.tr\/ru\/wp-json\/wp\/v2\/media?parent=560"}],"curies":[{"name":"wp","href":"https:\/\/api.w.org\/{rel}","templated":true}]}}