{"id":1380,"date":"2020-02-26T11:58:42","date_gmt":"2020-02-26T11:58:42","guid":{"rendered":"http:\/\/simatlas.com.tr\/ru\/spring-type-clamp\/"},"modified":"2023-10-23T11:31:00","modified_gmt":"2023-10-23T11:31:00","slug":"spring-type-clamp","status":"publish","type":"page","link":"http:\/\/simatlas.com.tr\/ru\/spring-type-clamp\/","title":{"rendered":"Spring Type Clamp"},"content":{"rendered":"<div class=\"vc_row wpb_row vc_row-fluid\"><div class=\"wpb_column vc_column_container vc_col-sm-12\"><div class=\"wpb_wrapper\"><h2 style=\"text-align: center;font-family:Abril Fatface;font-weight:400;font-style:normal\" class=\"vc_custom_heading\">Spring Type Clamp<\/h2><\/div><\/div><\/div><div class=\"vc_row wpb_row vc_row-fluid\"><div class=\"wpb_column vc_column_container vc_col-sm-6\"><div class=\"wpb_wrapper\">\n\t<div class=\"wpb_gallery wpb_content_element vc_clearfix\">\n\t\t<div class=\"wpb_wrapper\"><div class=\"wpb_gallery_slides wpb_flexslider flexslider_fade flexslider\" data-interval=\"3\" data-flex_fx=\"fade\"><ul class=\"slides\"><li><a class=\"prettyphoto\" href=\"http:\/\/simatlas.com.tr\/wp-content\/uploads\/2020\/02\/yayl\u0131-kelepc\u0327e.png\" rel=\"prettyPhoto[rel-1380-766451361]\"><img loading=\"lazy\" decoding=\"async\" class=\"\" src=\"http:\/\/simatlas.com.tr\/wp-content\/uploads\/2020\/02\/yayl\u0131-kelepc\u0327e-400x250.png\" width=\"400\" height=\"250\" alt=\"Yayl\u0131 Kelepc\u0327e\" title=\"Yayl\u0131 Kelepc\u0327e\"\" \/><\/a><\/li><\/ul><\/div>\n\t\t<\/div> \n\t<\/div> <\/div><\/div><div class=\"wpb_column vc_column_container vc_col-sm-6\"><div class=\"wpb_wrapper\">\n\t<div class=\"wpb_text_column wpb_content_element \">\n\t\t<div class=\"wpb_wrapper\">\n\t\t\t<p><strong>PRODUCT DETAIL<\/strong><\/p>\n<p>Product Name: Clamping Clamp 304 Stainless<br \/>\nManufacturer: Simatlas Metal Tekstil Import Export San.Tic Ltd.\u015eti<br \/>\nProduct Code: KYK.101- 117<br \/>\nBrand: Kalkan<\/p>\n<p><strong>PRODUCT FEATURES<\/strong><\/p>\n<p>Material: Carbon Steel<br \/>\nColor: Galvanized Coating<br \/>\nPackaging: Plastic Bag In 1 Carton Box<\/p>\n\n\t\t<\/div> \n\t<\/div> \t<div class=\"vc_btn3-container vc_btn3-inline\"><a class=\"vc_general vc_btn3 vc_btn3-size-md vc_btn3-shape-rounded vc_btn3-style-3d vc_btn3-color-grey\" href=\"http:\/\/simatlas.com.tr\/iletisim\/\" title=\"\" target=\"_self\">Proposal form<\/a><\/div><\/div><\/div><\/div><div class=\"vc_row wpb_row vc_row-fluid\"><div class=\"wpb_column vc_column_container vc_col-sm-12\"><div class=\"wpb_wrapper\">\n\t<div class=\"wpb_text_column wpb_content_element  vc_custom_1582719949527\">\n\t\t<div class=\"wpb_wrapper\">\n\t\t\t<table width=\"496\">\n<tbody>\n<tr>\n<td width=\"68\">\u00a0<strong>\u00d6L\u00c7\u00dc mm<\/strong><\/td>\n<td width=\"88\"><strong>HORTUM mm<\/strong><\/td>\n<td width=\"106\"><strong>MAK.ACIKLIK<\/strong><\/td>\n<td width=\"106\"><strong>BAND\/KALINLIK<\/strong><\/td>\n<td width=\"64\"><strong>PAKET AD<\/strong><\/td>\n<td width=\"64\"><strong>F\u0130YAT<\/strong><\/td>\n<\/tr>\n<tr>\n<td><strong>S\u0130ZE mm<\/strong><\/td>\n<td><strong>HOSE mm<\/strong><\/td>\n<td><strong>MAX.D\u0130AMETER<\/strong><\/td>\n<td><strong>BAND\/TH\u0130CKNESS<\/strong><\/td>\n<td><strong>BAG PCS<\/strong><\/td>\n<td><strong>PR\u0130CE<\/strong><\/td>\n<\/tr>\n<tr>\n<td>6<\/td>\n<td>6.5<\/td>\n<td>7.1<\/td>\n<td>6*0.6 mm<\/td>\n<td>100<\/td>\n<td>4,40<\/td>\n<\/tr>\n<tr>\n<td>7<\/td>\n<td>7.6<\/td>\n<td>8.3<\/td>\n<td>8*0.6 mm<\/td>\n<td>100<\/td>\n<td>4,60<\/td>\n<\/tr>\n<tr>\n<td>8<\/td>\n<td>8.6<\/td>\n<td>9.5<\/td>\n<td>8*0.7 mm<\/td>\n<td>100<\/td>\n<td>4,80<\/td>\n<\/tr>\n<tr>\n<td>9<\/td>\n<td>9.7<\/td>\n<td>10.7<\/td>\n<td>8*0.7 mm<\/td>\n<td>100<\/td>\n<td>5,20<\/td>\n<\/tr>\n<tr>\n<td>9.5.<\/td>\n<td>10.3<\/td>\n<td>11.3<\/td>\n<td>8*0.8 mm<\/td>\n<td>100<\/td>\n<td>5,60<\/td>\n<\/tr>\n<tr>\n<td>10<\/td>\n<td>10.8<\/td>\n<td>11.9<\/td>\n<td>8*0.8 mm<\/td>\n<td>100<\/td>\n<td>5,60<\/td>\n<\/tr>\n<tr>\n<td>11<\/td>\n<td>11.9<\/td>\n<td>13.1<\/td>\n<td>10*0.8 mm<\/td>\n<td>100<\/td>\n<td>5,80<\/td>\n<\/tr>\n<tr>\n<td>12<\/td>\n<td>13.0<\/td>\n<td>14.3<\/td>\n<td>10*0.8 mm<\/td>\n<td>100<\/td>\n<td>6,20<\/td>\n<\/tr>\n<tr>\n<td>8<\/td>\n<td>14.0<\/td>\n<td>15.5<\/td>\n<td>10*0.8 mm<\/td>\n<td>100<\/td>\n<td>6,40<\/td>\n<\/tr>\n<tr>\n<td>14<\/td>\n<td>15.1<\/td>\n<td>16.7<\/td>\n<td>12*1.0 mm<\/td>\n<td>100<\/td>\n<td>6,60<\/td>\n<\/tr>\n<tr>\n<td>15<\/td>\n<td>16.2<\/td>\n<td>17.9<\/td>\n<td>10*1.0 mm<\/td>\n<td>100<\/td>\n<td>6,80<\/td>\n<\/tr>\n<tr>\n<td>16<\/td>\n<td>17.3<\/td>\n<td>19.1<\/td>\n<td>12*1.0 mm<\/td>\n<td>100<\/td>\n<td>7,20<\/td>\n<\/tr>\n<tr>\n<td>17<\/td>\n<td>18.4<\/td>\n<td>20.2<\/td>\n<td>12*1.0 mm<\/td>\n<td>100<\/td>\n<td>7,40<\/td>\n<\/tr>\n<tr>\n<td>18<\/td>\n<td>19.4<\/td>\n<td>21.4<\/td>\n<td>12*1.0 mm<\/td>\n<td>100<\/td>\n<td>7,60<\/td>\n<\/tr>\n<tr>\n<td>19<\/td>\n<td>20.5<\/td>\n<td>22.6<\/td>\n<td>12*1.0 mm<\/td>\n<td>100<\/td>\n<td>7,80<\/td>\n<\/tr>\n<tr>\n<td>20<\/td>\n<td>21.6<\/td>\n<td>23.8<\/td>\n<td>12*1.0 mm<\/td>\n<td>100<\/td>\n<td>8,60<\/td>\n<\/tr>\n<tr>\n<td>21<\/td>\n<td>22.7<\/td>\n<td>25.0<\/td>\n<td>12*1.2 mm<\/td>\n<td>100<\/td>\n<td>9,20<\/td>\n<\/tr>\n<tr>\n<td>22<\/td>\n<td>23.5<\/td>\n<td>26.0<\/td>\n<td>12*1.2 mm<\/td>\n<td>100<\/td>\n<td>9,60<\/td>\n<\/tr>\n<tr>\n<td>23<\/td>\n<td>24.8<\/td>\n<td>27.4<\/td>\n<td>15*1.5 mm<\/td>\n<td>100<\/td>\n<td>9,80<\/td>\n<\/tr>\n<tr>\n<td>24<\/td>\n<td>25.9<\/td>\n<td>28.5<\/td>\n<td>15*1.5 mm<\/td>\n<td>100<\/td>\n<td>10,20<\/td>\n<\/tr>\n<\/tbody>\n<\/table>\n\n\t\t<\/div> \n\t<\/div> <\/div><\/div><\/div>\n","protected":false},"excerpt":{"rendered":"Spring Type Clamp","protected":false},"author":1,"featured_media":0,"parent":0,"menu_order":0,"comment_status":"open","ping_status":"open","template":"","meta":{"footnotes":""},"_links":{"self":[{"href":"http:\/\/simatlas.com.tr\/ru\/wp-json\/wp\/v2\/pages\/1380"}],"collection":[{"href":"http:\/\/simatlas.com.tr\/ru\/wp-json\/wp\/v2\/pages"}],"about":[{"href":"http:\/\/simatlas.com.tr\/ru\/wp-json\/wp\/v2\/types\/page"}],"author":[{"embeddable":true,"href":"http:\/\/simatlas.com.tr\/ru\/wp-json\/wp\/v2\/users\/1"}],"replies":[{"embeddable":true,"href":"http:\/\/simatlas.com.tr\/ru\/wp-json\/wp\/v2\/comments?post=1380"}],"version-history":[{"count":4,"href":"http:\/\/simatlas.com.tr\/ru\/wp-json\/wp\/v2\/pages\/1380\/revisions"}],"predecessor-version":[{"id":1444,"href":"http:\/\/simatlas.com.tr\/ru\/wp-json\/wp\/v2\/pages\/1380\/revisions\/1444"}],"wp:attachment":[{"href":"http:\/\/simatlas.com.tr\/ru\/wp-json\/wp\/v2\/media?parent=1380"}],"curies":[{"name":"wp","href":"https:\/\/api.w.org\/{rel}","templated":true}]}}