{"id":1233,"date":"2016-04-18T06:40:36","date_gmt":"2016-04-18T06:40:36","guid":{"rendered":"http:\/\/simatlas.com.tr\/ru\/?page_id=1233"},"modified":"2016-04-18T06:41:20","modified_gmt":"2016-04-18T06:41:20","slug":"%d1%82%d1%80%d1%83%d0%b1%d0%b0-%d1%81-%d0%b7%d0%b0%d1%89%d0%b5%d0%bb%d0%ba%d0%be%d0%b9-%d0%bf%d1%80%d0%be%d0%bc%d0%b5%d0%b6%d1%83%d1%82%d0%be%d1%87%d0%bd%d0%b0%d1%8f","status":"publish","type":"page","link":"http:\/\/simatlas.com.tr\/ru\/%d1%82%d1%80%d1%83%d0%b1%d0%b0-%d1%81-%d0%b7%d0%b0%d1%89%d0%b5%d0%bb%d0%ba%d0%be%d0%b9-%d0%bf%d1%80%d0%be%d0%bc%d0%b5%d0%b6%d1%83%d1%82%d0%be%d1%87%d0%bd%d0%b0%d1%8f\/","title":{"rendered":"\u0422\u0440\u0443\u0431\u0430 \u0441 \u0437\u0430\u0449\u0435\u043b\u043a\u043e\u0439 \u043f\u0440\u043e\u043c\u0435\u0436\u0443\u0442\u043e\u0447\u043d\u0430\u044f"},"content":{"rendered":"<div class=\"vc_row wpb_row vc_row-fluid\"><div class=\"wpb_column vc_column_container vc_col-sm-12\"><div class=\"wpb_wrapper\"><h2 style=\"text-align: center;font-family:Abril Fatface;font-weight:;font-style:\" class=\"vc_custom_heading\">\u0422\u0440\u0443\u0431\u0430 \u0441 \u0437\u0430\u0449\u0435\u043b\u043a\u043e\u0439 \u043f\u0440\u043e\u043c\u0435\u0436\u0443\u0442\u043e\u0447\u043d\u0430\u044f<\/h2><\/div><\/div><\/div><div class=\"vc_row wpb_row vc_row-fluid\"><div class=\"wpb_column vc_column_container vc_col-sm-6\"><div class=\"wpb_wrapper\">\n\t<div class=\"wpb_gallery wpb_content_element vc_clearfix\">\n\t\t<div class=\"wpb_wrapper\"><div class=\"wpb_gallery_slides wpb_flexslider flexslider_fade flexslider\" data-interval=\"3\" data-flex_fx=\"fade\"><ul class=\"slides\"><li><a class=\"prettyphoto\" href=\"http:\/\/simatlas.com.tr\/wp-content\/uploads\/2016\/03\/bff71mandalli-gubreleme-ara-borusu.jpg\" rel=\"prettyPhoto[rel-1233-290533327]\"><img loading=\"lazy\" decoding=\"async\" class=\"\" src=\"http:\/\/simatlas.com.tr\/wp-content\/uploads\/2016\/03\/bff71mandalli-gubreleme-ara-borusu-400x250.jpg\" width=\"400\" height=\"250\" alt=\"bff71mandalli-gubreleme-ara-borusu\" title=\"bff71mandalli-gubreleme-ara-borusu\"\" \/><\/a><\/li><\/ul><\/div>\n\t\t<\/div> \n\t<\/div> <\/div><\/div><div class=\"wpb_column vc_column_container vc_col-sm-6\"><div class=\"wpb_wrapper\">\n\t<div class=\"wpb_text_column wpb_content_element \">\n\t\t<div class=\"wpb_wrapper\">\n\t\t\t<p><strong>\u041a\u0440\u0430\u0442\u043a\u043e\u0435 \u043e\u043f\u0438\u0441\u0430\u043d\u0438\u0435<\/strong><\/p>\n<p>\u041d\u0430\u0437\u0432\u0430\u043d\u0438\u0435 \u043c\u043e\u0434\u0435\u043b\u0438: \u0422\u0440\u0443\u0431\u0430 \u0441 \u0437\u0430\u0449\u0435\u043b\u043a\u043e\u0439 \u043f\u0440\u043e\u043c\u0435\u0436\u0443\u0442\u043e\u0447\u043d\u0430\u044f<br \/>\n\u041d\u0430\u0437\u0432\u0430\u043d\u0438\u0435 \u0444\u0438\u0440\u043c\u044b-\u043f\u0440\u043e\u0438\u0437\u0432\u043e\u0434\u0438\u0442\u0435\u043b\u044f: Simatlas Metal Tekstil \u0130thalat \u0130hracat San.Tic Ltd.\u015eti<br \/>\n\u0410\u0440\u0442\u0438\u043a\u0443\u043b \u043c\u043e\u0434\u0435\u043b\u0438: KMB.101- 106<br \/>\n\u041d\u0430\u0438\u043c\u0435\u043d\u043e\u0432\u0430\u043d\u0438\u0435 \u0431\u0440\u0435\u043d\u0434\u0430: Kalkan<\/p>\n\n\t\t<\/div> \n\t<\/div> \t<div class=\"vc_btn3-container vc_btn3-inline\"><a class=\"vc_general vc_btn3 vc_btn3-size-md vc_btn3-shape-rounded vc_btn3-style-3d vc_btn3-color-grey\" href=\"http:\/\/simatlas.com.tr\/ru\/kontakty\/\" title=\"\" target=\"_self\">\u0424\u043e\u0440\u043c\u0430 \u043f\u0440\u0435\u0434\u043b\u043e\u0436\u0435\u043d\u0438\u0435<\/a><\/div><\/div><\/div><\/div><div class=\"vc_row wpb_row vc_row-fluid\"><div class=\"wpb_column vc_column_container vc_col-sm-12\"><div class=\"wpb_wrapper\">\n\t<div class=\"wpb_text_column wpb_content_element  vc_custom_1458737227359\">\n\t\t<div class=\"wpb_wrapper\">\n\t\t\t<table width=\"191\">\n<tbody>\n<tr>\n<td width=\"120\"><strong>KODU<\/strong><\/td>\n<td width=\"71\"><strong>EBAT<\/strong><\/td>\n<\/tr>\n<tr>\n<td>KMB.101<\/td>\n<td>75<\/td>\n<\/tr>\n<tr>\n<td>KMB.102<\/td>\n<td>90<\/td>\n<\/tr>\n<tr>\n<td>KMB.103<\/td>\n<td>110<\/td>\n<\/tr>\n<tr>\n<td>KMB.104<\/td>\n<td>125<\/td>\n<\/tr>\n<tr>\n<td>KMB.105<\/td>\n<td>140<\/td>\n<\/tr>\n<tr>\n<td>KMB.106<\/td>\n<td>160<\/td>\n<\/tr>\n<\/tbody>\n<\/table>\n\n\t\t<\/div> \n\t<\/div> <\/div><\/div><\/div>\n","protected":false},"excerpt":{"rendered":"\u0422\u0440\u0443\u0431\u0430 \u0441 \u0437\u0430\u0449\u0435\u043b\u043a\u043e\u0439 \u043f\u0440\u043e\u043c\u0435\u0436\u0443\u0442\u043e\u0447\u043d\u0430\u044f","protected":false},"author":1,"featured_media":0,"parent":0,"menu_order":0,"comment_status":"open","ping_status":"open","template":"","meta":{"footnotes":""},"_links":{"self":[{"href":"http:\/\/simatlas.com.tr\/ru\/wp-json\/wp\/v2\/pages\/1233"}],"collection":[{"href":"http:\/\/simatlas.com.tr\/ru\/wp-json\/wp\/v2\/pages"}],"about":[{"href":"http:\/\/simatlas.com.tr\/ru\/wp-json\/wp\/v2\/types\/page"}],"author":[{"embeddable":true,"href":"http:\/\/simatlas.com.tr\/ru\/wp-json\/wp\/v2\/users\/1"}],"replies":[{"embeddable":true,"href":"http:\/\/simatlas.com.tr\/ru\/wp-json\/wp\/v2\/comments?post=1233"}],"version-history":[{"count":1,"href":"http:\/\/simatlas.com.tr\/ru\/wp-json\/wp\/v2\/pages\/1233\/revisions"}],"predecessor-version":[{"id":1234,"href":"http:\/\/simatlas.com.tr\/ru\/wp-json\/wp\/v2\/pages\/1233\/revisions\/1234"}],"wp:attachment":[{"href":"http:\/\/simatlas.com.tr\/ru\/wp-json\/wp\/v2\/media?parent=1233"}],"curies":[{"name":"wp","href":"https:\/\/api.w.org\/{rel}","templated":true}]}}