{"id":1215,"date":"2016-03-23T10:06:32","date_gmt":"2016-03-23T10:06:32","guid":{"rendered":"http:\/\/simatlas.com.tr\/ru\/pipe-nipple-hose-mender\/"},"modified":"2016-04-16T07:08:59","modified_gmt":"2016-04-16T07:08:59","slug":"%d0%bd%d0%b8%d0%bf%d0%bf%d0%b5%d0%bb%d1%8c-%d0%b4%d0%bb%d1%8f-%d0%bc%d1%83%d1%84%d1%82%d1%8b","status":"publish","type":"page","link":"http:\/\/simatlas.com.tr\/ru\/%d0%bd%d0%b8%d0%bf%d0%bf%d0%b5%d0%bb%d1%8c-%d0%b4%d0%bb%d1%8f-%d0%bc%d1%83%d1%84%d1%82%d1%8b\/","title":{"rendered":"\u041d\u0438\u043f\u043f\u0435\u043b\u044c \u0434\u043b\u044f \u043c\u0443\u0444\u0442\u044b"},"content":{"rendered":"<div class=\"vc_row wpb_row vc_row-fluid\"><div class=\"wpb_column vc_column_container vc_col-sm-12\"><div class=\"wpb_wrapper\"><h2 style=\"text-align: center;font-family:Abril Fatface;font-weight:;font-style:\" class=\"vc_custom_heading\">\u041d\u0438\u043f\u043f\u0435\u043b\u044c \u0434\u043b\u044f \u043c\u0443\u0444\u0442\u044b<\/h2><\/div><\/div><\/div><div class=\"vc_row wpb_row vc_row-fluid\"><div class=\"wpb_column vc_column_container vc_col-sm-6\"><div class=\"wpb_wrapper\">\n\t<div class=\"wpb_gallery wpb_content_element vc_clearfix\">\n\t\t<div class=\"wpb_wrapper\"><div class=\"wpb_gallery_slides wpb_flexslider flexslider_fade flexslider\" data-interval=\"3\" data-flex_fx=\"fade\"><ul class=\"slides\"><li><a class=\"prettyphoto\" href=\"http:\/\/simatlas.com.tr\/wp-content\/uploads\/2016\/03\/6b03ehortum-eki.jpg\" rel=\"prettyPhoto[rel-1215-1087782189]\"><img loading=\"lazy\" decoding=\"async\" class=\"\" src=\"http:\/\/simatlas.com.tr\/wp-content\/uploads\/2016\/03\/6b03ehortum-eki-400x250.jpg\" width=\"400\" height=\"250\" alt=\"6b03ehortum-eki\" title=\"6b03ehortum-eki\"\" \/><\/a><\/li><\/ul><\/div>\n\t\t<\/div> \n\t<\/div> <\/div><\/div><div class=\"wpb_column vc_column_container vc_col-sm-6\"><div class=\"wpb_wrapper\">\n\t<div class=\"wpb_text_column wpb_content_element \">\n\t\t<div class=\"wpb_wrapper\">\n\t\t\t<p><strong><strong>\u041a\u0440\u0430\u0442\u043a\u043e\u0435 \u043e\u043f\u0438\u0441\u0430\u043d\u0438\u0435<\/strong><br \/>\n<\/strong>\u041d\u0430\u0437\u0432\u0430\u043d\u0438\u0435 \u043c\u043e\u0434\u0435\u043b\u0438: \u041d\u0438\u043f\u043f\u0435\u043b\u044c \u0434\u043b\u044f \u043c\u0443\u0444\u0442\u044b<br \/>\n\u041d\u0430\u0437\u0432\u0430\u043d\u0438\u0435 \u0444\u0438\u0440\u043c\u044b-\u043f\u0440\u043e\u0438\u0437\u0432\u043e\u0434\u0438\u0442\u0435\u043b\u044f: Simatlas Metal Tekstil \u0130thalat \u0130hracat San.Tic Ltd.\u015eti<br \/>\n\u0410\u0440\u0442\u0438\u043a\u0443\u043b \u043c\u043e\u0434\u0435\u043b\u0438: KHE.101- 109<br \/>\n\u041d\u0430\u0438\u043c\u0435\u043d\u043e\u0432\u0430\u043d\u0438\u0435 \u0431\u0440\u0435\u043d\u0434\u0430: Kalkan<\/p>\n\n\t\t<\/div> \n\t<\/div> \t<div class=\"vc_btn3-container vc_btn3-inline\"><a class=\"vc_general vc_btn3 vc_btn3-size-md vc_btn3-shape-rounded vc_btn3-style-3d vc_btn3-color-grey\" href=\"http:\/\/simatlas.com.tr\/ru\/kontakty\/\" title=\"\" target=\"_self\">\u0424\u043e\u0440\u043c\u0430 \u043f\u0440\u0435\u0434\u043b\u043e\u0436\u0435\u043d\u0438\u0435<\/a><\/div><\/div><\/div><\/div><div class=\"vc_row wpb_row vc_row-fluid\"><div class=\"wpb_column vc_column_container vc_col-sm-4\"><div class=\"wpb_wrapper\"><\/div><\/div><div class=\"wpb_column vc_column_container vc_col-sm-4\"><div class=\"wpb_wrapper\">\n\t<div class=\"wpb_text_column wpb_content_element  vc_custom_1458732202253\">\n\t\t<div class=\"wpb_wrapper\">\n\t\t\t<table class=\" aligncenter\" style=\"border-collapse: collapse; width: 130pt; font-stretch: inherit; border-spacing: 0px; border-radius: 5px; orphans: auto; text-align: start; widows: 1; -webkit-text-stroke-width: 0px;\" border=\"0\" width=\"174\" cellspacing=\"0\" cellpadding=\"0\">\n<colgroup>\n<col style=\"width: 65pt;\" span=\"2\" width=\"87\" \/> <\/colgroup>\n<tbody>\n<tr style=\"height: 17.0pt; font-style: inherit; font-variant: inherit; font-weight: inherit; font-stretch: inherit; font-size: inherit; line-height: inherit;\">\n<td class=\"xl63\" style=\"height: 17.0pt; width: 65pt; border: rgba(0, 0, 0, 0.0784314); font-style: inherit; font-variant: inherit; font-weight: inherit; font-stretch: inherit; font-size: inherit; line-height: inherit;\" width=\"87\" height=\"23\"><strong>KODU<\/strong><\/td>\n<td class=\"xl63\" style=\"width: 65pt; border: rgba(0, 0, 0, 0.0784314); font-style: inherit; font-variant: inherit; font-weight: inherit; font-stretch: inherit; font-size: inherit; line-height: inherit;\" width=\"87\"><strong>EBAT<\/strong><\/td>\n<\/tr>\n<tr style=\"height: 17.0pt; font-style: inherit; font-variant: inherit; font-weight: inherit; font-stretch: inherit; font-size: inherit; line-height: inherit;\">\n<td class=\"xl64\" style=\"height: 17.0pt; border: rgba(0, 0, 0, 0.0784314); font-style: inherit; font-variant: inherit; font-weight: inherit; font-stretch: inherit; font-size: inherit; line-height: inherit; background: rgba(0, 0, 0, 0.00784314);\" height=\"23\">KHE.101<\/td>\n<td class=\"xl64\" style=\"border: rgba(0, 0, 0, 0.0784314); font-style: inherit; font-variant: inherit; font-weight: inherit; font-stretch: inherit; font-size: inherit; line-height: inherit; background: rgba(0, 0, 0, 0.00784314);\">1 \u201d<\/td>\n<\/tr>\n<tr style=\"height: 17.0pt; font-style: inherit; font-variant: inherit; font-weight: inherit; font-stretch: inherit; font-size: inherit; line-height: inherit;\">\n<td class=\"xl64\" style=\"height: 17.0pt; border: rgba(0, 0, 0, 0.0784314); font-style: inherit; font-variant: inherit; font-weight: inherit; font-stretch: inherit; font-size: inherit; line-height: inherit;\" height=\"23\">KHE.102<\/td>\n<td class=\"xl64\" style=\"border: rgba(0, 0, 0, 0.0784314); font-style: inherit; font-variant: inherit; font-weight: inherit; font-stretch: inherit; font-size: inherit; line-height: inherit;\">1 1\/ 4 \u201d<\/td>\n<\/tr>\n<tr style=\"height: 17.0pt; font-style: inherit; font-variant: inherit; font-weight: inherit; font-stretch: inherit; font-size: inherit; line-height: inherit;\">\n<td class=\"xl64\" style=\"height: 17.0pt; border: rgba(0, 0, 0, 0.0784314); font-style: inherit; font-variant: inherit; font-weight: inherit; font-stretch: inherit; font-size: inherit; line-height: inherit; background: rgba(0, 0, 0, 0.00784314);\" height=\"23\">KHE.103<\/td>\n<td class=\"xl64\" style=\"border: rgba(0, 0, 0, 0.0784314); font-style: inherit; font-variant: inherit; font-weight: inherit; font-stretch: inherit; font-size: inherit; line-height: inherit; background: rgba(0, 0, 0, 0.00784314);\">1 1\/2 \u201d<\/td>\n<\/tr>\n<tr style=\"height: 17.0pt; font-style: inherit; font-variant: inherit; font-weight: inherit; font-stretch: inherit; font-size: inherit; line-height: inherit;\">\n<td class=\"xl64\" style=\"height: 17.0pt; border: rgba(0, 0, 0, 0.0784314); font-style: inherit; font-variant: inherit; font-weight: inherit; font-stretch: inherit; font-size: inherit; line-height: inherit;\" height=\"23\">KHE.104<\/td>\n<td class=\"xl64\" style=\"border: rgba(0, 0, 0, 0.0784314); font-style: inherit; font-variant: inherit; font-weight: inherit; font-stretch: inherit; font-size: inherit; line-height: inherit;\">2 \u201d<\/td>\n<\/tr>\n<tr style=\"height: 17.0pt; font-style: inherit; font-variant: inherit; font-weight: inherit; font-stretch: inherit; font-size: inherit; line-height: inherit;\">\n<td class=\"xl64\" style=\"height: 17.0pt; border: rgba(0, 0, 0, 0.0784314); font-style: inherit; font-variant: inherit; font-weight: inherit; font-stretch: inherit; font-size: inherit; line-height: inherit; background: rgba(0, 0, 0, 0.00784314);\" height=\"23\">KHE.105<\/td>\n<td class=\"xl64\" style=\"border: rgba(0, 0, 0, 0.0784314); font-style: inherit; font-variant: inherit; font-weight: inherit; font-stretch: inherit; font-size: inherit; line-height: inherit; background: rgba(0, 0, 0, 0.00784314);\">21\/2 \u201d<\/td>\n<\/tr>\n<tr style=\"height: 17.0pt; font-style: inherit; font-variant: inherit; font-weight: inherit; font-stretch: inherit; font-size: inherit; line-height: inherit;\">\n<td class=\"xl64\" style=\"height: 17.0pt; border: rgba(0, 0, 0, 0.0784314); font-style: inherit; font-variant: inherit; font-weight: inherit; font-stretch: inherit; font-size: inherit; line-height: inherit;\" height=\"23\">KHE.106<\/td>\n<td class=\"xl64\" style=\"border: rgba(0, 0, 0, 0.0784314); font-style: inherit; font-variant: inherit; font-weight: inherit; font-stretch: inherit; font-size: inherit; line-height: inherit;\">3\u201d<\/td>\n<\/tr>\n<tr style=\"height: 17.0pt; font-style: inherit; font-variant: inherit; font-weight: inherit; font-stretch: inherit; font-size: inherit; line-height: inherit;\">\n<td class=\"xl64\" style=\"height: 17.0pt; border: rgba(0, 0, 0, 0.0784314); font-style: inherit; font-variant: inherit; font-weight: inherit; font-stretch: inherit; font-size: inherit; line-height: inherit; background: rgba(0, 0, 0, 0.00784314);\" height=\"23\">KHE.107<\/td>\n<td class=\"xl64\" style=\"border: rgba(0, 0, 0, 0.0784314); font-style: inherit; font-variant: inherit; font-weight: inherit; font-stretch: inherit; font-size: inherit; line-height: inherit; background: rgba(0, 0, 0, 0.00784314);\">4\u201d<\/td>\n<\/tr>\n<tr style=\"height: 17.0pt; font-style: inherit; font-variant: inherit; font-weight: inherit; font-stretch: inherit; font-size: inherit; line-height: inherit;\">\n<td class=\"xl64\" style=\"height: 17.0pt; border: rgba(0, 0, 0, 0.0784314); font-style: inherit; font-variant: inherit; font-weight: inherit; font-stretch: inherit; font-size: inherit; line-height: inherit;\" height=\"23\">KHE.108<\/td>\n<td class=\"xl64\" style=\"border: rgba(0, 0, 0, 0.0784314); font-style: inherit; font-variant: inherit; font-weight: inherit; font-stretch: inherit; font-size: inherit; line-height: inherit;\">5\u2033<\/td>\n<\/tr>\n<tr style=\"height: 17.0pt; font-style: inherit; font-variant: inherit; font-weight: inherit; font-stretch: inherit; font-size: inherit; line-height: inherit;\">\n<td class=\"xl64\" style=\"height: 17.0pt; border: rgba(0, 0, 0, 0.0784314); font-style: inherit; font-variant: inherit; font-weight: inherit; font-stretch: inherit; font-size: inherit; line-height: inherit; background: rgba(0, 0, 0, 0.00784314);\" height=\"23\">KHE.109<\/td>\n<td class=\"xl64\" style=\"border: rgba(0, 0, 0, 0.0784314); font-style: inherit; font-variant: inherit; font-weight: inherit; font-stretch: inherit; font-size: inherit; line-height: inherit; background: rgba(0, 0, 0, 0.00784314);\">6\u201d<\/td>\n<\/tr>\n<\/tbody>\n<\/table>\n\n\t\t<\/div> \n\t<\/div> <\/div><\/div><div class=\"wpb_column vc_column_container vc_col-sm-4\"><div class=\"wpb_wrapper\"><\/div><\/div><\/div>\n","protected":false},"excerpt":{"rendered":"\u041d\u0438\u043f\u043f\u0435\u043b\u044c \u0434\u043b\u044f \u043c\u0443\u0444\u0442\u044b","protected":false},"author":1,"featured_media":0,"parent":0,"menu_order":0,"comment_status":"open","ping_status":"open","template":"","meta":{"footnotes":""},"_links":{"self":[{"href":"http:\/\/simatlas.com.tr\/ru\/wp-json\/wp\/v2\/pages\/1215"}],"collection":[{"href":"http:\/\/simatlas.com.tr\/ru\/wp-json\/wp\/v2\/pages"}],"about":[{"href":"http:\/\/simatlas.com.tr\/ru\/wp-json\/wp\/v2\/types\/page"}],"author":[{"embeddable":true,"href":"http:\/\/simatlas.com.tr\/ru\/wp-json\/wp\/v2\/users\/1"}],"replies":[{"embeddable":true,"href":"http:\/\/simatlas.com.tr\/ru\/wp-json\/wp\/v2\/comments?post=1215"}],"version-history":[{"count":2,"href":"http:\/\/simatlas.com.tr\/ru\/wp-json\/wp\/v2\/pages\/1215\/revisions"}],"predecessor-version":[{"id":1217,"href":"http:\/\/simatlas.com.tr\/ru\/wp-json\/wp\/v2\/pages\/1215\/revisions\/1217"}],"wp:attachment":[{"href":"http:\/\/simatlas.com.tr\/ru\/wp-json\/wp\/v2\/media?parent=1215"}],"curies":[{"name":"wp","href":"https:\/\/api.w.org\/{rel}","templated":true}]}}