{"id":1212,"date":"2016-04-09T08:32:02","date_gmt":"2016-04-09T08:32:02","guid":{"rendered":"http:\/\/simatlas.com.tr\/ru\/t-type-hose-mender\/"},"modified":"2016-04-16T06:57:13","modified_gmt":"2016-04-16T06:57:13","slug":"%d1%82-%d0%be%d0%b1%d1%80%d0%b0%d0%b7%d0%bd%d0%b0%d1%8f-%d0%bc%d1%83%d1%84%d1%82%d0%b0","status":"publish","type":"page","link":"http:\/\/simatlas.com.tr\/ru\/%d1%82-%d0%be%d0%b1%d1%80%d0%b0%d0%b7%d0%bd%d0%b0%d1%8f-%d0%bc%d1%83%d1%84%d1%82%d0%b0\/","title":{"rendered":"\u0422- \u043e\u0431\u0440\u0430\u0437\u043d\u0430\u044f  \u043c\u0443\u0444\u0442\u0430"},"content":{"rendered":"<div class=\"vc_row wpb_row vc_row-fluid\"><div class=\"wpb_column vc_column_container vc_col-sm-12\"><div class=\"wpb_wrapper\"><h2 style=\"text-align: center;font-family:Abril Fatface;font-weight:;font-style:\" class=\"vc_custom_heading\">\u0422- \u043e\u0431\u0440\u0430\u0437\u043d\u0430\u044f \u043c\u0443\u0444\u0442\u0430<\/h2><\/div><\/div><\/div><div class=\"vc_row wpb_row vc_row-fluid\"><div class=\"wpb_column vc_column_container vc_col-sm-6\"><div class=\"wpb_wrapper\">\n\t<div class=\"wpb_gallery wpb_content_element vc_clearfix\">\n\t\t<div class=\"wpb_wrapper\"><div class=\"wpb_gallery_slides wpb_flexslider flexslider_fade flexslider\" data-interval=\"3\" data-flex_fx=\"fade\"><ul class=\"slides\"><li><a class=\"prettyphoto\" href=\"http:\/\/simatlas.com.tr\/wp-content\/uploads\/2016\/03\/Ekran-Resmi-2016-03-23-13.54.12.png\" rel=\"prettyPhoto[rel-1212-206076853]\"><img loading=\"lazy\" decoding=\"async\" class=\"\" src=\"http:\/\/simatlas.com.tr\/wp-content\/uploads\/2016\/03\/Ekran-Resmi-2016-03-23-13.54.12.png\" width=\"280\" height=\"248\" alt=\"Ekran Resmi 2016-03-23 13.54.12\" title=\"Ekran Resmi 2016-03-23 13.54.12\"\" \/><\/a><\/li><li><a class=\"prettyphoto\" href=\"http:\/\/simatlas.com.tr\/wp-content\/uploads\/2016\/03\/Ekran-Resmi-2016-03-23-13.54.17.png\" rel=\"prettyPhoto[rel-1212-206076853]\"><img loading=\"lazy\" decoding=\"async\" class=\"\" src=\"http:\/\/simatlas.com.tr\/wp-content\/uploads\/2016\/03\/Ekran-Resmi-2016-03-23-13.54.17.png\" width=\"295\" height=\"242\" alt=\"Ekran Resmi 2016-03-23 13.54.17\" title=\"Ekran Resmi 2016-03-23 13.54.17\"\" \/><\/a><\/li><\/ul><\/div>\n\t\t<\/div> \n\t<\/div> <\/div><\/div><div class=\"wpb_column vc_column_container vc_col-sm-6\"><div class=\"wpb_wrapper\">\n\t<div class=\"wpb_text_column wpb_content_element \">\n\t\t<div class=\"wpb_wrapper\">\n\t\t\t<p><strong>\u041a\u0440\u0430\u0442\u043a\u043e\u0435 \u043e\u043f\u0438\u0441\u0430\u043d\u0438\u0435<\/strong><br \/>\n\u041d\u0430\u0437\u0432\u0430\u043d\u0438\u0435 \u043c\u043e\u0434\u0435\u043b\u0438: \u0422- \u043e\u0431\u0440\u0430\u0437\u043d\u0430\u044f \u00a0\u043c\u0443\u0444\u0442\u0430<br \/>\n\u041d\u0430\u0437\u0432\u0430\u043d\u0438\u0435 \u0444\u0438\u0440\u043c\u044b-\u043f\u0440\u043e\u0438\u0437\u0432\u043e\u0434\u0438\u0442\u0435\u043b\u044f: Simatlas Metal Tekstil \u0130thalat \u0130hracat San.Tic Ltd.\u015eti<br \/>\n\u0410\u0440\u0442\u0438\u043a\u0443\u043b \u043c\u043e\u0434\u0435\u043b\u0438: KTH.101- 111<br \/>\n\u041d\u0430\u0438\u043c\u0435\u043d\u043e\u0432\u0430\u043d\u0438\u0435 \u0431\u0440\u0435\u043d\u0434\u0430: Kalkan<\/p>\n\n\t\t<\/div> \n\t<\/div> \t<div class=\"vc_btn3-container vc_btn3-inline\"><a class=\"vc_general vc_btn3 vc_btn3-size-md vc_btn3-shape-rounded vc_btn3-style-3d vc_btn3-color-grey\" href=\"http:\/\/simatlas.com.tr\/ru\/kontakty\/\" title=\"\" target=\"_self\">\u0424\u043e\u0440\u043c\u0430 \u043f\u0440\u0435\u0434\u043b\u043e\u0436\u0435\u043d\u0438\u0435<\/a><\/div><\/div><\/div><\/div><div class=\"vc_row wpb_row vc_row-fluid\"><div class=\"wpb_column vc_column_container vc_col-sm-4\"><div class=\"wpb_wrapper\"><\/div><\/div><div class=\"wpb_column vc_column_container vc_col-sm-4\"><div class=\"wpb_wrapper\">\n\t<div class=\"wpb_text_column wpb_content_element  vc_custom_1458734042617\">\n\t\t<div class=\"wpb_wrapper\">\n\t\t\t<table width=\"162\">\n<tbody>\n<tr>\n<td width=\"91\"><strong>KODU<\/strong><\/td>\n<td width=\"71\"><strong>EBAT<\/strong><\/td>\n<\/tr>\n<tr>\n<td>KTH.101<\/td>\n<td>6 mm<\/td>\n<\/tr>\n<tr>\n<td>KTH.102<\/td>\n<td>7 mm<\/td>\n<\/tr>\n<tr>\n<td>KTH.103<\/td>\n<td>8 mm<\/td>\n<\/tr>\n<tr>\n<td>KTH.104<\/td>\n<td>9 mm<\/td>\n<\/tr>\n<tr>\n<td>KTH.105<\/td>\n<td>10 mm<\/td>\n<\/tr>\n<tr>\n<td>KTH.106<\/td>\n<td>11 mm<\/td>\n<\/tr>\n<tr>\n<td>KTH.107<\/td>\n<td>12 mm<\/td>\n<\/tr>\n<tr>\n<td>KTH.108<\/td>\n<td>13 mm<\/td>\n<\/tr>\n<tr>\n<td>KTH.109<\/td>\n<td>14 mm<\/td>\n<\/tr>\n<tr>\n<td>KTH.110<\/td>\n<td>16 mm<\/td>\n<\/tr>\n<tr>\n<td>KTH.111<\/td>\n<td>19 mm<\/td>\n<\/tr>\n<\/tbody>\n<\/table>\n\n\t\t<\/div> \n\t<\/div> <\/div><\/div><div class=\"wpb_column vc_column_container vc_col-sm-4\"><div class=\"wpb_wrapper\"><\/div><\/div><\/div>\n","protected":false},"excerpt":{"rendered":"\u0422- \u043e\u0431\u0440\u0430\u0437\u043d\u0430\u044f \u043c\u0443\u0444\u0442\u0430 \u041a\u0440\u0430\u0442\u043a\u043e\u0435 \u043e\u043f\u0438\u0441\u0430\u043d\u0438\u0435 \u041d\u0430\u0437\u0432\u0430\u043d\u0438\u0435 \u043c\u043e\u0434\u0435\u043b\u0438: \u0422- \u043e\u0431\u0440\u0430\u0437\u043d\u0430\u044f \u00a0\u043c\u0443\u0444\u0442\u0430 \u041d\u0430\u0437\u0432\u0430\u043d\u0438\u0435 \u0444\u0438\u0440\u043c\u044b-\u043f\u0440\u043e\u0438\u0437\u0432\u043e\u0434\u0438\u0442\u0435\u043b\u044f: Simatlas Metal Tekstil \u0130thalat \u0130hracat San.Tic Ltd.\u015eti \u0410\u0440\u0442\u0438\u043a\u0443\u043b \u043c\u043e\u0434\u0435\u043b\u0438: KTH.101- 111 \u041d\u0430\u0438\u043c\u0435\u043d\u043e\u0432\u0430\u043d\u0438\u0435 \u0431\u0440\u0435\u043d\u0434\u0430: Kalkan<span class=\"excerpt-hellip\"> [\u2026]<\/span>","protected":false},"author":1,"featured_media":0,"parent":0,"menu_order":0,"comment_status":"open","ping_status":"open","template":"","meta":{"footnotes":""},"_links":{"self":[{"href":"http:\/\/simatlas.com.tr\/ru\/wp-json\/wp\/v2\/pages\/1212"}],"collection":[{"href":"http:\/\/simatlas.com.tr\/ru\/wp-json\/wp\/v2\/pages"}],"about":[{"href":"http:\/\/simatlas.com.tr\/ru\/wp-json\/wp\/v2\/types\/page"}],"author":[{"embeddable":true,"href":"http:\/\/simatlas.com.tr\/ru\/wp-json\/wp\/v2\/users\/1"}],"replies":[{"embeddable":true,"href":"http:\/\/simatlas.com.tr\/ru\/wp-json\/wp\/v2\/comments?post=1212"}],"version-history":[{"count":2,"href":"http:\/\/simatlas.com.tr\/ru\/wp-json\/wp\/v2\/pages\/1212\/revisions"}],"predecessor-version":[{"id":1214,"href":"http:\/\/simatlas.com.tr\/ru\/wp-json\/wp\/v2\/pages\/1212\/revisions\/1214"}],"wp:attachment":[{"href":"http:\/\/simatlas.com.tr\/ru\/wp-json\/wp\/v2\/media?parent=1212"}],"curies":[{"name":"wp","href":"https:\/\/api.w.org\/{rel}","templated":true}]}}