{"id":526,"date":"2015-10-05T13:43:52","date_gmt":"2015-10-05T13:43:52","guid":{"rendered":"http:\/\/simatlas.com.tr\/en\/?page_id=526"},"modified":"2015-10-05T13:43:52","modified_gmt":"2015-10-05T13:43:52","slug":"u-type-long-clamp-capped","status":"publish","type":"page","link":"http:\/\/simatlas.com.tr\/en\/u-type-long-clamp-capped\/","title":{"rendered":"U Type Long Clamp Capped"},"content":{"rendered":"<div class=\"vc_row wpb_row vc_row-fluid\"><div class=\"wpb_column vc_column_container vc_col-sm-12\"><div class=\"wpb_wrapper\"><h2 style=\"text-align: center;font-family:Abril Fatface;font-weight:400;font-style:normal\" class=\"vc_custom_heading\">U Type Long Clamp Capped<\/h2><\/div><\/div><\/div><div class=\"vc_row wpb_row vc_row-fluid\"><div class=\"wpb_column vc_column_container vc_col-sm-6\"><div class=\"wpb_wrapper\">\n\t<div class=\"wpb_gallery wpb_content_element vc_clearfix\">\n\t\t<div class=\"wpb_wrapper\"><div class=\"wpb_gallery_slides wpb_flexslider flexslider_fade flexslider\" data-interval=\"3\" data-flex_fx=\"fade\"><ul class=\"slides\"><li><a class=\"prettyphoto\" href=\"http:\/\/simatlas.com.tr\/wp-content\/uploads\/2015\/10\/U-tipi-kelep\u00e7e-1.jpg\" rel=\"prettyPhoto[rel-526-1930072164]\"><img loading=\"lazy\" decoding=\"async\" class=\"\" src=\"http:\/\/simatlas.com.tr\/wp-content\/uploads\/2015\/10\/U-tipi-kelep\u00e7e-1-400x250.jpg\" width=\"400\" height=\"250\" alt=\"U tipi kelep\u00e7e (1)\" title=\"U tipi kelep\u00e7e (1)\"\" \/><\/a><\/li><li><a class=\"prettyphoto\" href=\"http:\/\/simatlas.com.tr\/wp-content\/uploads\/2015\/10\/U-tipi-kelep\u00e7e-3.jpg\" rel=\"prettyPhoto[rel-526-1930072164]\"><img loading=\"lazy\" decoding=\"async\" class=\"\" src=\"http:\/\/simatlas.com.tr\/wp-content\/uploads\/2015\/10\/U-tipi-kelep\u00e7e-3-400x250.jpg\" width=\"400\" height=\"250\" alt=\"U tipi kelep\u00e7e (3)\" title=\"U tipi kelep\u00e7e (3)\"\" \/><\/a><\/li><li><a class=\"prettyphoto\" href=\"http:\/\/simatlas.com.tr\/wp-content\/uploads\/2015\/10\/U-tipi-kelep\u00e7e-2.jpg\" rel=\"prettyPhoto[rel-526-1930072164]\"><img loading=\"lazy\" decoding=\"async\" class=\"\" src=\"http:\/\/simatlas.com.tr\/wp-content\/uploads\/2015\/10\/U-tipi-kelep\u00e7e-2-400x250.jpg\" width=\"400\" height=\"250\" alt=\"U tipi kelep\u00e7e (2)\" title=\"U tipi kelep\u00e7e (2)\"\" \/><\/a><\/li><\/ul><\/div>\n\t\t<\/div> \n\t<\/div> <\/div><\/div><div class=\"wpb_column vc_column_container vc_col-sm-6\"><div class=\"wpb_wrapper\">\n\t<div class=\"wpb_text_column wpb_content_element \">\n\t\t<div class=\"wpb_wrapper\">\n\t\t\t<p><strong>\u00dcr\u00fcn Detay\u0131<br \/>\n<\/strong>Model Name: U Type Clamp<br \/>\nPlace Of Origin: \u0130stanbul-Turkey<br \/>\nManufacturer: Simatlas Metal Tekstil \u0130thalat \u0130hracat San.Tic.Ltd.Sti<br \/>\nModel No: Kau.107-112<br \/>\nBrand Name: Kalkan<\/p>\n<p><strong>Specifications<\/strong><br \/>\nMaterial: Galvanized \u0130ron<br \/>\nColor: Galvanized Plated<br \/>\nCommon Bandwith: M 6 \u2013 M 12<br \/>\nPackaging Details: 1 Outer Box \u0130nside Plastic Bags<\/p>\n\n\t\t<\/div> \n\t<\/div> \t<div class=\"vc_btn3-container vc_btn3-inline\"><a class=\"vc_general vc_btn3 vc_btn3-size-md vc_btn3-shape-rounded vc_btn3-style-3d vc_btn3-color-grey\" href=\"http:\/\/simatlas.com.tr\/en\/contact\/\" title=\"\" target=\"_self\">Proposal Form<\/a><\/div><\/div><\/div><\/div><div class=\"vc_row wpb_row vc_row-fluid\"><div class=\"wpb_column vc_column_container vc_col-sm-12\"><div class=\"wpb_wrapper\">\n\t<div class=\"wpb_text_column wpb_content_element  vc_custom_1444052064829\">\n\t\t<div class=\"wpb_wrapper\">\n\t\t\t<table width=\"891\">\n<tbody>\n<tr>\n<td width=\"144\"><strong>NOM\u0130NAL<\/strong><\/td>\n<td width=\"195\"><strong>O.D.OF P\u0130PE\/<\/strong><\/td>\n<td width=\"77\"><strong>\u00a0<\/strong><\/td>\n<td width=\"134\"><strong>\u015eAPKA<\/strong><\/td>\n<td width=\"112\"><strong>BOLT<\/strong><\/td>\n<td width=\"158\"><strong>D\u0130\u015e<\/strong><\/td>\n<td width=\"71\"><strong>\u00a0<\/strong><\/td>\n<\/tr>\n<tr>\n<td><strong>P\u0130PE<\/strong><\/td>\n<td><strong>HOSE\/TUBE<\/strong><\/td>\n<td><strong>\u00a0<\/strong><\/td>\n<td><strong>KALINLIK<\/strong><\/td>\n<td><strong>METR\u0130C<\/strong><\/td>\n<td><strong>UZUNLU\u011eU<\/strong><\/td>\n<td><strong>BOY<\/strong><\/td>\n<\/tr>\n<tr>\n<td><strong>\u0130NCH<\/strong><\/td>\n<td><strong>MM<\/strong><\/td>\n<td><strong>c<\/strong><\/td>\n<td><strong>\u00a0<\/strong><\/td>\n<td><strong>M<\/strong><\/td>\n<td><strong>B<\/strong><\/td>\n<td><strong>H<\/strong><\/td>\n<\/tr>\n<tr>\n<td>1 \/ 2&#8243;<\/td>\n<td>21..3<\/td>\n<td>24<\/td>\n<td>1,50 mm<\/td>\n<td>8<\/td>\n<td>50<\/td>\n<td>80<\/td>\n<\/tr>\n<tr>\n<td>3\/4&#8243;<\/td>\n<td>26..9<\/td>\n<td>30<\/td>\n<td>1.50 mm<\/td>\n<td>8<\/td>\n<td>50<\/td>\n<td>90<\/td>\n<\/tr>\n<tr>\n<td>1&#8243;<\/td>\n<td>33,7<\/td>\n<td>37<\/td>\n<td>2.00 mm<\/td>\n<td>8<\/td>\n<td>55<\/td>\n<td>100<\/td>\n<\/tr>\n<tr>\n<td>1 1\/4&#8243;<\/td>\n<td>42,4<\/td>\n<td>46<\/td>\n<td>2.00 mm<\/td>\n<td>8<\/td>\n<td>60<\/td>\n<td>110<\/td>\n<\/tr>\n<tr>\n<td>1 1\/2&#8243;<\/td>\n<td>48,3<\/td>\n<td>52<\/td>\n<td>2.00 mm<\/td>\n<td>8<\/td>\n<td>70<\/td>\n<td>120<\/td>\n<\/tr>\n<tr>\n<td>2&#8243;<\/td>\n<td>60,3<\/td>\n<td>64<\/td>\n<td>2.20 mm<\/td>\n<td>8<\/td>\n<td>75<\/td>\n<td>130<\/td>\n<\/tr>\n<\/tbody>\n<\/table>\n\n\t\t<\/div> \n\t<\/div> <\/div><\/div><\/div>\n","protected":false},"excerpt":{"rendered":"U Type Long Clamp Capped","protected":false},"author":1,"featured_media":0,"parent":0,"menu_order":0,"comment_status":"open","ping_status":"open","template":"","meta":{"footnotes":""},"_links":{"self":[{"href":"http:\/\/simatlas.com.tr\/en\/wp-json\/wp\/v2\/pages\/526"}],"collection":[{"href":"http:\/\/simatlas.com.tr\/en\/wp-json\/wp\/v2\/pages"}],"about":[{"href":"http:\/\/simatlas.com.tr\/en\/wp-json\/wp\/v2\/types\/page"}],"author":[{"embeddable":true,"href":"http:\/\/simatlas.com.tr\/en\/wp-json\/wp\/v2\/users\/1"}],"replies":[{"embeddable":true,"href":"http:\/\/simatlas.com.tr\/en\/wp-json\/wp\/v2\/comments?post=526"}],"version-history":[{"count":1,"href":"http:\/\/simatlas.com.tr\/en\/wp-json\/wp\/v2\/pages\/526\/revisions"}],"predecessor-version":[{"id":527,"href":"http:\/\/simatlas.com.tr\/en\/wp-json\/wp\/v2\/pages\/526\/revisions\/527"}],"wp:attachment":[{"href":"http:\/\/simatlas.com.tr\/en\/wp-json\/wp\/v2\/media?parent=526"}],"curies":[{"name":"wp","href":"https:\/\/api.w.org\/{rel}","templated":true}]}}