{"id":336,"date":"2015-09-16T09:59:07","date_gmt":"2015-09-16T09:59:07","guid":{"rendered":"http:\/\/simatlas.com.tr\/en\/?page_id=336"},"modified":"2015-09-16T10:00:00","modified_gmt":"2015-09-16T10:00:00","slug":"e-type-ays-camlock","status":"publish","type":"page","link":"http:\/\/simatlas.com.tr\/en\/e-type-ays-camlock\/","title":{"rendered":"E Type Ays Camlock"},"content":{"rendered":"<div class=\"vc_row wpb_row vc_row-fluid\"><div class=\"wpb_column vc_column_container vc_col-sm-12\"><div class=\"wpb_wrapper\"><h2 style=\"text-align: center;font-family:Abril Fatface;font-weight:400;font-style:normal\" class=\"vc_custom_heading\">E Type Ays Camlock<\/h2><\/div><\/div><\/div><div class=\"vc_row wpb_row vc_row-fluid\"><div class=\"wpb_column vc_column_container vc_col-sm-6\"><div class=\"wpb_wrapper\">\n\t<div class=\"wpb_gallery wpb_content_element vc_clearfix\">\n\t\t<div class=\"wpb_wrapper\"><div class=\"wpb_gallery_slides wpb_flexslider flexslider_fade flexslider\" data-interval=\"3\" data-flex_fx=\"fade\"><ul class=\"slides\"><li><a class=\"prettyphoto\" href=\"http:\/\/simatlas.com.tr\/wp-content\/uploads\/2015\/09\/E-Tipi-Ays-Camlock-Simatlas-4.jpg\" rel=\"prettyPhoto[rel-336-1079812229]\"><img loading=\"lazy\" decoding=\"async\" class=\"\" src=\"http:\/\/simatlas.com.tr\/wp-content\/uploads\/2015\/09\/E-Tipi-Ays-Camlock-Simatlas-4-399x250.jpg\" width=\"399\" height=\"250\" alt=\"E Tipi Ays Camlock Simatlas (4)\" title=\"E Tipi Ays Camlock Simatlas (4)\"\" \/><\/a><\/li><li><a class=\"prettyphoto\" href=\"http:\/\/simatlas.com.tr\/wp-content\/uploads\/2015\/09\/E-Tipi-Ays-Camlock-Simatlas-1.jpg\" rel=\"prettyPhoto[rel-336-1079812229]\"><img loading=\"lazy\" decoding=\"async\" class=\"\" src=\"http:\/\/simatlas.com.tr\/wp-content\/uploads\/2015\/09\/E-Tipi-Ays-Camlock-Simatlas-1-399x250.jpg\" width=\"399\" height=\"250\" alt=\"E Tipi Ays Camlock Simatlas (1)\" title=\"E Tipi Ays Camlock Simatlas (1)\"\" \/><\/a><\/li><li><a class=\"prettyphoto\" href=\"http:\/\/simatlas.com.tr\/wp-content\/uploads\/2015\/09\/E-Tipi-Ays-Camlock-Simatlas-2.jpg\" rel=\"prettyPhoto[rel-336-1079812229]\"><img loading=\"lazy\" decoding=\"async\" class=\"\" src=\"http:\/\/simatlas.com.tr\/wp-content\/uploads\/2015\/09\/E-Tipi-Ays-Camlock-Simatlas-2-400x250.jpg\" width=\"400\" height=\"250\" alt=\"E Tipi Ays Camlock Simatlas (2)\" title=\"E Tipi Ays Camlock Simatlas (2)\"\" \/><\/a><\/li><li><a class=\"prettyphoto\" href=\"http:\/\/simatlas.com.tr\/wp-content\/uploads\/2015\/09\/E-Tipi-Ays-Camlock-Simatlas-3.jpg\" rel=\"prettyPhoto[rel-336-1079812229]\"><img loading=\"lazy\" decoding=\"async\" class=\"\" src=\"http:\/\/simatlas.com.tr\/wp-content\/uploads\/2015\/09\/E-Tipi-Ays-Camlock-Simatlas-3-399x250.jpg\" width=\"399\" height=\"250\" alt=\"E Tipi Ays Camlock Simatlas (3)\" title=\"E Tipi Ays Camlock Simatlas (3)\"\" \/><\/a><\/li><\/ul><\/div>\n\t\t<\/div> \n\t<\/div> <\/div><\/div><div class=\"wpb_column vc_column_container vc_col-sm-6\"><div class=\"wpb_wrapper\">\n\t<div class=\"wpb_text_column wpb_content_element \">\n\t\t<div class=\"wpb_wrapper\">\n\t\t\t<p><strong>Quick Details<br \/>\n<\/strong>Model Name: E Type Ays Camlock<br \/>\nPlace Of Origin: \u0130stanbul-Turkey<br \/>\nManufacturer: Simatlas Metal Tekstil \u0130thalat \u0130hracat San.Tic.Ltd.Sti<br \/>\nModel No: Kce.101-109<br \/>\nBrand Name: Ays<\/p>\n<p><strong>Specifications<br \/>\n<\/strong>Material: Aluminium<br \/>\nColor: Aluminium<br \/>\nPackaging Details: Outer Box \u0130nside 24-100 Peace<\/p>\n\n\t\t<\/div> \n\t<\/div> \t<div class=\"vc_btn3-container vc_btn3-inline\"><a class=\"vc_general vc_btn3 vc_btn3-size-md vc_btn3-shape-rounded vc_btn3-style-3d vc_btn3-color-grey\" href=\"http:\/\/simatlas.com.tr\/en\/contact\/\" title=\"\" target=\"_self\">Proposal Form<\/a><\/div><\/div><\/div><\/div><div class=\"vc_row wpb_row vc_row-fluid\"><div class=\"wpb_column vc_column_container vc_col-sm-12\"><div class=\"wpb_wrapper\">\n\t<div class=\"wpb_text_column wpb_content_element  vc_custom_1442395895635\">\n\t\t<div class=\"wpb_wrapper\">\n\t\t\t<table width=\"230\">\n<tbody>\n<tr>\n<td width=\"76\"><strong>KODU<\/strong><\/td>\n<td width=\"70\"><strong>EBAT<\/strong><\/td>\n<td width=\"84\"><strong>KUTU \u0130\u00c7 AD.<\/strong><\/td>\n<\/tr>\n<tr>\n<td>KCE.101<\/td>\n<td>1\/2 &#8221;<\/td>\n<td>100<\/td>\n<\/tr>\n<tr>\n<td>KCE.102<\/td>\n<td>3\/4 &#8221;<\/td>\n<td>100<\/td>\n<\/tr>\n<tr>\n<td>KCE.103<\/td>\n<td>1 &#8221;<\/td>\n<td>100<\/td>\n<\/tr>\n<tr>\n<td>KCE.104<\/td>\n<td>1 1\/4 &#8221;<\/td>\n<td>100<\/td>\n<\/tr>\n<tr>\n<td>KCE.105<\/td>\n<td>1\u00a0 1\/2 &#8221;<\/td>\n<td>72<\/td>\n<\/tr>\n<tr>\n<td>KCE.106<\/td>\n<td>2 &#8221;<\/td>\n<td>72<\/td>\n<\/tr>\n<tr>\n<td>KCE.107<\/td>\n<td>2\u00a0 1\/2 &#8221;<\/td>\n<td>48<\/td>\n<\/tr>\n<tr>\n<td>KCE.108<\/td>\n<td>3 &#8221;<\/td>\n<td>36<\/td>\n<\/tr>\n<tr>\n<td>KCE.109<\/td>\n<td>4 &#8221;<\/td>\n<td>24<\/td>\n<\/tr>\n<\/tbody>\n<\/table>\n\n\t\t<\/div> \n\t<\/div> <\/div><\/div><\/div>\n","protected":false},"excerpt":{"rendered":"E Type Ays Camlock Quick Details Model Name: E Type Ays Camlock Place Of Origin: \u0130stanbul-Turkey Manufacturer: Simatlas Metal Tekstil \u0130thalat \u0130hracat San.Tic.Ltd.Sti Model No: Kce.101-109<span class=\"excerpt-hellip\"> [\u2026]<\/span>","protected":false},"author":1,"featured_media":0,"parent":0,"menu_order":0,"comment_status":"open","ping_status":"open","template":"","meta":{"footnotes":""},"_links":{"self":[{"href":"http:\/\/simatlas.com.tr\/en\/wp-json\/wp\/v2\/pages\/336"}],"collection":[{"href":"http:\/\/simatlas.com.tr\/en\/wp-json\/wp\/v2\/pages"}],"about":[{"href":"http:\/\/simatlas.com.tr\/en\/wp-json\/wp\/v2\/types\/page"}],"author":[{"embeddable":true,"href":"http:\/\/simatlas.com.tr\/en\/wp-json\/wp\/v2\/users\/1"}],"replies":[{"embeddable":true,"href":"http:\/\/simatlas.com.tr\/en\/wp-json\/wp\/v2\/comments?post=336"}],"version-history":[{"count":2,"href":"http:\/\/simatlas.com.tr\/en\/wp-json\/wp\/v2\/pages\/336\/revisions"}],"predecessor-version":[{"id":338,"href":"http:\/\/simatlas.com.tr\/en\/wp-json\/wp\/v2\/pages\/336\/revisions\/338"}],"wp:attachment":[{"href":"http:\/\/simatlas.com.tr\/en\/wp-json\/wp\/v2\/media?parent=336"}],"curies":[{"name":"wp","href":"https:\/\/api.w.org\/{rel}","templated":true}]}}