{"id":318,"date":"2015-09-16T09:06:26","date_gmt":"2015-09-16T09:06:26","guid":{"rendered":"http:\/\/simatlas.com.tr\/en\/?page_id=318"},"modified":"2015-09-16T09:07:04","modified_gmt":"2015-09-16T09:07:04","slug":"c-type-ays-camlock","status":"publish","type":"page","link":"http:\/\/simatlas.com.tr\/en\/c-type-ays-camlock\/","title":{"rendered":"C Type Ays Camlock"},"content":{"rendered":"<div class=\"vc_row wpb_row vc_row-fluid\"><div class=\"wpb_column vc_column_container vc_col-sm-12\"><div class=\"wpb_wrapper\"><h2 style=\"text-align: center;font-family:Abril Fatface;font-weight:400;font-style:normal\" class=\"vc_custom_heading\">C Type Ays Camlock<\/h2><\/div><\/div><\/div><div class=\"vc_row wpb_row vc_row-fluid\"><div class=\"wpb_column vc_column_container vc_col-sm-6\"><div class=\"wpb_wrapper\">\n\t<div class=\"wpb_gallery wpb_content_element vc_clearfix\">\n\t\t<div class=\"wpb_wrapper\"><div class=\"wpb_gallery_slides wpb_flexslider flexslider_fade flexslider\" data-interval=\"3\" data-flex_fx=\"fade\"><ul class=\"slides\"><li><a class=\"prettyphoto\" href=\"http:\/\/simatlas.com.tr\/wp-content\/uploads\/2015\/09\/082.jpg\" rel=\"prettyPhoto[rel-318-465004855]\"><img loading=\"lazy\" decoding=\"async\" class=\"\" src=\"http:\/\/simatlas.com.tr\/wp-content\/uploads\/2015\/09\/082-400x250.jpg\" width=\"400\" height=\"250\" alt=\"082\" title=\"082\"\" \/><\/a><\/li><li><a class=\"prettyphoto\" href=\"http:\/\/simatlas.com.tr\/wp-content\/uploads\/2015\/09\/081.jpg\" rel=\"prettyPhoto[rel-318-465004855]\"><img loading=\"lazy\" decoding=\"async\" class=\"\" src=\"http:\/\/simatlas.com.tr\/wp-content\/uploads\/2015\/09\/081-400x250.jpg\" width=\"400\" height=\"250\" alt=\"081\" title=\"081\"\" \/><\/a><\/li><li><a class=\"prettyphoto\" href=\"http:\/\/simatlas.com.tr\/wp-content\/uploads\/2015\/09\/080.jpg\" rel=\"prettyPhoto[rel-318-465004855]\"><img loading=\"lazy\" decoding=\"async\" class=\"\" src=\"http:\/\/simatlas.com.tr\/wp-content\/uploads\/2015\/09\/080-399x250.jpg\" width=\"399\" height=\"250\" alt=\"080\" title=\"080\"\" \/><\/a><\/li><li><a class=\"prettyphoto\" href=\"http:\/\/simatlas.com.tr\/wp-content\/uploads\/2015\/09\/079.jpg\" rel=\"prettyPhoto[rel-318-465004855]\"><img loading=\"lazy\" decoding=\"async\" class=\"\" src=\"http:\/\/simatlas.com.tr\/wp-content\/uploads\/2015\/09\/079-400x250.jpg\" width=\"400\" height=\"250\" alt=\"079\" title=\"079\"\" \/><\/a><\/li><li><a class=\"prettyphoto\" href=\"http:\/\/simatlas.com.tr\/wp-content\/uploads\/2015\/09\/083.jpg\" rel=\"prettyPhoto[rel-318-465004855]\"><img loading=\"lazy\" decoding=\"async\" class=\"\" src=\"http:\/\/simatlas.com.tr\/wp-content\/uploads\/2015\/09\/083-400x250.jpg\" width=\"400\" height=\"250\" alt=\"083\" title=\"083\"\" \/><\/a><\/li><li><a class=\"prettyphoto\" href=\"http:\/\/simatlas.com.tr\/wp-content\/uploads\/2015\/09\/084.jpg\" rel=\"prettyPhoto[rel-318-465004855]\"><img loading=\"lazy\" decoding=\"async\" class=\"\" src=\"http:\/\/simatlas.com.tr\/wp-content\/uploads\/2015\/09\/084-400x250.jpg\" width=\"400\" height=\"250\" alt=\"084\" title=\"084\"\" \/><\/a><\/li><\/ul><\/div>\n\t\t<\/div> \n\t<\/div> <\/div><\/div><div class=\"wpb_column vc_column_container vc_col-sm-6\"><div class=\"wpb_wrapper\">\n\t<div class=\"wpb_text_column wpb_content_element \">\n\t\t<div class=\"wpb_wrapper\">\n\t\t\t<p><strong>Quick Details<br \/>\n<\/strong>Model Name: C Type Ays Camlock<br \/>\nPlace Of Origin: \u0130stanbul-Turkey<br \/>\nManufacturer: Simatlas Metal Tekstil \u0130thalat \u0130hracat San.Tic.Ltd.Sti<br \/>\nModel No: Kcc.101-109<br \/>\nBrand Name: Ays<\/p>\n<p><strong>Specifications<br \/>\n<\/strong>Material: Aluminium<br \/>\nColor: Aluminium<br \/>\nPackaging Details: Outer Box \u0130nside 24-100 Peace<\/p>\n\n\t\t<\/div> \n\t<\/div> \t<div class=\"vc_btn3-container vc_btn3-inline\"><a class=\"vc_general vc_btn3 vc_btn3-size-md vc_btn3-shape-rounded vc_btn3-style-3d vc_btn3-color-grey\" href=\"http:\/\/simatlas.com.tr\/en\/contact\/\" title=\"\" target=\"_self\">Proposal Form<\/a><\/div><\/div><\/div><\/div><div class=\"vc_row wpb_row vc_row-fluid\"><div class=\"wpb_column vc_column_container vc_col-sm-12\"><div class=\"wpb_wrapper\">\n\t<div class=\"wpb_text_column wpb_content_element  vc_custom_1442394380012\">\n\t\t<div class=\"wpb_wrapper\">\n\t\t\t<table width=\"230\">\n<tbody>\n<tr>\n<td width=\"76\"><strong>CODE<\/strong><\/td>\n<td width=\"70\"><strong>SIZE<\/strong><\/td>\n<td width=\"84\"><strong>IDEM OF BOX<\/strong><\/td>\n<\/tr>\n<tr>\n<td>KCC.101<\/td>\n<td>1\/2 &#8221;<\/td>\n<td>100<\/td>\n<\/tr>\n<tr>\n<td>KCC.102<\/td>\n<td>3\/4 &#8221;<\/td>\n<td>100<\/td>\n<\/tr>\n<tr>\n<td>KCC.103<\/td>\n<td>1 &#8221;<\/td>\n<td>100<\/td>\n<\/tr>\n<tr>\n<td>KCC.104<\/td>\n<td>1 1\/4 &#8221;<\/td>\n<td>100<\/td>\n<\/tr>\n<tr>\n<td>KCC.105<\/td>\n<td>1\u00a0 1\/2 &#8221;<\/td>\n<td>72<\/td>\n<\/tr>\n<tr>\n<td>KCC.106<\/td>\n<td>2 &#8221;<\/td>\n<td>72<\/td>\n<\/tr>\n<tr>\n<td>KCC.107<\/td>\n<td>2\u00a0 1\/2 &#8221;<\/td>\n<td>48<\/td>\n<\/tr>\n<tr>\n<td>KCC.108<\/td>\n<td>3 &#8221;<\/td>\n<td>36<\/td>\n<\/tr>\n<tr>\n<td>KCC.109<\/td>\n<td>4 &#8221;<\/td>\n<td>24<\/td>\n<\/tr>\n<\/tbody>\n<\/table>\n\n\t\t<\/div> \n\t<\/div> <\/div><\/div><\/div>\n","protected":false},"excerpt":{"rendered":"C Type Ays Camlock Quick Details Model Name: C Type Ays Camlock Place Of Origin: \u0130stanbul-Turkey Manufacturer: Simatlas Metal Tekstil \u0130thalat \u0130hracat San.Tic.Ltd.Sti Model No: Kcc.101-109<span class=\"excerpt-hellip\"> [\u2026]<\/span>","protected":false},"author":1,"featured_media":0,"parent":0,"menu_order":0,"comment_status":"open","ping_status":"open","template":"","meta":{"footnotes":""},"_links":{"self":[{"href":"http:\/\/simatlas.com.tr\/en\/wp-json\/wp\/v2\/pages\/318"}],"collection":[{"href":"http:\/\/simatlas.com.tr\/en\/wp-json\/wp\/v2\/pages"}],"about":[{"href":"http:\/\/simatlas.com.tr\/en\/wp-json\/wp\/v2\/types\/page"}],"author":[{"embeddable":true,"href":"http:\/\/simatlas.com.tr\/en\/wp-json\/wp\/v2\/users\/1"}],"replies":[{"embeddable":true,"href":"http:\/\/simatlas.com.tr\/en\/wp-json\/wp\/v2\/comments?post=318"}],"version-history":[{"count":2,"href":"http:\/\/simatlas.com.tr\/en\/wp-json\/wp\/v2\/pages\/318\/revisions"}],"predecessor-version":[{"id":320,"href":"http:\/\/simatlas.com.tr\/en\/wp-json\/wp\/v2\/pages\/318\/revisions\/320"}],"wp:attachment":[{"href":"http:\/\/simatlas.com.tr\/en\/wp-json\/wp\/v2\/media?parent=318"}],"curies":[{"name":"wp","href":"https:\/\/api.w.org\/{rel}","templated":true}]}}