{"id":281,"date":"2015-08-29T10:04:51","date_gmt":"2015-08-29T10:04:51","guid":{"rendered":"http:\/\/simatlas.com.tr\/en\/?page_id=281"},"modified":"2015-12-01T07:32:29","modified_gmt":"2015-12-01T07:32:29","slug":"referanslarimiz","status":"publish","type":"page","link":"http:\/\/simatlas.com.tr\/en\/referanslarimiz\/","title":{"rendered":"Referanslar\u0131m\u0131z"},"content":{"rendered":"<h3 style=\"text-align: center;\">Di\u011fer Referanslar\u0131m\u0131z<\/h3>\n<p style=\"text-align: center;\">Alper Teknik H\u0131rdavat \/ Adana<br \/>\nAyata\u00a0\u0130nsaat \/ K\u0131r\u0131kkale<br \/>\nEser Ziraai Aletler A.\u015e \/ Malatya<br \/>\nG\u00fcrse End\u00fcstriyel Yedek Par\u00e7a \/ Kayseri<br \/>\nSavrano\u011fullar\u0131 \/ Mersin<br \/>\nSami Alemdar \/ Manisa<\/p>\n","protected":false},"excerpt":{"rendered":"<p>Di\u011fer Referanslar\u0131m\u0131z Alper Teknik H\u0131rdavat \/ Adana Ayata\u00a0\u0130nsaat \/ K\u0131r\u0131kkale Eser Ziraai Aletler A.\u015e \/ Malatya G\u00fcrse End\u00fcstriyel Yedek Par\u00e7a \/ Kayseri Savrano\u011fullar\u0131 \/ Mersin Sami<span class=\"excerpt-hellip\"> [\u2026]<\/span><\/p>\n","protected":false},"author":1,"featured_media":0,"parent":0,"menu_order":0,"comment_status":"open","ping_status":"open","template":"","meta":{"footnotes":""},"_links":{"self":[{"href":"http:\/\/simatlas.com.tr\/en\/wp-json\/wp\/v2\/pages\/281"}],"collection":[{"href":"http:\/\/simatlas.com.tr\/en\/wp-json\/wp\/v2\/pages"}],"about":[{"href":"http:\/\/simatlas.com.tr\/en\/wp-json\/wp\/v2\/types\/page"}],"author":[{"embeddable":true,"href":"http:\/\/simatlas.com.tr\/en\/wp-json\/wp\/v2\/users\/1"}],"replies":[{"embeddable":true,"href":"http:\/\/simatlas.com.tr\/en\/wp-json\/wp\/v2\/comments?post=281"}],"version-history":[{"count":6,"href":"http:\/\/simatlas.com.tr\/en\/wp-json\/wp\/v2\/pages\/281\/revisions"}],"predecessor-version":[{"id":920,"href":"http:\/\/simatlas.com.tr\/en\/wp-json\/wp\/v2\/pages\/281\/revisions\/920"}],"wp:attachment":[{"href":"http:\/\/simatlas.com.tr\/en\/wp-json\/wp\/v2\/media?parent=281"}],"curies":[{"name":"wp","href":"https:\/\/api.w.org\/{rel}","templated":true}]}}