{"id":1090,"date":"2016-04-09T08:32:02","date_gmt":"2016-04-09T08:32:02","guid":{"rendered":"http:\/\/simatlas.com.tr\/en\/t-hortum-eki\/"},"modified":"2016-04-09T08:36:52","modified_gmt":"2016-04-09T08:36:52","slug":"t-type-hose-mender","status":"publish","type":"page","link":"http:\/\/simatlas.com.tr\/en\/t-type-hose-mender\/","title":{"rendered":"T Type Hose Mender"},"content":{"rendered":"<div class=\"vc_row wpb_row vc_row-fluid\"><div class=\"wpb_column vc_column_container vc_col-sm-12\"><div class=\"wpb_wrapper\"><h2 style=\"text-align: center;font-family:Abril Fatface;font-weight:;font-style:\" class=\"vc_custom_heading\">T Type Hose Mender<\/h2><\/div><\/div><\/div><div class=\"vc_row wpb_row vc_row-fluid\"><div class=\"wpb_column vc_column_container vc_col-sm-6\"><div class=\"wpb_wrapper\">\n\t<div class=\"wpb_gallery wpb_content_element vc_clearfix\">\n\t\t<div class=\"wpb_wrapper\"><div class=\"wpb_gallery_slides wpb_flexslider flexslider_fade flexslider\" data-interval=\"3\" data-flex_fx=\"fade\"><ul class=\"slides\"><li><a class=\"prettyphoto\" href=\"http:\/\/simatlas.com.tr\/wp-content\/uploads\/2016\/03\/Ekran-Resmi-2016-03-23-13.54.12.png\" rel=\"prettyPhoto[rel-1090-408430427]\"><img loading=\"lazy\" decoding=\"async\" class=\"\" src=\"http:\/\/simatlas.com.tr\/wp-content\/uploads\/2016\/03\/Ekran-Resmi-2016-03-23-13.54.12.png\" width=\"280\" height=\"248\" alt=\"Ekran Resmi 2016-03-23 13.54.12\" title=\"Ekran Resmi 2016-03-23 13.54.12\"\" \/><\/a><\/li><li><a class=\"prettyphoto\" href=\"http:\/\/simatlas.com.tr\/wp-content\/uploads\/2016\/03\/Ekran-Resmi-2016-03-23-13.54.17.png\" rel=\"prettyPhoto[rel-1090-408430427]\"><img loading=\"lazy\" decoding=\"async\" class=\"\" src=\"http:\/\/simatlas.com.tr\/wp-content\/uploads\/2016\/03\/Ekran-Resmi-2016-03-23-13.54.17.png\" width=\"295\" height=\"242\" alt=\"Ekran Resmi 2016-03-23 13.54.17\" title=\"Ekran Resmi 2016-03-23 13.54.17\"\" \/><\/a><\/li><\/ul><\/div>\n\t\t<\/div> \n\t<\/div> <\/div><\/div><div class=\"wpb_column vc_column_container vc_col-sm-6\"><div class=\"wpb_wrapper\">\n\t<div class=\"wpb_text_column wpb_content_element \">\n\t\t<div class=\"wpb_wrapper\">\n\t\t\t<p><strong>Quick Details<\/strong><br \/>\nModel Name: T Type Hose Mender<br \/>\nManufacturer: Simatlas Metal Tekstil \u0130thalat \u0130hracat San.Tic Ltd.\u015eti<br \/>\nModel no: KTH.101- 111<br \/>\nBrand Name: Kalkan<\/p>\n\n\t\t<\/div> \n\t<\/div> \t<div class=\"vc_btn3-container vc_btn3-inline\"><a class=\"vc_general vc_btn3 vc_btn3-size-md vc_btn3-shape-rounded vc_btn3-style-3d vc_btn3-color-grey\" href=\"http:\/\/simatlas.com.tr\/en\/contact\/\" title=\"\" target=\"_self\">Order form<\/a><\/div><\/div><\/div><\/div><div class=\"vc_row wpb_row vc_row-fluid\"><div class=\"wpb_column vc_column_container vc_col-sm-4\"><div class=\"wpb_wrapper\"><\/div><\/div><div class=\"wpb_column vc_column_container vc_col-sm-4\"><div class=\"wpb_wrapper\">\n\t<div class=\"wpb_text_column wpb_content_element  vc_custom_1458734042617\">\n\t\t<div class=\"wpb_wrapper\">\n\t\t\t<table width=\"162\">\n<tbody>\n<tr>\n<td width=\"91\"><strong>KODU<\/strong><\/td>\n<td width=\"71\"><strong>EBAT<\/strong><\/td>\n<\/tr>\n<tr>\n<td>KTH.101<\/td>\n<td>6 mm<\/td>\n<\/tr>\n<tr>\n<td>KTH.102<\/td>\n<td>7 mm<\/td>\n<\/tr>\n<tr>\n<td>KTH.103<\/td>\n<td>8 mm<\/td>\n<\/tr>\n<tr>\n<td>KTH.104<\/td>\n<td>9 mm<\/td>\n<\/tr>\n<tr>\n<td>KTH.105<\/td>\n<td>10 mm<\/td>\n<\/tr>\n<tr>\n<td>KTH.106<\/td>\n<td>11 mm<\/td>\n<\/tr>\n<tr>\n<td>KTH.107<\/td>\n<td>12 mm<\/td>\n<\/tr>\n<tr>\n<td>KTH.108<\/td>\n<td>13 mm<\/td>\n<\/tr>\n<tr>\n<td>KTH.109<\/td>\n<td>14 mm<\/td>\n<\/tr>\n<tr>\n<td>KTH.110<\/td>\n<td>16 mm<\/td>\n<\/tr>\n<tr>\n<td>KTH.111<\/td>\n<td>19 mm<\/td>\n<\/tr>\n<\/tbody>\n<\/table>\n\n\t\t<\/div> \n\t<\/div> <\/div><\/div><div class=\"wpb_column vc_column_container vc_col-sm-4\"><div class=\"wpb_wrapper\"><\/div><\/div><\/div>\n","protected":false},"excerpt":{"rendered":"T Type Hose Mender Quick Details Model Name: T Type Hose Mender Manufacturer: Simatlas Metal Tekstil \u0130thalat \u0130hracat San.Tic Ltd.\u015eti Model no: KTH.101- 111 Brand Name:<span class=\"excerpt-hellip\"> [\u2026]<\/span>","protected":false},"author":1,"featured_media":0,"parent":0,"menu_order":0,"comment_status":"open","ping_status":"open","template":"","meta":{"footnotes":""},"_links":{"self":[{"href":"http:\/\/simatlas.com.tr\/en\/wp-json\/wp\/v2\/pages\/1090"}],"collection":[{"href":"http:\/\/simatlas.com.tr\/en\/wp-json\/wp\/v2\/pages"}],"about":[{"href":"http:\/\/simatlas.com.tr\/en\/wp-json\/wp\/v2\/types\/page"}],"author":[{"embeddable":true,"href":"http:\/\/simatlas.com.tr\/en\/wp-json\/wp\/v2\/users\/1"}],"replies":[{"embeddable":true,"href":"http:\/\/simatlas.com.tr\/en\/wp-json\/wp\/v2\/comments?post=1090"}],"version-history":[{"count":3,"href":"http:\/\/simatlas.com.tr\/en\/wp-json\/wp\/v2\/pages\/1090\/revisions"}],"predecessor-version":[{"id":1093,"href":"http:\/\/simatlas.com.tr\/en\/wp-json\/wp\/v2\/pages\/1090\/revisions\/1093"}],"wp:attachment":[{"href":"http:\/\/simatlas.com.tr\/en\/wp-json\/wp\/v2\/media?parent=1090"}],"curies":[{"name":"wp","href":"https:\/\/api.w.org\/{rel}","templated":true}]}}